{"id":9999,"date":"2025-02-09T12:53:03","date_gmt":"2025-02-09T11:53:03","guid":{"rendered":"https:\/\/www.koalacreek.info\/koala-creek-daktent-teide-140l-v2-ranger-groen\/"},"modified":"2026-03-29T09:46:46","modified_gmt":"2026-03-29T07:46:46","slug":"koala-creek-teide-140l-v2-softcover-dachzelt-ranger-gruen","status":"publish","type":"page","link":"https:\/\/www.koalacreek.info\/de\/koala-creek-teide-140l-v2-softcover-dachzelt-ranger-gruen\/","title":{"rendered":"KOALA CREEK\u00ae TEIDE 140L-V2 softcover Dachzelt Ranger Gr\u00fcn"},"content":{"rendered":"<div class=\"wpb-content-wrapper\"><p>[vc_row gap=&#8221;10&#8243; content_placement=&#8221;top&#8221;][vc_column width=&#8221;1\/2&#8243;][vc_images_carousel images=&#8221;8204,10435,10437,10441,10443,10439,10445,10453,10455,10451,10449,10447,10431,4760,10457,5268,5764&#8243; img_size=&#8221;500&#215;500&#8243; wrap=&#8221;yes&#8221;][\/vc_column][vc_column width=&#8221;1\/2&#8243;][vc_column_text]<\/p>\n<h2>KOALA CREEK\u00ae TEIDE 140L-V2 softcover Dachzelt Ranger Gr\u00fcn<\/h2>\n<p><span style=\"font-size: 12pt;\"><i class=\"fas fa-check\" style=\"color: #ffa500;\"><\/i> FRID coating: DUNKEL!<br \/>\n<i class=\"fas fa-check\" style=\"color: #ffa500;\"><\/i> Matratzenma\u00df ca. 140 x 240 cm.<br \/>\n<i class=\"fas fa-check\" style=\"color: #ffa500;\"><\/i> Innerhalb 5 Minuten Schlafbereit.<br \/>\n<i class=\"fas fa-check\" style=\"color: #ffa500;\"><\/i> Wasser und stoffdicht aufbewahren.<br \/>\n<i class=\"fas fa-check\" style=\"color: #ffa500;\"><\/i> Mit \u00fcberarbeite Schwarze Leiter.<br \/>\n<i class=\"fas fa-check\" style=\"color: #ffa500;\"><\/i> 2 Jahre Garantie.<\/span>[\/vc_column_text][vc_row_inner equal_height=&#8221;yes&#8221; gap=&#8221;5&#8243;][vc_column_inner width=&#8221;1\/2&#8243;][vc_column_text]<span style=\"font-size: 18.6667px;\"><b>Informiere bitte bei einen Koala Creek <span style=\"color: #3366ff;\"><a style=\"color: #3366ff;\" href=\"https:\/\/www.koalacreek.info\/de\/haendler\/\" target=\"_blank\" rel=\"noopener\">H\u00e4ndler\u00a0<\/a><\/span><br \/>\nf\u00fcr deinen besten Preiss.<\/b><\/span>[\/vc_column_text][\/vc_column_inner][vc_column_inner width=&#8221;1\/2&#8243;][\/vc_column_inner][\/vc_row_inner][\/vc_column][\/vc_row][vc_row][vc_column][vc_tta_tabs active_section=&#8221;1&#8243;][vc_tta_section title=&#8221;Beschreibung&#8221; tab_id=&#8221;1543671476182-8cf7c1ef-6ab5&#8243;][vc_column_text]<\/p>\n<h2><span style=\"color: #ff6600; font-size: 18pt;\"><em><strong><span style=\"font-size: 18pt;\"><span style=\"color: #ff6600;\">Koala Creek\u00ae <\/span><\/span>YOUR ADVENTURE STARTS HERE!<br \/>\n<\/strong><\/em><\/span><span style=\"font-size: 14pt;\"><strong>KOALA CREEK\u00ae TEIDE 140L-V2 softcover Dachzelt Ranger Gr\u00fcn. Matratze ca. 140 x 240 cm.<\/strong><\/span><\/h2>\n<p>Artikelnummer: R17:KC140LRV2<\/p>\n<h3><span style=\"font-size: 12pt;\"><strong><u>Matratze<\/u><\/strong><\/span><\/h3>\n<p>Die komfortabele Matratze ist ca. 140 cm. breit, 240 cm. lang und ca. 6 cm. dick. Hergestellt mit Europ\u00e4ischen Ma\u00dfst\u00e4ben f\u00fcr einen komfortabelen Schlafplatz. Um die Matratze herum ist eine wasserdichte H\u00fclle, einfach abnehmbar und waschbar. In einer k\u00fchlen oder feuchten Umgebung ist eine optionelle Anti-kondens Matte unter der Matratze empfehlenswert.<\/p>\n<h3><span style=\"font-size: 12pt;\"><strong><u>Stauraum<\/u><\/strong><\/span><\/h3>\n<p>Ein Koala Creek\u00ae Dachzelt hat 2 hohe XXL Hautpscharniere aus rostfreiem Stahl. H\u00f6her als bei vielen anderen Marken. Deshalb k\u00f6nnen die meisten Schlafsachen im eingeklappten Dachzelt liegen bleiben. Unter dem Cover Links und Rechts der Leiter ist noch mehr Stauraum. Es gibt auch noch praktische Zubeh\u00f6rpakete. In Kombination mit dem Dachzelt sehr g\u00fcnstig erh\u00e4ltlich als <strong><a href=\"https:\/\/www.koalacreek.info\/de\/produkte\/dachzelt-zubehoer\/\" target=\"_blank\" rel=\"noopener\">DELUX Paket<\/a><\/strong>.<\/p>\n<h3><span style=\"font-size: 12pt;\"><strong><u>Unterzelt<\/u><\/strong><\/span><\/h3>\n<p>Der Koala Creek \u00ae TEIDE ist das Ideale Dachzelt wenn du ein Unterzelt montieren m\u00f6chtest. Wir haben f\u00fcr dieses Dachzelt ein spezielles HD (gleichen Stoff als beim Dachzelt) Bodenzelt von 200 cm. hoch (mit 20 cm. h\u00f6henverstellung)\u00a0 vollwertig gro\u00dfes Unterzelt entwickelt. Mit ausnehmbaren Boden welcher under den gesamenten \u00fcberdachten Einstieg passt. Diese Unterzelte kannst du <strong><a href=\"https:\/\/www.koalacreek.info\/de\/produkte\/klappdachzelte\/unterzelte\/\" target=\"_blank\" rel=\"noopener\">hier<\/a><\/strong>finden.<\/p>\n<h3><span style=\"font-size: 12pt;\"><strong><u>Weitere Informationen<\/u><\/strong><\/span><\/h3>\n<p><span style=\"font-size: 14pt;\">Hier siehst du mehr Fotos von <strong><a href=\"https:\/\/www.koalacreek.info\/de\/schau-dir-unsere-dachzeltmodelle-an\/dachzelt-teide\/\">TEIDE<\/a><\/strong> Dachzelten.<\/span><\/p>\n<p>Nach dem Ankauf eines KOALA CREEK\u00ae Dachzelts, kannst du Mitglied werden vom <span style=\"font-size: 14pt;\"><strong><a href=\"https:\/\/www.facebook.com\/groups\/344757855871620\" target=\"_blank\" rel=\"noopener\">Koala Creek Owners Club<\/a><\/strong><\/span> auf Facebook,<br \/>\ndamit du informiert bleibst von allen neuen Entwicklungen, Campingswochenenden und mehr.[\/vc_column_text][\/vc_tta_section][vc_tta_section title=&#8221;Verwendung Dachzelt&#8221; tab_id=&#8221;1542227704614-40c57c7e-1b9c&#8221;][vc_column_text]<\/p>\n<h2><span style=\"color: #ff6600; font-size: 18pt;\"><em><strong><span style=\"font-size: 18pt;\"><span style=\"color: #ff6600;\">Koala Creek\u00ae <\/span><\/span>YOUR ADVENTURE STARTS HERE!<br \/>\n<\/strong><\/em><\/span><span style=\"font-size: 14pt;\"><strong>KOALA CREEK\u00ae TEIDE 140L-V2 softcover Dachzelt Ranger Gr\u00fcn. Matratze ca. 140 x 240 cm.<\/strong><\/span><\/h2>\n<p>Artikelnummer: R17:KC140LRV2<\/p>\n<h3><b><u><strong>Aufstellen des Dachzelts<\/strong><\/u><\/b><\/h3>\n<p>Greifen Sie die rote Schlaufe des Rei\u00dfverschlusses der Plane. Ziehen Sie den Rei\u00dfverschluss ab, entfalten Sie die Plane und rollen Sie sie auf. Sichern Sie sie mit den Spanngurten unter dem Boden. So ist sie nicht im Weg. Auf dem stabilen Tr\u00e4nenblechboden befindet sich die fest montierte 230 cm lange Teleskopleiter. Ziehen Sie diese heraus und benutzen Sie sie als Hebel, um das Dachzelt zu entfalten. Wichtig: Beide Bodenplatten greifen ineinander und sorgen f\u00fcr die Kraftverteilung. Machen Sie die Leiter so lang, dass sie in einem Winkel von etwa 70 Grad unter dem Boden steht. <u>Beachten Sie, dass die Leiter den Boden st\u00fctzen und nicht hochdr\u00fccken soll!<\/u> <a href=\"https:\/\/youtu.be\/ax5YH8f4uSs\"><b><u><strong>Video<\/strong><\/u><\/b><\/a><\/p>\n<h3><b><u><strong>Alles zur Hand<\/strong><\/u><\/b><\/h3>\n<p>In der praktischen Tasche unter dem Boden befinden sich die Fenster- und T\u00fcreinsteller.<\/p>\n<p>Bei diesem Koala Creek\u00ae Teide L nehmen Sie den verstellbaren U-B\u00fcgel unter dem Boden heraus und montieren ihn mit der verstellbaren Nockenspannstange im \u00fcberdachten Eingang. Steigen Sie die Leiter hoch. Rollen Sie die T\u00fcr und das dahinter liegende Netz auf und sichern Sie sie. Nun k\u00f6nnen Sie das Dachzelt betreten und die 4 Gummib\u00e4nder entfernen. Diese stecken Sie in eine der 4 praktischen Aufbewahrungstaschen. <b><u><strong>Tipp: <\/strong><\/u><\/b>Oben auf dem zusammengeklappten Dachzelt gibt es links und rechts von der Leiter (unter der Abdeckung) viel Platz, um u. a. deinen Schlafsack und dein Kissen (in einer Tasche) zu verstauen.<\/p>\n<h3><b><u><strong>Zusammenfalten des Dachzeltes<\/strong><\/u><\/b><\/h3>\n<p>Es ist am besten, das Dachzelt zuerst zu l\u00fcften und zu trocknen. Sie k\u00f6nnen es nass oder feucht zusammenlegen. Entfalten und l\u00fcften Sie es aber innerhalb von 24 Stunden. Je nach Ihrer Erfahrung dauert das Zusammenlegen 5-10 Minuten.<\/p>\n<h3><b><u><strong>Verwendung und Materialien<\/strong><\/u><\/b><\/h3>\n<p>Das Dachzelt ist absolut wasserdicht und die Au\u00dfenseite trocknet schnell. Der 300 gr\/m2 RipStop Polycotton (technische Baumwolle) Zeltstoff ist innen mit unserer speziellen dunklen, feuerfesten und k\u00fchlenden FRID-Beschichtung beschichtet. (Flame Retardant Inside Dark). Au\u00dferdem befindet sich \u00fcber dem Dachzelt ein \u00dcberzelt, das das Zelt k\u00fchl h\u00e4lt. Das Dachzelt ist innen v\u00f6llig dunkel, kann aber mit dem optionalen dimmbaren 12-Volt-LED-Universalschlauch beleuchtet werden. Im Dach befindet sich der TAF: Top Air Flow. Wenn es sehr hei\u00df ist, k\u00f6nnen Sie dieses Fenster nachts f\u00fcr eine zus\u00e4tzliche Bel\u00fcftung \u00f6ffnen. Dieses Fenster verf\u00fcgt \u00fcber ein PBM-Netz zum Schutz vor Insekten, das sich aufklappen l\u00e4sst. Wenn Sie dieses PBM-Netz vollst\u00e4ndig \u00f6ffnen und das Au\u00dfenzelt teilweise wegklappen, k\u00f6nnen Sie einen hohen Aussichtspunkt genie\u00dfen.<\/p>\n<h3><b><u><strong>Ansicht<\/strong><\/u><\/b><\/h3>\n<p>Trotz der Beschichtung und des Au\u00dfenzeltes ist es m\u00f6glich, nach drau\u00dfen zu schauen. Sie k\u00f6nnen die Fenstermarkisen aufrollen und befestigen. Dann k\u00f6nnen Sie perfekt nach drau\u00dfen sehen. Sie k\u00f6nnen alle Fenster- und T\u00fcrklappen aufrollen. So haben Sie eine \u00d6ffnung in alle 4 Richtungen. Diese 4 \u00d6ffnungen sind mit einem offenen Rei\u00dfverschluss aus BPM (Black Privacy Mesh) Insektengaze versehen. Die Fenster und T\u00fcren haben YKK-Rei\u00dfverschl\u00fcsse und k\u00f6nnen aufgerollt und mit Klickschnallen gesichert werden. Als zus\u00e4tzliche Bel\u00fcftung gibt es <em>2 extra ger\u00e4umige Bel\u00fcftungs\u00f6ffnungen<\/em> mit Mesh-Schutz im oberen Teil des Dachzeltes.<\/p>\n<h3><b><u><strong>Gest\u00e4nge<\/strong><\/u><\/b><\/h3>\n<p>Alle Koala Creek\u00ae-Dachzelte haben extradicke (25 mm) Aluminiumrohrrahmen mit Metallscharnieren. Die Rahmenrohre sind mit Abdeckungen versehen, um Kondensation zu verhindern. Durch die rechteckige Form des Gest\u00e4nges haben Sie ein Maximum an Platz im Innenraum.<\/p>\n<h3><b><u><strong>Aufbewahrung des Dachzelts<\/strong><\/u><\/b><\/h3>\n<p>Das Dachzelt wird auf einem praktischen Wagen geliefert, der sich zu Hause leicht verstauen l\u00e4sst. Die robuste H\u00fclle sorgt f\u00fcr eine wasser- und staubdichte Aufbewahrung des Dachzeltes w\u00e4hrend der Reise. Daf\u00fcr sorgen der robuste Rei\u00dfverschluss und der angebrachte Sehnenschlitz.<\/p>\n<p>Viele Antworten auf Fragen finden Sie auf unserer <a href=\"https:\/\/www.koalacreek.info\/faq\/\"><b><strong>FAQ-Seite<\/strong><\/b><\/a>.[\/vc_column_text][vc_column_text][\/vc_column_text][\/vc_tta_section][vc_tta_section title=&#8221;Technische Beschreibung&#8221; tab_id=&#8221;1542227704614-94c2c83e-6334&#8243;][vc_column_text]<\/p>\n<h2><span style=\"color: #ff6600; font-size: 18pt;\"><em><strong><span style=\"font-size: 18pt;\"><span style=\"color: #ff6600;\">Koala Creek\u00ae <\/span><\/span>YOUR ADVENTURE STARTS HERE!<br \/>\n<\/strong><\/em><\/span><span style=\"font-size: 14pt;\"><strong>KOALA CREEK\u00ae TEIDE 140L-V2 softcover Dachzelt Ranger Gr\u00fcn. Matratze ca. 140 x 240 cm.<\/strong><\/span><\/h2>\n<p>Artikelnummer: R17:KC140LRV2<\/p>\n<h3><strong><u>Hauptma\u00dfe<\/u><\/strong><\/h3>\n<p>eingeklappt ca. 143 x 123 x 30 cm. (Inklusive XXL Scharniere, montierte Montagerails + Cover)<br \/>\nIn der Mitte ist das Dachzelt ca. 7 cm. dicker wegen der 230 cm. lange Teleskopleiter.<br \/>\nCa. 21 cm. Raum zwischen den eingeklappten B\u00f6den wegen den hohen XXL Scharnieren.<br \/>\nAusgeklappt und schlaffertig ca. 143 x 320 x 126 cm.<br \/>\nWirkliches gesamtgewicht \u2013 Masse ca. 58 Kg.<br \/>\nMontierbar ab 65 Kg Dachbelastung.<br \/>\nMaximale Totalbelastung ca. 300 kg.<br \/>\nEin Dachzelt f\u00fcr alle Jahreszeiten.<br \/>\nWird geliefert auf Rollkarre!<\/p>\n<h3><strong><u>Details make the difference<\/u><\/strong><\/h3>\n<p><strong>Boden:<\/strong>\u00a0ca. 25 mm. Dickes isoliertes Sandwichprofil mit Aluminium Riffelblech.<br \/>\n<strong>Aufbewahren:<\/strong>\u00a0Alle B\u00fcgel, Fensteraussteller und sonstiges sind in einem Sack unter dem Boden.<br \/>\n<strong>Leiter:<\/strong>\u00a0super einstellbare 230 cm. lange selbsteinfahrbare Aluminium Teleskopleiter.<br \/>\n<strong>Hauptscharniere:<\/strong>\u00a0extra hohe XXL Hauptscharniere aus rostfreiem Stahl. (H\u00f6he 21 cm.)<br \/>\nDadurch gibt es extra Stauraum f\u00fcr Schlafs\u00e4cke, Kissen etc. im eingeklappten Dachzelt.<br \/>\n<strong>Frame:<\/strong>\u00a025 mm. Aluminium Rohre mit Metallverbindungen und Antikondens H\u00fclsen.<br \/>\n<strong>Zelttuch:<\/strong> Ranger Gr\u00fcn 300 gr\/m2 RipStop polycotton. (Technische Baumwolle) mit FRID coating.<br \/>\n<strong>FRID:<\/strong>\u00a0Flame Retardant Inside Dark coating! Absolut dunkel im Dachzelt.<\/p>\n<p><strong>Schnallen:<\/strong>\u00a0Dort wo m\u00f6glich click in Schnallen anstatt Stabringe.<br \/>\n<strong>N\u00e4hte:<\/strong>\u00a0doppelt gen\u00e4ht und im inneren hot seal tape. (Wasserdicht)<br \/>\n<strong>Gummis:<\/strong>\u00a04 St\u00fcck die das Tuch zusammenziehen beim einklappen.<br \/>\n<strong>Rei\u00dfverschl\u00fcsse:<\/strong>\u00a0Alle verschl\u00fcsse in den 4 Fenstern und T\u00fcren sind von YKK mit extra Ziehlusche.<br \/>\n<strong>Insektengitter:<\/strong>\u00a0<strong>BPM<\/strong>\u00a0= Black Privacy Mesh in den 2 T\u00fcren und die 3 Fenster.<br \/>\n<strong>Ventilation 1:<\/strong>\u00a0Seitenfenstersch\u00fctze aufrollen f\u00fcr Ventilation oder Sterne schauen.<br \/>\n<strong>Ventilatie 2<\/strong>: 2 r\u00e4umliche \u00d6ffnungen an den Seiten \u00fcber den Fenstern.<\/p>\n<p><strong>Matratze:<\/strong>\u00a0ca. 140 x 240 x 6 cm memory foam in Eurp\u00e4ischer H\u00e4rte (SG33)<br \/>\nDie Matratze hat eine Polyesterh\u00fclle mit Rei\u00dfverschluss, einfach zu trocknen\/reinigen.<br \/>\n<strong>Flysheet:<\/strong>\u00a0Temperarurregulierende \u00dcberdachung aus 420D Polyester Tuch.<br \/>\n<strong>1:<\/strong>\u00a0isolerende Luftlage und<strong>2:<\/strong>\u00a0die Sonne scheint nicht direkt auf das Zelttuch.<br \/>\n<strong>Cover 1:\u00a0<\/strong>extra hohes schwarzes 680 gr\/m2 PVC LKW Planentuch.<br \/>\nUnter dem Cover links und rechts neben der Leiter extra Stauraum.<br \/>\n<strong>Cover 2:\u00a0<\/strong>Wasser en stoffdichter Verschluss en Rillenverbindung mit Boden.<br \/>\nSpezielle Verschlusskonstruktion f\u00fcr einfaches \u00f6ffnen und schlie\u00dfen.<\/p>\n<p><strong>Cover 3:<\/strong>An jeder Seite 2 verstellbare Nylon Click-in Schnallen<br \/>\nKeine Spannb\u00e4nder mit Metallverschl\u00fcssen die das Auto besch\u00e4digen.<br \/>\n<strong>Cover 4:\u00a0<\/strong>Cover aufgerollt befestigen an Bodenplatte.<br \/>\nJe nach Wahl an der vor- oder r\u00fcckseite vom Dachzelt.<br \/>\n<strong>Abspannlinien:<\/strong>\u00a0Gut sichtbare orangene Seile mit gro\u00dfen absteller.<br \/>\n<strong>Heringe:\u00a0<\/strong>extra langes und extra dickes galvanisiertes Stahl.<br \/>\n<strong>Montage:<\/strong>\u00a0Alle Montageteile sind aus rostfreiem Stahl.<br \/>\nDie Montageplatten passen auf Dachtr\u00e4gern bis 9 cm. breit.<br \/>\n<strong>Unterzelte:<\/strong>\u00a0F\u00fcr dieses Dachzelt sind diverse Modelle und Ma\u00dfe<br \/>\nverf\u00fcgbar f\u00fcr verschieden Unterzelte. Unter anderem auch das FREEDOM Seitenwand \u2013 Schutzdach.<\/p>\n<p>&nbsp;<\/p>\n<p><strong><em>DACHZELT AUS DER DOSE ENTNEHMEN, MONTIEREN, UND LOSFAHREN.<br \/>\nDu brauchst keine Leiter oder andere Sachen dazu zu kaufen!<\/em><\/strong>[\/vc_column_text][\/vc_tta_section][\/vc_tta_tabs][\/vc_column][\/vc_row]<\/p>\n<\/div>","protected":false},"excerpt":{"rendered":"<p>[vc_row gap=&#8221;10&#8243; content_placement=&#8221;top&#8221;][vc_column width=&#8221;1\/2&#8243;][vc_images_carousel images=&#8221;8204,10435,10437,10441,10443,10439,10445,10453,10455,10451,10449,10447,10431,4760,10457,5268,5764&#8243; img_size=&#8221;500&#215;500&#8243; wrap=&#8221;yes&#8221;][\/vc_column][vc_column width=&#8221;1\/2&#8243;][vc_column_text] KOALA CREEK\u00ae TEIDE 140L-V2 softcover Dachzelt Ranger Gr\u00fcn FRID coating: DUNKEL! Matratzenma\u00df ca. 140 x 240 cm. Innerhalb 5 Minuten Schlafbereit. Wasser und stoffdicht aufbewahren. Mit \u00fcberarbeite Schwarze Leiter. 2 Jahre Garantie.[\/vc_column_text][vc_row_inner equal_height=&#8221;yes&#8221; gap=&#8221;5&#8243;][vc_column_inner width=&#8221;1\/2&#8243;][vc_column_text]Informiere bitte bei einen Koala Creek H\u00e4ndler\u00a0 f\u00fcr deinen besten Preiss.[\/vc_column_text][\/vc_column_inner][vc_column_inner width=&#8221;1\/2&#8243;][\/vc_column_inner][\/vc_row_inner][\/vc_column][\/vc_row][vc_row][vc_column][vc_tta_tabs active_section=&#8221;1&#8243;][vc_tta_section<\/p>\n","protected":false},"author":2,"featured_media":9684,"parent":0,"menu_order":2,"comment_status":"closed","ping_status":"closed","template":"","meta":{"footnotes":""},"_links":{"self":[{"href":"https:\/\/www.koalacreek.info\/de\/wp-json\/wp\/v2\/pages\/9999"}],"collection":[{"href":"https:\/\/www.koalacreek.info\/de\/wp-json\/wp\/v2\/pages"}],"about":[{"href":"https:\/\/www.koalacreek.info\/de\/wp-json\/wp\/v2\/types\/page"}],"author":[{"embeddable":true,"href":"https:\/\/www.koalacreek.info\/de\/wp-json\/wp\/v2\/users\/2"}],"replies":[{"embeddable":true,"href":"https:\/\/www.koalacreek.info\/de\/wp-json\/wp\/v2\/comments?post=9999"}],"version-history":[{"count":9,"href":"https:\/\/www.koalacreek.info\/de\/wp-json\/wp\/v2\/pages\/9999\/revisions"}],"predecessor-version":[{"id":10978,"href":"https:\/\/www.koalacreek.info\/de\/wp-json\/wp\/v2\/pages\/9999\/revisions\/10978"}],"wp:featuredmedia":[{"embeddable":true,"href":"https:\/\/www.koalacreek.info\/de\/wp-json\/wp\/v2\/media\/9684"}],"wp:attachment":[{"href":"https:\/\/www.koalacreek.info\/de\/wp-json\/wp\/v2\/media?parent=9999"}],"curies":[{"name":"wp","href":"https:\/\/api.w.org\/{rel}","templated":true}]}}