{"id":9082,"date":"2024-04-15T10:26:33","date_gmt":"2024-04-15T08:26:33","guid":{"rendered":"https:\/\/www.koalacreek.info\/koala-creek-privasea-douche-toilet-omkleed-tent\/"},"modified":"2024-05-17T11:50:01","modified_gmt":"2024-05-17T09:50:01","slug":"koala-creek-privasea-dusche-toilette-umkleide-zelt","status":"publish","type":"page","link":"https:\/\/www.koalacreek.info\/de\/koala-creek-privasea-dusche-toilette-umkleide-zelt\/","title":{"rendered":"KOALA CREEK \u00ae PRIVASEA Dusche -Toilette &#8211; Umkleidezelt"},"content":{"rendered":"<div class=\"wpb-content-wrapper\"><p>[vc_row gap=&#8221;10&#8243; content_placement=&#8221;top&#8221;][vc_column width=&#8221;1\/2&#8243;][vc_images_carousel images=&#8221;9170,9168,9176,9174,9162,9164,9158,9160,9138,9142,9144,9148&#8243; img_size=&#8221;500&#215;500&#8243; wrap=&#8221;yes&#8221;][\/vc_column][vc_column width=&#8221;1\/2&#8243;][vc_column_text]<span style=\"font-size: 18pt;\"><strong>KOALA CREEK\u00ae PRIVASEA Duschzelt &#8211; Toilettenzelt &#8211; Umkleidezelt<\/strong><\/span><\/p>\n<p><span style=\"font-size: 12pt;\">Du m\u00f6chtest Duschen,<br \/>\n<span style=\"font-size: 12pt;\">oder ein Toiletraum,<br \/>\n<span style=\"font-size: 12pt;\">oder ein Umkleideraum haben?<\/span><\/span><\/span>[\/vc_column_text][vc_row_inner equal_height=&#8221;yes&#8221; gap=&#8221;5&#8243;][vc_column_inner width=&#8221;1\/2&#8243;][vc_column_text]<span style=\"font-size: 14pt;\"><strong>Empfohlener Verkaufspreis (inkl. MwSt., exkl. Versandkosten)<\/strong><\/span><\/p>\n<p><span style=\"font-size: 18pt;\"><strong>\u20ac 339,-<\/strong><\/span>[\/vc_column_text][\/vc_column_inner][vc_column_inner width=&#8221;1\/2&#8243;][vc_btn title=&#8221;Suche deinen H\u00e4ndler&#8221; style=&#8221;classic&#8221; color=&#8221;juicy-pink&#8221; link=&#8221;url:https%3A%2F%2Fwww.koalacreek.info%2Fde%2Fhaendler%2F|target:_blank|&#8221;][\/vc_column_inner][\/vc_row_inner][\/vc_column][\/vc_row][vc_row][vc_column][vc_column_text]<\/p>\n<p>[\/vc_column_text][\/vc_column][\/vc_row][vc_row][vc_column][vc_tta_tabs active_section=&#8221;1&#8243;][vc_tta_section title=&#8221;Beschreibung&#8221; tab_id=&#8221;1543671476182-8cf7c1ef-6ab5&#8243;][vc_column_text]<\/p>\n<h2><span style=\"color: #ff6600; font-size: 18pt;\"><em><strong><span style=\"font-size: 18pt;\"><span style=\"color: #ff6600;\">Koala Creek\u00ae <\/span><\/span>YOUR ADVENTURE STARTS HERE!<br \/>\n<\/strong><\/em><\/span><\/h2>\n<p><strong><span style=\"font-size: 18.0pt;\">KOALA CREEK\u00ae PRIVASEA Duschzelt &#8211; Toilettenzelt &#8211; Umkleidezelt<\/span><\/strong><\/p>\n<p>Artikelnummer: R43:KCDOUCHE<\/p>\n<p>&nbsp;<\/p>\n<p>Sie kommen gerade von einer Wanderung oder einer anderen Anstrengung zur\u00fcck und wollen schnell Duschen oder auf die Toilette gehen.<br \/>\nOder Sie wollen einfach nur sch\u00f6n duschen und sich am Morgen anziehen. Dann ist dieses Modell ideal!<\/p>\n<p>Einzigartiges und universelles graues <strong>KOALA CREEK\u00ae PRIVASEA Duschzelt &#8211; Toilettenzelt &#8211; Umkleidezelt.<\/strong><br \/>\nWie eine Markise hat es eine robuste Montagekonstruktion. Schnell aufgebaut und schnell wieder wegger\u00e4umt. Mit Beleuchtung und Dach.<\/p>\n<p>Mit einer H\u00f6he von ca. 200 cm und einem hohen vertikalen Frontrei\u00dfverschluss, leicht zu bedienen.<br \/>\nAuf der Autoseite befindet sich ein Rei\u00dfverschluss f\u00fcr den einfachen Zugang zu Kleidung und anderen Notwendigkeiten.<\/p>\n<p><strong>Es ist sehr einfach, ihn einsatzbereit zu machen:<\/strong><br \/>\n\u00d6ffnen Sie den Deckel, l\u00f6sen Sie 2 Klettverschl\u00fcsse, und die 4 W\u00e4nde kommen automatisch herunter.<br \/>\nSie \u00f6ffnen die 2 Arme und befestigen sie mit Hilfe von Verschlussclips.<br \/>\nIm Grunde genommen sind Sie nun bereit, das Zelt zu benutzen.<br \/>\nDie 4 mitgelieferten Heringe und Gummib\u00e4nder k\u00f6nnen Sie bei Bedarf an den Ecken befestigen.<br \/>\nWenn es dunkel wird, k\u00f6nnen Sie auch die 120 cm. LED-Beleuchtung mit USB-Anschluss verwenden.<br \/>\nSie k\u00f6nnen auch das feste und aufgerollte Dach \u00f6ffnen und es an den 2 Spanngurten befestigen.<br \/>\nWenn n\u00f6tig, k\u00f6nnen Sie den losen Boden auch auf den Boden legen.<br \/>\nAlles befindet sich unter der Abdeckung, einschlie\u00dflich der Tragetasche mit Zubeh\u00f6r!<\/p>\n<p><strong>Technische Daten:<\/strong><br \/>\n&#8211; Montage \u00fcber 2 mitgelieferte Edelstahl-L-Haken an einem Dachtr\u00e4ger oder Dachgep\u00e4cktr\u00e4ger (Befestigungsmaterial aus Edelstahl im Lieferumfang enthalten).<br \/>\n&#8211; Sie k\u00f6nnen die Einheit auch mit dem RacksBrax 8159 Markisen-Schnellmontageset schnell (de)montieren.<\/p>\n<p>Das Ganze hat die bekannte Koala Creek\u00ae-Qualit\u00e4t, und das Zelt ist mit starken Markenrei\u00dfverschl\u00fcssen ausgestattet.<br \/>\nAbmessungen Zelt (auf Aluminium-Montageplatte) ca. 100 x 14 x 14 cm. mit einem Gewicht von ca. 6 Kg.<br \/>\nDie Plane ist aus 420D RipStop Polyester und hat eine H\u00f6he von ca. 200 cm.<br \/>\nDieses Polyester ist robust und kann auch nass gelagert werden. (vorausgesetzt es trocknet innerhalb von 48 Stunden).<br \/>\nBodengr\u00f6\u00dfe (mit 4 Abspann\u00f6sen) ca. 90 x 100 cm.<\/p>\n<p>&nbsp;<\/p>\n<p>Nach dem Ankauf eines KOALA CREEK\u00ae Dachzelts, kannst du Mitglied werden vom <span style=\"font-size: 14pt;\"><strong><a href=\"https:\/\/www.facebook.com\/groups\/344757855871620\" target=\"_blank\" rel=\"noopener\">Koala Creek Owners Club<\/a><\/strong><\/span> auf Facebook,<br \/>\ndamit du informiert bleibst von allen neuen Entwicklungen, Campingswochenenden und mehr.[\/vc_column_text][\/vc_tta_section][\/vc_tta_tabs][\/vc_column][\/vc_row]<\/p>\n<\/div>","protected":false},"excerpt":{"rendered":"<p>[vc_row gap=&#8221;10&#8243; content_placement=&#8221;top&#8221;][vc_column width=&#8221;1\/2&#8243;][vc_images_carousel images=&#8221;9170,9168,9176,9174,9162,9164,9158,9160,9138,9142,9144,9148&#8243; img_size=&#8221;500&#215;500&#8243; wrap=&#8221;yes&#8221;][\/vc_column][vc_column width=&#8221;1\/2&#8243;][vc_column_text]KOALA CREEK\u00ae PRIVASEA Duschzelt &#8211; Toilettenzelt &#8211; Umkleidezelt Du m\u00f6chtest Duschen, oder ein Toiletraum, oder ein Umkleideraum haben?[\/vc_column_text][vc_row_inner equal_height=&#8221;yes&#8221; gap=&#8221;5&#8243;][vc_column_inner width=&#8221;1\/2&#8243;][vc_column_text]Empfohlener Verkaufspreis (inkl. MwSt., exkl. Versandkosten) \u20ac 339,-[\/vc_column_text][\/vc_column_inner][vc_column_inner width=&#8221;1\/2&#8243;][vc_btn title=&#8221;Suche deinen H\u00e4ndler&#8221; style=&#8221;classic&#8221; color=&#8221;juicy-pink&#8221; link=&#8221;url:https%3A%2F%2Fwww.koalacreek.info%2Fde%2Fhaendler%2F|target:_blank|&#8221;][\/vc_column_inner][\/vc_row_inner][\/vc_column][\/vc_row][vc_row][vc_column][vc_column_text] [\/vc_column_text][\/vc_column][\/vc_row][vc_row][vc_column][vc_tta_tabs active_section=&#8221;1&#8243;][vc_tta_section title=&#8221;Beschreibung&#8221; tab_id=&#8221;1543671476182-8cf7c1ef-6ab5&#8243;][vc_column_text] Koala Creek\u00ae YOUR ADVENTURE STARTS HERE! KOALA CREEK\u00ae PRIVASEA<\/p>\n","protected":false},"author":4,"featured_media":9168,"parent":0,"menu_order":2,"comment_status":"closed","ping_status":"closed","template":"","meta":{"footnotes":""},"_links":{"self":[{"href":"https:\/\/www.koalacreek.info\/de\/wp-json\/wp\/v2\/pages\/9082"}],"collection":[{"href":"https:\/\/www.koalacreek.info\/de\/wp-json\/wp\/v2\/pages"}],"about":[{"href":"https:\/\/www.koalacreek.info\/de\/wp-json\/wp\/v2\/types\/page"}],"author":[{"embeddable":true,"href":"https:\/\/www.koalacreek.info\/de\/wp-json\/wp\/v2\/users\/4"}],"replies":[{"embeddable":true,"href":"https:\/\/www.koalacreek.info\/de\/wp-json\/wp\/v2\/comments?post=9082"}],"version-history":[{"count":7,"href":"https:\/\/www.koalacreek.info\/de\/wp-json\/wp\/v2\/pages\/9082\/revisions"}],"predecessor-version":[{"id":9202,"href":"https:\/\/www.koalacreek.info\/de\/wp-json\/wp\/v2\/pages\/9082\/revisions\/9202"}],"wp:featuredmedia":[{"embeddable":true,"href":"https:\/\/www.koalacreek.info\/de\/wp-json\/wp\/v2\/media\/9168"}],"wp:attachment":[{"href":"https:\/\/www.koalacreek.info\/de\/wp-json\/wp\/v2\/media?parent=9082"}],"curies":[{"name":"wp","href":"https:\/\/api.w.org\/{rel}","templated":true}]}}