{"id":8811,"date":"2024-02-07T13:42:35","date_gmt":"2024-02-07T12:42:35","guid":{"rendered":"https:\/\/www.koalacreek.info\/?page_id=8811"},"modified":"2025-09-13T16:24:27","modified_gmt":"2025-09-13T14:24:27","slug":"koala-creek-roadtrip-130-hardcover-dachzelt","status":"publish","type":"page","link":"https:\/\/www.koalacreek.info\/de\/koala-creek-roadtrip-130-hardcover-dachzelt\/","title":{"rendered":"KOALA CREEK\u00ae ROADTRIP 130 HARDCOVER DACHZELT"},"content":{"rendered":"<div class=\"wpb-content-wrapper\"><p>[vc_row gap=&#8221;10&#8243; content_placement=&#8221;top&#8221;][vc_column width=&#8221;1\/2&#8243;][vc_images_carousel images=&#8221;9246&#8243; img_size=&#8221;500&#215;500&#8243; wrap=&#8221;yes&#8221;][\/vc_column][vc_column width=&#8221;1\/2&#8243;][vc_column_text]<\/p>\n<h2>KOALA CREEK\u00ae Roadtrip 130 Hardcover Dachzelte<\/h2>\n<p>&nbsp;<\/p>\n<p>\u221a FRID-Beschichtung: DUNKEL!<\/p>\n<p>\u221a\u00a0 Matratzengr\u00f6\u00dfe ca. 130 x 217 cm.<\/p>\n<p>\u221a\u00a0 Innerhalb von 1 Minute schlafbereit.<\/p>\n<p>\u221a\u00a0 Mit der Option Dachtr\u00e4ger.<\/p>\n<p>\u221a\u00a0 Das optonelle Vorzelt FREEDOM 400 kann direkt eingeschoben werden.<\/p>\n<p>\u221a 2 Jahre Garantie.<\/p>\n<p><span style=\"font-size: 14pt;\"><b><strong>Empfohlener Verkaufspreis (inkl. MwSt., exkl. Versand)<\/strong><\/b><\/span><\/p>\n<p><span style=\"font-size: 14pt;\"><b><strong>\u20ac 2389,-\u00a0 \u00a0 <span style=\"color: #ff0000;\">(Vorher \u20ac 2789.00)<\/span><\/strong><\/b><\/span><\/p>\n<p><span style=\"color: #0000ff; font-size: 18pt;\"><a style=\"color: #0000ff;\" href=\"https:\/\/www.koalacreek.info\/de\/haendler\/\" target=\"_blank\" rel=\"noopener\"><b>Finden Sie Ihren H\u00e4ndler<\/b><\/a><\/span>[\/vc_column_text][vc_row_inner equal_height=&#8221;yes&#8221; gap=&#8221;5&#8243;][vc_column_inner width=&#8221;1\/2&#8243;][vc_column_text][\/vc_column_text][\/vc_column_inner][vc_column_inner width=&#8221;1\/2&#8243;][\/vc_column_inner][\/vc_row_inner][\/vc_column][\/vc_row][vc_row][vc_column][vc_tta_tabs active_section=&#8221;1&#8243;][vc_tta_section title=&#8221;Beschreibung&#8221; tab_id=&#8221;1543671476182-8cf7c1ef-6ab5&#8243;][vc_column_text]<\/p>\n<h2><span style=\"color: #ff6600; font-size: 18pt;\"><em><strong><span style=\"font-size: 18pt;\"><span style=\"color: #ff6600;\">Koala Creek\u00ae <\/span><\/span>YOUR ADVENTURE STARTS HERE!<\/strong><\/em><\/span><\/h2>\n<h2><b><strong>KOALA CREEK\u00ae Roadtrip 130 Hardcover Dachzelt<\/strong><\/b><\/h2>\n<p>Artikelnummer R12:KCHCRT130<\/p>\n<p>Ein Hardcover-Dachzelt ist eine robuste und langlebige L\u00f6sung f\u00fcr das Camping an abenteuerlichen Orten. Diese Zelte sind f\u00fcr die Montage auf dem Dach von Fahrzeugen konzipiert und bieten einen komfortablen Schlafplatz, der vor den Elementen und unerw\u00fcnschten Besuchern auf dem Boden gesch\u00fctzt ist.<\/p>\n<p>Das Hauptmerkmal eines Hardcover-Dachzelts ist seine robuste Konstruktion. Diese Zelte werden aus hochwertigen Materialien wie Aluminium, faserverst\u00e4rktem Kunststoff und wasserdichten Stoffen hergestellt. Die harte Abdeckung dient als Schutzh\u00fclle w\u00e4hrend der Reise und l\u00e4sst sich mit Scharnieren und Verschl\u00fcssen \u00f6ffnen und schlie\u00dfen. Dadurch wird der Zugang zum Schlafbereich erleichtert und gleichzeitig ein solider Schutz geboten, wenn das Zelt nicht benutzt wird.<\/p>\n<p>Das Design der Hardcover-Dachzelte erm\u00f6glicht einen schnellen Aufbau. Sie lassen sich leicht zu einem festen Schlafplatz auf dem Fahrzeugdach ausklappen, ohne dass Stangen oder Heringe ben\u00f6tigt werden. Das macht sie ideal f\u00fcr Camper, die h\u00e4ufig den Standort wechseln oder an Orten campen wollen, an denen herk\u00f6mmliche Zelte nur schwer aufgebaut werden k\u00f6nnen, z. B. in felsigem Gel\u00e4nde oder auf sandigem Untergrund.<\/p>\n<p>Der Innenraum eines Hardcover-Dachzelts bietet in der Regel bequeme Matratzen und je nach Modell ausreichend Platz f\u00fcr ein bis vier Personen. Einige Zelte sind auch mit zus\u00e4tzlichen Funktionen wie eingebauten LED-Leuchten, Stauf\u00e4chern und Bel\u00fcftungs\u00f6ffnungen ausgestattet, um den Luftstrom zu regulieren und Kondensation zu verhindern.<\/p>\n<p>Auch die Sicherheit ist ein wichtiger Aspekt von Hardcover-Dachzelten. Sie verf\u00fcgen h\u00e4ufig \u00fcber robuste Verriegelungssysteme, die verhindern, dass sie sich w\u00e4hrend der Fahrt versehentlich \u00f6ffnen. Au\u00dferdem sind sie so konstruiert, dass sie windigen Bedingungen standhalten und Schutz vor Regen, Schnee und sogar Raubtieren bieten.[\/vc_column_text][\/vc_tta_section][vc_tta_section title=&#8221;Anwendung von Dachzelten&#8221; tab_id=&#8221;1542227704614-40c57c7e-1b9c&#8221;][vc_column_text]<\/p>\n<h2><span style=\"color: #ff6600; font-size: 18pt;\"><em><strong><span style=\"font-size: 18pt;\"><span style=\"color: #ff6600;\">Koala Creek\u00ae <\/span><\/span>YOUR ADVENTURE STARTS HERE!<\/strong><\/em><\/span><\/h2>\n<h2><b><strong>KOALA CREEK\u00ae Roadtrip 130 Hardcover Dachzelt<\/strong><\/b><\/h2>\n<p>Artikelnummer R12:KCHCRT130<\/p>\n<p><span style=\"font-size: 14pt; color: #000000;\"><b><em><strong>Sie kommen mit dem Koala Creek\u00ae Roadtrip 130 Dachzelt an dem Ort an, an dem Sie die Nacht verbringen werden und ebnen das Auto.<\/strong><\/em><\/b> <b><em><strong>Dann gen\u00fcgen ein paar Handgriffe und schon ist Ihr Bett schlafbereit!<\/strong><\/em><\/b> <b><em><strong>(innerhalb von 1 Minute)<\/strong><\/em><\/b><\/span><\/p>\n<p><span style=\"color: #000000;\">Zwischen der guten Matratze und dem Dachinneren ist nur wenig Platz. Denn dieses Dachzelt ist extrem niedrig (Dachzelt 15 cm. und Befestigungsprofile 2,5 cm. Also nur 17,5 cm. h\u00f6her als die Dachtr\u00e4ger), m\u00fcssen Sie die Schlafsachen und die Leiter im Auto mitnehmen.<\/span><\/p>\n<ol>\n<li><span style=\"color: #000000;\">Sie nehmen die Leiter, die Sie im Auto haben, aus der Tasche und montieren sie hinten oder an der Seite.<\/span><\/li>\n<li><span style=\"color: #000000;\">Sie \u00f6ffnen die 2 Schl\u00f6sser mit dem Schl\u00fcssel und klappen die Verschlussklammern auf.<\/span><\/li>\n<li><span style=\"color: #000000;\">Dr\u00fccken Sie einfach und das Dachzelt \u00f6ffnet sich ein St\u00fcck. In dieser Position entnimmt man die 2 Metallstangen aus der Aufbewahrungstasche \u00fcber der Heckt\u00fcr.<\/span><\/li>\n<li><span style=\"color: #000000;\">Das Gummiband, das die Plane zusammenh\u00e4lt, wenn das Zelt heruntergeklappt ist, h\u00e4ngen Sie um die Bodenplatte. Schieben Sie das Einziehband mit dem Griff in die Tasche, wo sich die Metallstangen befunden haben.<\/span><\/li>\n<li><span style=\"color: #000000;\">Du dr\u00fcckst wieder gegen die Dachplatte und das Dach faltet sich auf, bis es in der richtigen Position ist.<\/span><\/li>\n<li><span style=\"color: #000000;\">Sie befestigen die 2 Metallstangen unter dem Vorzelt (Au\u00dfenzelt) auf der R\u00fcckseite.<\/span><\/li>\n<li><span style=\"color: #000000;\">Du legst die Schlafsachen in das Dachzelt und schon ist dein Schlafplatz fertig.<\/span><\/li>\n<\/ol>\n<p>&nbsp;<\/p>\n<p><span style=\"font-size: 14pt; color: #000000;\"><b><em><strong>Nach einer erholsamen Nacht sind Sie im Handumdrehen wieder auf den Beinen.<\/strong><\/em><\/b><\/span><\/p>\n<ol>\n<li><span style=\"color: #000000;\">Packen Sie die Schlafausr\u00fcstung wieder ins Auto. Schlie\u00dfen Sie alle Insektenschutzgitter in den T\u00fcren und ziehen Sie den Rei\u00dfverschluss der T\u00fcrklappen zu.<\/span><\/li>\n<li><span style=\"color: #000000;\">Entnehmen Sie den R\u00fcckholgurt mit Griff aus der Aufbewahrungstasche \u00fcber der T\u00fcr. Entfernen Sie dann die Metallstangen aus dem Au\u00dfenzelt und verstauen Sie sie in derselben Tasche.<\/span><\/li>\n<li><span style=\"color: #000000;\">Ziehen Sie das Gummiband etwas heraus und legen Sie es in der Mitte um das Dachzelt und das Au\u00dfenzelt, wobei Sie die Plane nach innen dr\u00fccken.<\/span><\/li>\n<li><span style=\"color: #000000;\">Dann k\u00f6nnen Sie das Dachzelt einfahren. Wenn das Hardcover-Dachzelt fast geschlossen ist, k\u00f6nnen Sie den Zeltstoff \u00fcberall gut eindr\u00fccken.<\/span><\/li>\n<li><span style=\"color: #000000;\">Ziehen Sie es dann ganz zu und achten Sie darauf, dass der Stoff \u00fcberall im Dachzelt liegt.<\/span><\/li>\n<li><span style=\"color: #000000;\">Schlie\u00dfen Sie die 2 Klammern und verriegeln Sie sie mit dem Schl\u00fcssel.<\/span><\/li>\n<li><span style=\"color: #000000;\">Nehmen Sie die Leiter ab, stecken Sie sie in die mitgelieferte Tasche und legen Sie sie ins Auto.<\/span><\/li>\n<li><span style=\"color: #000000;\">Wenn Ihr Auto nivelliert ist, vergessen Sie nicht, es zu verpacken. Gehen Sie um das Auto herum, r\u00e4umen Sie alles auf, vergessen Sie nichts. Und dann ab zum n\u00e4chsten Schlafplatz.<\/span><\/li>\n<\/ol>\n<p><span style=\"font-size: 14pt; color: #000000;\"><b><em><strong>Ich w\u00fcnsche Ihnen einen sch\u00f6nen Urlaub in Ihrem Koala Creek\u00ae-Dachzelt.<\/strong><\/em><\/b><\/span>[\/vc_column_text][vc_column_text][\/vc_column_text][\/vc_tta_section][vc_tta_section title=&#8221;Technische Beschreibung&#8221; tab_id=&#8221;1542227704614-94c2c83e-6334&#8243;][vc_column_text]<\/p>\n<h2><span style=\"color: #ff6600; font-size: 18pt;\"><em><strong><span style=\"font-size: 18pt;\"><span style=\"color: #ff6600;\">Koala Creek\u00ae <\/span><\/span>YOUR ADVENTURE STARTS HERE!<\/strong><\/em><\/span><\/h2>\n<h2><b><strong>KOALA CREEK\u00ae Roadtrip 130 Hardcover Dachzelt<\/strong><\/b><\/h2>\n<p>Artikelnummer R12:KCHCRT130<\/p>\n<p>&nbsp;<\/p>\n<p><em>Zusammengeklappt ca. 226 x 139 x 15 cm.<\/em><\/p>\n<p><em>Ausgeklappt, schlafbereit, innen h\u00f6chster Punkt ca. 140 cm. hoch.<\/em><\/p>\n<p><em>Matratze ca. 217 x 130 x 6 cm. fester H\u00e4rtegrad<\/em><\/p>\n<p><em>Stoff dunkelgrau 300 gr\/m2 RipStopPolyester-Baumwollmischung,<\/em><\/p>\n<p><em>Innen dunkel und flammhemmende FRID-Beschichtung.<\/em><\/p>\n<p><em>( <\/em>Flammhemmende Innenbeschichtung dunkel )<\/p>\n<p><em>Isolierter und verst\u00e4rkter Aluminiumboden und -deckel.<\/em><\/p>\n<p><em>Maximale Gesamtbelastung ca. 300 kg.<\/em><\/p>\n<p><em>Die selbstschiebende Leiter mit abgewinkelten Stufen ist 230 cm. lang.<\/em><\/p>\n<p><em>(Die separate Leiter befindet sich in einer Tasche zur Aufbewahrung im Auto).<\/em><\/p>\n<p><em>Tats\u00e4chliches Gesamtgewicht ca. 69 Kg. ohne Leiter<\/em>[\/vc_column_text][\/vc_tta_section][\/vc_tta_tabs][\/vc_column][\/vc_row]<\/p>\n<\/div>","protected":false},"excerpt":{"rendered":"<p>[vc_row gap=&#8221;10&#8243; content_placement=&#8221;top&#8221;][vc_column width=&#8221;1\/2&#8243;][vc_images_carousel images=&#8221;9246&#8243; img_size=&#8221;500&#215;500&#8243; wrap=&#8221;yes&#8221;][\/vc_column][vc_column width=&#8221;1\/2&#8243;][vc_column_text] KOALA CREEK\u00ae Roadtrip 130 Hardcover Dachzelte &nbsp; \u221a FRID-Beschichtung: DUNKEL! \u221a\u00a0 Matratzengr\u00f6\u00dfe ca. 130 x 217 cm. \u221a\u00a0 Innerhalb von 1 Minute schlafbereit. \u221a\u00a0 Mit der Option Dachtr\u00e4ger. \u221a\u00a0 Das optonelle Vorzelt FREEDOM 400 kann direkt eingeschoben werden. \u221a 2 Jahre Garantie. Empfohlener Verkaufspreis (inkl. MwSt., exkl.<\/p>\n","protected":false},"author":4,"featured_media":9246,"parent":0,"menu_order":2,"comment_status":"closed","ping_status":"closed","template":"","meta":{"footnotes":""},"_links":{"self":[{"href":"https:\/\/www.koalacreek.info\/de\/wp-json\/wp\/v2\/pages\/8811"}],"collection":[{"href":"https:\/\/www.koalacreek.info\/de\/wp-json\/wp\/v2\/pages"}],"about":[{"href":"https:\/\/www.koalacreek.info\/de\/wp-json\/wp\/v2\/types\/page"}],"author":[{"embeddable":true,"href":"https:\/\/www.koalacreek.info\/de\/wp-json\/wp\/v2\/users\/4"}],"replies":[{"embeddable":true,"href":"https:\/\/www.koalacreek.info\/de\/wp-json\/wp\/v2\/comments?post=8811"}],"version-history":[{"count":14,"href":"https:\/\/www.koalacreek.info\/de\/wp-json\/wp\/v2\/pages\/8811\/revisions"}],"predecessor-version":[{"id":10870,"href":"https:\/\/www.koalacreek.info\/de\/wp-json\/wp\/v2\/pages\/8811\/revisions\/10870"}],"wp:featuredmedia":[{"embeddable":true,"href":"https:\/\/www.koalacreek.info\/de\/wp-json\/wp\/v2\/media\/9246"}],"wp:attachment":[{"href":"https:\/\/www.koalacreek.info\/de\/wp-json\/wp\/v2\/media?parent=8811"}],"curies":[{"name":"wp","href":"https:\/\/api.w.org\/{rel}","templated":true}]}}