{"id":8808,"date":"2024-02-07T13:39:12","date_gmt":"2024-02-07T12:39:12","guid":{"rendered":"https:\/\/www.koalacreek.info\/?page_id=8808"},"modified":"2025-02-08T14:39:25","modified_gmt":"2025-02-08T13:39:25","slug":"hardcover-dachzelte","status":"publish","type":"page","link":"https:\/\/www.koalacreek.info\/de\/produkte\/hardcover-dachzelte\/","title":{"rendered":"Hardcover Dachzelte"},"content":{"rendered":"<div class=\"wpb-content-wrapper\"><p>[vc_row css=&#8221;.vc_custom_1707310385720{padding-top: 20px !important;}&#8221;][vc_column][vc_basic_grid post_type=&#8221;ids&#8221; element_width=&#8221;3&#8243; item=&#8221;2961&#8243; grid_id=&#8221;vc_gid:1739021806981-f42048aa2f7249950c91dde83afd8f27-3&#8243; include=&#8221;8811, 8814&#8243;][\/vc_column][\/vc_row][vc_row][vc_column][vc_column_text]<\/p>\n<h1><span style=\"color: #ff6600; font-size: 18pt;\"><em><strong><span style=\"font-size: 24pt;\"><span style=\"color: #ff6600;\">Koala Creek\u00ae <\/span>YOUR ADVENTURE STARTS HERE!<\/span><br \/>\n<\/strong><\/em><\/span><span style=\"font-size: 18pt;\"><strong><span style=\"color: #000000;\">KOALA CREEK\u00ae Hardcover Dachzelte<\/span><\/strong><\/span><\/h1>\n<p><strong><span style=\"font-size: 14pt;\">Ob Sie nun ein erfahrener Camper oder ein Neuling in der Welt des Outdoor-Lebens sind, ein Hardcover-Dachzelt wird Ihr Campingerlebnis auf die n\u00e4chste Stufe heben.<\/span><\/strong><\/p>\n<p>Hardcover-Dachzelte sind die ultimative L\u00f6sung f\u00fcr Abenteurer, die auf der Suche nach Komfort und Bequemlichkeit beim Camping in der Wildnis sind. Diese robusten und langlebigen Zelte bieten einen sicheren und bequemen Schlafplatz auf dem Dach Ihres Fahrzeugs, so dass Sie auch in den entlegensten Gegenden einen erholsamen Schlaf genie\u00dfen k\u00f6nnen.<\/p>\n<p>Mit einer robusten, wetterfesten Au\u00dfenseite und einem komfortablen Innenraum bieten Hardcover-Dachzelte die perfekte Mischung aus Schutz und Komfort. Ganz gleich, ob Sie bei Regen, Wind oder sogar Schnee zelten, diese Zelte halten Sie sicher und trocken, so dass Sie bei allen Wetterbedingungen gut schlafen k\u00f6nnen.<\/p>\n<p>Dar\u00fcber hinaus sind Hardcover-Dachzelte auf Benutzerfreundlichkeit ausgelegt. Mit einem einfachen Aufbaumechanismus k\u00f6nnen Sie Ihr Zelt im Handumdrehen auf- und abbauen, sodass Sie mehr Zeit haben, die nat\u00fcrliche Sch\u00f6nheit um Sie herum zu erkunden.<\/p>\n<p>Egal, ob Sie alleine, mit Ihrem Partner oder mit der ganzen Familie unterwegs sind, ein Hardcover-Dachzelt von Koala Creek ist die perfekte Unterkunft f\u00fcr alle Ihre Outdoor-Abenteuer. Bleiben Sie dran f\u00fcr die Markteinf\u00fchrung dieser aufregenden neuen Produkte und bereiten Sie sich darauf vor, Ihr Campingerlebnis mit einem Hardcover-Dachzelt von Koala Creek auf ein neues Niveau zu heben.[\/vc_column_text][\/vc_column][\/vc_row]<\/p>\n<\/div>","protected":false},"excerpt":{"rendered":"<p>[vc_row css=&#8221;.vc_custom_1707310385720{padding-top: 20px !important;}&#8221;][vc_column][vc_basic_grid post_type=&#8221;ids&#8221; element_width=&#8221;3&#8243; item=&#8221;2961&#8243; grid_id=&#8221;vc_gid:1739021806981-f42048aa2f7249950c91dde83afd8f27-3&#8243; include=&#8221;8811, 8814&#8243;][\/vc_column][\/vc_row][vc_row][vc_column][vc_column_text] Koala Creek\u00ae YOUR ADVENTURE STARTS HERE! KOALA CREEK\u00ae Hardcover Dachzelte Ob Sie nun ein erfahrener Camper oder ein Neuling in der Welt des Outdoor-Lebens sind, ein Hardcover-Dachzelt wird Ihr Campingerlebnis auf die n\u00e4chste Stufe heben. Hardcover-Dachzelte sind die ultimative L\u00f6sung f\u00fcr Abenteurer, die auf der<\/p>\n","protected":false},"author":4,"featured_media":9246,"parent":6092,"menu_order":4,"comment_status":"closed","ping_status":"closed","template":"","meta":{"footnotes":""},"_links":{"self":[{"href":"https:\/\/www.koalacreek.info\/de\/wp-json\/wp\/v2\/pages\/8808"}],"collection":[{"href":"https:\/\/www.koalacreek.info\/de\/wp-json\/wp\/v2\/pages"}],"about":[{"href":"https:\/\/www.koalacreek.info\/de\/wp-json\/wp\/v2\/types\/page"}],"author":[{"embeddable":true,"href":"https:\/\/www.koalacreek.info\/de\/wp-json\/wp\/v2\/users\/4"}],"replies":[{"embeddable":true,"href":"https:\/\/www.koalacreek.info\/de\/wp-json\/wp\/v2\/comments?post=8808"}],"version-history":[{"count":5,"href":"https:\/\/www.koalacreek.info\/de\/wp-json\/wp\/v2\/pages\/8808\/revisions"}],"predecessor-version":[{"id":9595,"href":"https:\/\/www.koalacreek.info\/de\/wp-json\/wp\/v2\/pages\/8808\/revisions\/9595"}],"up":[{"embeddable":true,"href":"https:\/\/www.koalacreek.info\/de\/wp-json\/wp\/v2\/pages\/6092"}],"wp:featuredmedia":[{"embeddable":true,"href":"https:\/\/www.koalacreek.info\/de\/wp-json\/wp\/v2\/media\/9246"}],"wp:attachment":[{"href":"https:\/\/www.koalacreek.info\/de\/wp-json\/wp\/v2\/media?parent=8808"}],"curies":[{"name":"wp","href":"https:\/\/api.w.org\/{rel}","templated":true}]}}