{"id":8417,"date":"2024-01-02T14:54:20","date_gmt":"2024-01-02T13:54:20","guid":{"rendered":"https:\/\/www.koalacreek.info\/?page_id=8417"},"modified":"2026-02-15T12:23:53","modified_gmt":"2026-02-15T11:23:53","slug":"koala-creek-schwarze-dachzelt-teleskopleiter-selbsteinziehend-260-cm-lang-abgewinkelte-stufen","status":"publish","type":"page","link":"https:\/\/www.koalacreek.info\/de\/koala-creek-schwarze-dachzelt-teleskopleiter-selbsteinziehend-260-cm-lang-abgewinkelte-stufen\/","title":{"rendered":"KOALA CREEK\u00ae SCHWARZE DACHZELT TELESKOPLEITER SELBSTEINZIEHEND &#8211; 260 CM LANG &#8211; ABGEWINKELTE STUFEN"},"content":{"rendered":"<div class=\"wpb-content-wrapper\"><p>[vc_row gap=&#8221;10&#8243; content_placement=&#8221;top&#8221;][vc_column width=&#8221;1\/2&#8243;][vc_images_carousel images=&#8221;7961,7967,7965,7963&#8243; img_size=&#8221;500&#215;500&#8243; wrap=&#8221;yes&#8221;][\/vc_column][vc_column width=&#8221;1\/2&#8243;][vc_column_text]<span style=\"font-size: 18pt;\"><strong>KOALA CREEK\u00ae SCHWARZE DACHZELT TELESKOPLEITER SELBSTEINZIEHEND &#8211; 260 CM LANG &#8211; 9 ABGEWINKELTE STUFEN<\/strong><\/span><\/p>\n<p><span style=\"font-size: 12pt;\"><i class=\"fas fa-check\" style=\"color: #ffa500;\"><\/i> 30 cm. l\u00e4nger als die original montierte Leiter.<br \/>\n<span style=\"font-size: 12pt;\"><i class=\"fas fa-check\" style=\"color: #ffa500;\"><\/i> 260 cm. langes selbsteinziehendes Teleskop.<br \/>\n<span style=\"font-size: 12pt;\"><i class=\"fas fa-check\" style=\"color: #ffa500;\"><\/i> Die schr\u00e4g gestellten Stufen erleichtern das Auf- und Absteigen, auch barfu\u00df.<\/span><\/span><\/span><\/p>\n<p><span style=\"font-size: 12pt;\"><span style=\"font-size: 12pt;\">\u00a0<\/span><\/span>[\/vc_column_text][vc_row_inner equal_height=&#8221;yes&#8221; gap=&#8221;5&#8243;][vc_column_inner width=&#8221;1\/2&#8243;][vc_column_text]<span style=\"font-size: 14pt;\"><strong>Empfohlener Verkaufspreis (inkl. MwSt., exkl. Versandkosten)<\/strong><\/span><\/p>\n<p><span style=\"font-size: 18pt;\"><strong>\u20ac 229,-<\/strong><\/span>[\/vc_column_text][\/vc_column_inner][vc_column_inner width=&#8221;1\/2&#8243;][vc_btn title=&#8221;Suche deinen H\u00e4ndler&#8221; style=&#8221;classic&#8221; color=&#8221;juicy-pink&#8221; link=&#8221;url:https%3A%2F%2Fwww.koalacreek.info%2Fhaendler%2F%3Flang%3Dde|target:_blank|&#8221;][\/vc_column_inner][\/vc_row_inner][\/vc_column][\/vc_row][vc_row][vc_column][vc_tta_tabs active_section=&#8221;1&#8243;][vc_tta_section title=&#8221;Beschreibung&#8221; tab_id=&#8221;1543671476182-8cf7c1ef-6ab5&#8243;][vc_column_text]<\/p>\n<h2><span style=\"color: #ff6600; font-size: 18pt;\"><em><strong><span style=\"font-size: 18pt;\"><span style=\"color: #ff6600;\">Koala Creek\u00ae <\/span><\/span>YOUR ADVENTURE STARTS HERE!<br \/>\n<\/strong><\/em><\/span>KOALA CREEK\u00ae SCHWARZE DACHZELT TELESKOPLEITER SELBSTEINZIEHEND &#8211; 260 CM LANG &#8211; 9 ABGEWINKELTE STUFEN<\/h2>\n<p>Artikelnummer: R921:KCLAD260BLAR<\/p>\n<h3><span style=\"font-size: 12pt;\"><strong><u>30cm. l\u00e4nger als die standard montierte Leiter auf Koala Creek\u00ae V2 Dachzelten<\/u><\/strong><\/span><\/h3>\n<p>Diese schwarze Leiter ist maximal ausgezogen ca. 260 cm lang, teleskopierbar und selbsteinziehend. Einfach auf verschiedene L\u00e4ngen einzustellen. Kein Dr\u00fccken von Kn\u00f6pfen mehr pro Stufe.<\/p>\n<p>EINZIGARTIG: Die schr\u00e4g gestellten Stufen erleichtern das Auf- und Absteigen, auch barfu\u00df.<\/p>\n<p>Der Abstand der Befestigungslippen von Mitte zu Mitte betr\u00e4gt ca. 40 cm.<\/p>\n<h3><span style=\"font-size: 12pt;\"><strong><u>Montage und Verwendung.<\/u><\/strong><\/span><\/h3>\n<p>An der Spitze dieser Leiter befinden sich die standardm\u00e4\u00dfigen Befestigungslippen f\u00fcr Dachzelte. Weitere Befestigungsteile sind nicht enthalten. L\u00f6sen Sie den Klettverschluss und ziehen Sie die Leiter heraus, dann klappen Sie das Dachzelt aus. Zum Einstellen dr\u00fccken Sie die 2 roten Kn\u00f6pfe an der untersten Sprosse einmal und schieben die Leiter ganz hinein. Dann von unten \u00f6ffnen, bis die Leiter in einem Winkel von etwa 70 Grad unter dem Dachzelt steht. WICHTIG: Die Leiter darf den Boden nicht hochdr\u00fccken.<\/p>\n<h3><span style=\"font-size: 12pt;\"><strong><u>Universell<\/u><\/strong><\/span><\/h3>\n<p>Die Leiter kann an den Standardbefestigungsteilen (Scharnier) unter fast allen Marken-Dachzelten montiert werden. Ein hervorragender Ersatz f\u00fcr die meist montierten und oft zu kurzen 2-teiligen Schiebeleitern.<\/p>\n<h3><span style=\"font-size: 12pt;\"><strong><u>Weitere Informationen<\/u><\/strong><\/span><\/h3>\n<p>Ein gro\u00dfes Sortiment an Koala Creek\u00ae <a href=\"https:\/\/www.koalacreek.info\/ersatzteile\/?lang=de\" target=\"_blank\" rel=\"noopener\"><span style=\"font-size: 14pt;\"><strong>Reserveteile<\/strong><\/span><\/a> und <a href=\"https:\/\/www.koalacreek.info\/de\/produkte\/dachzeltzubehoer-von-koala-creek\/\" target=\"_blank\" rel=\"noopener\"><span style=\"font-size: 14pt;\"><strong>Zubeh\u00f6r<\/strong><\/span><\/a> ist lieferbar.<\/p>\n<p>Nach dem Ankauf eines KOALA CREEK\u00ae Dachzelts, kannst du Mitglied werden vom <span style=\"font-size: 14pt;\"><strong><a href=\"https:\/\/www.facebook.com\/groups\/344757855871620\" target=\"_blank\" rel=\"noopener\">Koala Creek Owners Club<\/a><\/strong><\/span> auf Facebook,<br \/>\ndamit du informiert bleibst von allen neuen Entwicklungen, Campingswochenenden und mehr.[\/vc_column_text][\/vc_tta_section][\/vc_tta_tabs][\/vc_column][\/vc_row]<\/p>\n<\/div>","protected":false},"excerpt":{"rendered":"<p>[vc_row gap=&#8221;10&#8243; content_placement=&#8221;top&#8221;][vc_column width=&#8221;1\/2&#8243;][vc_images_carousel images=&#8221;7961,7967,7965,7963&#8243; img_size=&#8221;500&#215;500&#8243; wrap=&#8221;yes&#8221;][\/vc_column][vc_column width=&#8221;1\/2&#8243;][vc_column_text]KOALA CREEK\u00ae SCHWARZE DACHZELT TELESKOPLEITER SELBSTEINZIEHEND &#8211; 260 CM LANG &#8211; 9 ABGEWINKELTE STUFEN 30 cm. l\u00e4nger als die original montierte Leiter. 260 cm. langes selbsteinziehendes Teleskop. Die schr\u00e4g gestellten Stufen erleichtern das Auf- und Absteigen, auch barfu\u00df. \u00a0[\/vc_column_text][vc_row_inner equal_height=&#8221;yes&#8221; gap=&#8221;5&#8243;][vc_column_inner width=&#8221;1\/2&#8243;][vc_column_text]Empfohlener Verkaufspreis (inkl. MwSt., exkl. Versandkosten) \u20ac<\/p>\n","protected":false},"author":2,"featured_media":7961,"parent":0,"menu_order":2,"comment_status":"closed","ping_status":"closed","template":"","meta":{"footnotes":""},"_links":{"self":[{"href":"https:\/\/www.koalacreek.info\/de\/wp-json\/wp\/v2\/pages\/8417"}],"collection":[{"href":"https:\/\/www.koalacreek.info\/de\/wp-json\/wp\/v2\/pages"}],"about":[{"href":"https:\/\/www.koalacreek.info\/de\/wp-json\/wp\/v2\/types\/page"}],"author":[{"embeddable":true,"href":"https:\/\/www.koalacreek.info\/de\/wp-json\/wp\/v2\/users\/2"}],"replies":[{"embeddable":true,"href":"https:\/\/www.koalacreek.info\/de\/wp-json\/wp\/v2\/comments?post=8417"}],"version-history":[{"count":5,"href":"https:\/\/www.koalacreek.info\/de\/wp-json\/wp\/v2\/pages\/8417\/revisions"}],"predecessor-version":[{"id":10948,"href":"https:\/\/www.koalacreek.info\/de\/wp-json\/wp\/v2\/pages\/8417\/revisions\/10948"}],"wp:featuredmedia":[{"embeddable":true,"href":"https:\/\/www.koalacreek.info\/de\/wp-json\/wp\/v2\/media\/7961"}],"wp:attachment":[{"href":"https:\/\/www.koalacreek.info\/de\/wp-json\/wp\/v2\/media?parent=8417"}],"curies":[{"name":"wp","href":"https:\/\/api.w.org\/{rel}","templated":true}]}}