{"id":8391,"date":"2024-01-01T17:29:16","date_gmt":"2024-01-01T16:29:16","guid":{"rendered":"https:\/\/www.koalacreek.info\/?page_id=8391"},"modified":"2024-04-15T11:48:38","modified_gmt":"2024-04-15T09:48:38","slug":"koala-creek-universal-edelstahl-dachzeltstuetzen-set-a-4-stueck","status":"publish","type":"page","link":"https:\/\/www.koalacreek.info\/de\/koala-creek-universal-edelstahl-dachzeltstuetzen-set-a-4-stueck\/","title":{"rendered":"KOALA CREEK\u00ae Universal-Edelstahl-Dachzeltst\u00fctzen-Set a 4 St\u00fcck."},"content":{"rendered":"<div class=\"wpb-content-wrapper\"><p>[vc_row gap=&#8221;10&#8243; content_placement=&#8221;top&#8221; css=&#8221;.vc_custom_1634281696666{padding-top: 50px !important;padding-bottom: 50px !important;}&#8221;][vc_column width=&#8221;1\/2&#8243;][vc_images_carousel images=&#8221;8365,8367,8369,8371&#8243; img_size=&#8221;500&#215;500&#8243; wrap=&#8221;yes&#8221;][\/vc_column][vc_column width=&#8221;1\/2&#8243;][vc_column_text]<\/p>\n<h2><span style=\"font-size: 18pt;\"><strong>KOALA CREEK\u00ae Universal-Edelstahl-Dachzeltst\u00fctzen-Set a 4 St\u00fcck<\/strong><\/span><\/h2>\n<p><span style=\"font-size: 12pt;\"><i class=\"fas fa-check\" style=\"color: #ffa500;\"><\/i> Universeller Montagen satz f\u00fcr ein Dachzelt auf die meisten Roofracks.<\/span>[\/vc_column_text][vc_row_inner equal_height=&#8221;yes&#8221; gap=&#8221;5&#8243;][vc_column_inner width=&#8221;1\/2&#8243;][vc_column_text]<span style=\"font-size: 18pt;\"><strong>Empfohlener Verkaufspreis (inkl. MwSt., exkl. Versandkosten)<\/strong><\/span><\/p>\n<p><span style=\"font-size: 18pt;\"><strong>\u20ac 89,00<\/strong><\/span>[\/vc_column_text][\/vc_column_inner][vc_column_inner width=&#8221;1\/2&#8243;][vc_btn title=&#8221;Finden Sie Ihren H\u00e4ndler&#8221; style=&#8221;classic&#8221; color=&#8221;juicy-pink&#8221; link=&#8221;url:http%3A%2F%2Fde%2Fdealers%2F|target:_blank&#8221;][\/vc_column_inner][\/vc_row_inner][\/vc_column][\/vc_row][vc_row][vc_column][vc_tta_tabs active_section=&#8221;1&#8243;][vc_tta_section title=&#8221;Omschrijving&#8221; tab_id=&#8221;1543671476182-8cf7c1ef-6ab5&#8243;][vc_column_text]<span style=\"color: #ff6600; font-family: georgia, palatino, serif;\"><strong>KOALA CREEK\u00ae\u00a0YOUR ADVENTURE STARTS HERE!<\/strong><\/span><\/p>\n<p><span style=\"font-size: 24pt; font-family: georgia, palatino, serif;\"><strong>KOALA CREEK\u00ae Universal-Edelstahl-Dachzeltst\u00fctzen-Set a 4 St\u00fcck<\/strong><\/span><\/p>\n<p><span style=\"font-family: georgia, palatino, serif;\"><em><strong>\u00a0<\/strong><\/em>Artikelnummer: R90:KCDTS<\/span><\/p>\n<p><span style=\"font-family: georgia, palatino, serif;\">4 robuste Edelstahlst\u00fctzen mit einem ausgekl\u00fcgelten Lochmuster. (Kein Montagematerial mitgeliefert)<\/span><br \/>\n<span style=\"font-family: georgia, palatino, serif;\">Zum Beispiel, um \u00fcber die h\u00f6here Kante von einigen Marken zu steigen. (z.B. Frontrunner)<\/span><br \/>\n<span style=\"font-family: georgia, palatino, serif;\">So k\u00f6nnen Sie ein Dachzelt universell (ohne Verdrehen der Montageschienen) zum \u00d6ffnen nach hinten oder zur Seite montieren.<\/span><br \/>\n<span style=\"font-family: georgia, palatino, serif;\">Praktisch auch bei der Montage eines Vorzeltes, damit Sie genug Platz haben, wenn Ihre Vorzeltst\u00fctzen im Weg sind.<\/span><br \/>\n<span style=\"font-family: georgia, palatino, serif;\">Dank der geringen H\u00f6he (ca. 3 cm) verringern Sie die H\u00f6he des Schwerpunkts Ihres Autos.<\/span><br \/>\n<span style=\"font-family: georgia, palatino, serif;\">Diese Halterungen sind universell einsetzbar und k\u00f6nnen daher oft auf Dachtr\u00e4gern der meisten Marken verwendet werden.<\/span><\/p>\n<p><span style=\"font-family: georgia, palatino, serif;\">Abmessungen pro Halterung aus Edelstahl:<\/span><br \/>\n<span style=\"font-family: georgia, palatino, serif;\">L\u00e4nge ca. 250 mm.<\/span><br \/>\n<span style=\"font-family: georgia, palatino, serif;\">Breite ca. 40 mm.<\/span><br \/>\n<span style=\"font-family: georgia, palatino, serif;\">H\u00f6he ca. 30 mm.<\/span><br \/>\n<span style=\"font-family: georgia, palatino, serif;\">Dicke ca. 4 mm. Daher sehr stabil.<\/span><br \/>\n<span style=\"font-family: georgia, palatino, serif;\">Ausgestattet mit verschiedenen (Lang-)L\u00f6chern zur universellen Befestigung Ihres Dachzeltes.<\/span><\/p>\n<h3><\/h3>\n<h3><span style=\"font-family: georgia, palatino, serif;\"><strong><u>WEITERE INFORMATIONEN<\/u><\/strong><\/span><\/h3>\n<p><span style=\"font-family: georgia, palatino, serif;\">Ein gro\u00dfes Sortiment an Koala Creek\u00ae\u00a0<a href=\"https:\/\/www.koalacreek.info\/de\/produkte\/ersatzteile\/\" target=\"_blank\" rel=\"noopener\"><strong>Reserveteile<\/strong><\/a>\u00a0und\u00a0<a href=\"https:\/\/www.koalacreek.info\/de\/produkte\/dachzeltzubehoer-von-koala-creek\/\" target=\"_blank\" rel=\"noopener\"><strong>Zubeh\u00f6r<\/strong><\/a>\u00a0ist lieferbar.<\/span><\/p>\n<p><span style=\"font-family: georgia, palatino, serif;\">Nach dem Ankauf eines KOALA CREEK\u00ae Dachzelts, kannst du Mitglied werden vom\u00a0<strong><a href=\"https:\/\/www.facebook.com\/groups\/344757855871620\" target=\"_blank\" rel=\"noopener\">Koala Creek Owners Club<\/a><\/strong>\u00a0auf Facebook,<\/span><br \/>\n<span style=\"font-family: georgia, palatino, serif;\">damit du informiert bleibst von allen neuen Entwicklungen,\u00a0<a href=\"https:\/\/www.koalacreek.info\/de\/dachzelt-test\/\">Tests<\/a>, Campingswochenenden und mehr.<\/span>[\/vc_column_text][\/vc_tta_section][\/vc_tta_tabs][\/vc_column][\/vc_row]<\/p>\n<\/div>","protected":false},"excerpt":{"rendered":"<p>[vc_row gap=&#8221;10&#8243; content_placement=&#8221;top&#8221; css=&#8221;.vc_custom_1634281696666{padding-top: 50px !important;padding-bottom: 50px !important;}&#8221;][vc_column width=&#8221;1\/2&#8243;][vc_images_carousel images=&#8221;8365,8367,8369,8371&#8243; img_size=&#8221;500&#215;500&#8243; wrap=&#8221;yes&#8221;][\/vc_column][vc_column width=&#8221;1\/2&#8243;][vc_column_text] KOALA CREEK\u00ae Universal-Edelstahl-Dachzeltst\u00fctzen-Set a 4 St\u00fcck Universeller Montagen satz f\u00fcr ein Dachzelt auf die meisten Roofracks.[\/vc_column_text][vc_row_inner equal_height=&#8221;yes&#8221; gap=&#8221;5&#8243;][vc_column_inner width=&#8221;1\/2&#8243;][vc_column_text]Empfohlener Verkaufspreis (inkl. MwSt., exkl. Versandkosten) \u20ac 89,00[\/vc_column_text][\/vc_column_inner][vc_column_inner width=&#8221;1\/2&#8243;][vc_btn title=&#8221;Finden Sie Ihren H\u00e4ndler&#8221; style=&#8221;classic&#8221; color=&#8221;juicy-pink&#8221; link=&#8221;url:http%3A%2F%2Fde%2Fdealers%2F|target:_blank&#8221;][\/vc_column_inner][\/vc_row_inner][\/vc_column][\/vc_row][vc_row][vc_column][vc_tta_tabs active_section=&#8221;1&#8243;][vc_tta_section title=&#8221;Omschrijving&#8221; tab_id=&#8221;1543671476182-8cf7c1ef-6ab5&#8243;][vc_column_text]KOALA CREEK\u00ae\u00a0YOUR ADVENTURE STARTS HERE! KOALA<\/p>\n","protected":false},"author":2,"featured_media":8365,"parent":0,"menu_order":0,"comment_status":"closed","ping_status":"closed","template":"","meta":{"footnotes":""},"_links":{"self":[{"href":"https:\/\/www.koalacreek.info\/de\/wp-json\/wp\/v2\/pages\/8391"}],"collection":[{"href":"https:\/\/www.koalacreek.info\/de\/wp-json\/wp\/v2\/pages"}],"about":[{"href":"https:\/\/www.koalacreek.info\/de\/wp-json\/wp\/v2\/types\/page"}],"author":[{"embeddable":true,"href":"https:\/\/www.koalacreek.info\/de\/wp-json\/wp\/v2\/users\/2"}],"replies":[{"embeddable":true,"href":"https:\/\/www.koalacreek.info\/de\/wp-json\/wp\/v2\/comments?post=8391"}],"version-history":[{"count":7,"href":"https:\/\/www.koalacreek.info\/de\/wp-json\/wp\/v2\/pages\/8391\/revisions"}],"predecessor-version":[{"id":9029,"href":"https:\/\/www.koalacreek.info\/de\/wp-json\/wp\/v2\/pages\/8391\/revisions\/9029"}],"wp:featuredmedia":[{"embeddable":true,"href":"https:\/\/www.koalacreek.info\/de\/wp-json\/wp\/v2\/media\/8365"}],"wp:attachment":[{"href":"https:\/\/www.koalacreek.info\/de\/wp-json\/wp\/v2\/media?parent=8391"}],"curies":[{"name":"wp","href":"https:\/\/api.w.org\/{rel}","templated":true}]}}