{"id":7540,"date":"2022-05-24T15:04:00","date_gmt":"2022-05-24T13:04:00","guid":{"rendered":"https:\/\/www.koalacreek.info\/?page_id=7540"},"modified":"2024-01-31T11:32:12","modified_gmt":"2024-01-31T10:32:12","slug":"dachzelt-caddy","status":"publish","type":"page","link":"https:\/\/www.koalacreek.info\/de\/dachzelt-caddy\/","title":{"rendered":"Dachzelt Caddy"},"content":{"rendered":"<h1><strong>Dachzelt Caddy<\/strong><\/h1>\n<p>F\u00fcr Leute, die gerne in den Urlaub fahren, ist ein Dachzelt f\u00fcr einen Caddy praktisch. Wenn Sie mit einem Volkswagen Caddy in den Urlaub fahren, ist es ideal, ein Dachzelt f\u00fcr einen Caddy zu verwenden. Denn ein Dachzelt auf dem Caddy erm\u00f6glicht es, das Lager \u00fcberall aufzuschlagen. \u00dcberall dort, wo man mit dem Auto hinfahren kann, kann man sein Lager aufschlagen.<\/p>\n<h2><strong>Was genau ist ein Dachzelt?<\/strong><\/h2>\n<p>Ein Dachzelt f\u00fcr einen Caddy ist ein Zelt, das Sie auf dem Dach Ihres Volkswagen Caddy befestigen k\u00f6nnen. So lassen sich die Zelte ganz einfach mitnehmen. Wenn Sie gemeinsam mit anderen in den Urlaub fahren, ist ein Dachzelt ideal. Da ein Dachzelt nicht allzu schwer ist, l\u00e4sst es sich leicht auf dem Dach zusammenheben.<\/p>\n<p>Dann ist es m\u00f6glich, dass eine Person das Dachzelt befestigt und die andere alle anderen Sachen packt. Auf diese Weise ist es m\u00f6glich, sich innerhalb einer halben Stunde abfahrbereit zu machen.<\/p>\n<p>Wenn Sie an dem Ort, an dem Sie parken m\u00f6chten, angekommen sind, k\u00f6nnen Sie das Dachzelt ganz einfach ausklappen und die sch\u00f6ne Umgebung genie\u00dfen. Sie k\u00f6nnen Ihre Schlafsachen w\u00e4hrend der Reise im Zelt oder im Caddy verstauen.<\/p>\n<h2><strong>Camping mit einem VW Caddy Dachzelt<\/strong><\/h2>\n<p>Der Vorteil eines Dachzeltes ist, dass es die M\u00f6glichkeit bietet, mit dem Auto in den Urlaub zu fahren. Mit einem VW Caddy Dachzelt k\u00f6nnen Sie mit Ihrem Caddy \u00fcberall hinfahren. Es spielt keine Rolle, wo Sie sind, denn mit einem Dachzelt f\u00fcr einen VW Caddy k\u00f6nnen Sie \u00fcberall parken und campen. Haben Sie einen VW caddy 4&#215;4, dann k\u00f6nnen Sie kommen, wo vielen nicht kommen k\u00f6nnen.<\/p>\n<p>So ist es m\u00f6glich, mit dem Auto in alle Ecken der Welt zu fahren und dort zu bleiben. Der Vorteil eines Dachzeltes ist, dass man sich nicht lange irgendwo aufhalten muss. Sie k\u00f6nnen das Dachzelt innerhalb von 5 Minuten aufstellen und innerhalb von 5 Minuten wieder abbauen. Dies erm\u00f6glicht es, an die <a href=\"https:\/\/www.welterbetour.de\/weltkulturerbe-in-deutschland\" target=\"_blank\" rel=\"noopener\">unzug\u00e4nglichsten Orte<\/a> zu gelangen und dort zu \u00fcbernachten.<\/p>\n<h2><strong><img loading=\"lazy\" decoding=\"async\" class=\"alignnone size-medium wp-image-6512\" src=\"https:\/\/www.koalacreek.info\/wp-content\/uploads\/2021\/05\/Koala-Creek-Freedom-mounted-as-awning-300x300.jpg\" alt=\"Dachzelt Caddy\" width=\"300\" height=\"300\" srcset=\"https:\/\/www.koalacreek.info\/wp-content\/uploads\/2021\/05\/Koala-Creek-Freedom-mounted-as-awning-300x300.jpg 300w, https:\/\/www.koalacreek.info\/wp-content\/uploads\/2021\/05\/Koala-Creek-Freedom-mounted-as-awning-150x150.jpg 150w, https:\/\/www.koalacreek.info\/wp-content\/uploads\/2021\/05\/Koala-Creek-Freedom-mounted-as-awning-50x50.jpg 50w, https:\/\/www.koalacreek.info\/wp-content\/uploads\/2021\/05\/Koala-Creek-Freedom-mounted-as-awning-320x320.jpg 320w, https:\/\/www.koalacreek.info\/wp-content\/uploads\/2021\/05\/Koala-Creek-Freedom-mounted-as-awning.jpg 600w\" sizes=\"(max-width: 300px) 100vw, 300px\" \/><\/strong><\/h2>\n<h2><strong>Ein Dachzelt f\u00fcr einen Lieferwagen<\/strong><\/h2>\n<p>Ein Dachzelt f\u00fcr einen Transporter bietet die M\u00f6glichkeit, einen Schlafplatz in Ihrer N\u00e4he zu haben. Vielleicht suchen Sie nach einem Dachzelt-Caddy. Ein Caddy ist ein relativ kleiner Lieferwagen. Ist der Platz in einem Caddy nicht ausreichend? Dann k\u00f6nnen Sie den Stauraum ganz einfach mit einem Dachzelt auf dem Caddy erweitern.<\/p>\n<h2><strong>Unser Dachzelt f\u00fcr einen VW Caddy <\/strong><\/h2>\n<p>Wenn Sie auf der Suche nach einem Dachzelt sind, haben wir mehrere M\u00f6glichkeiten. Die Gr\u00f6\u00dfe des Zeltes h\u00e4ngt von der Anzahl der Personen ab, die sich im Dachzelt aufhalten sollen. Nat\u00fcrlich ist es auch m\u00f6glich, ein gr\u00f6\u00dferes <a href=\"https:\/\/www.koalacreek.info\/de\/dachzelt-kaufen\/\">Dachzelt zu kaufen<\/a>, wenn Sie mehr Platz ben\u00f6tigen.<\/p>\n<p>Ein Dachzelt f\u00fcr einen Caddy gibt es in drei Gr\u00f6\u00dfen. Wir bieten ein Dachzelt von 140 cm, 160 cm und 190 cm. Das <a href=\"\/de\/produkte\/klappdachzelte\/140-cm-breite-dachzelte\/\">Dachzelt von 140 cm<\/a> ist f\u00fcr 2 Personen gedacht. Denn diese Zelte sind 140 cm breit und 240 cm lang. Die ideale L\u00e4nge f\u00fcr 2 Personen zum Schlafen.<\/p>\n<p>Das <a href=\"\/de\/produkte\/klappdachzelte\/160-cm-breite-dachzelte\/\">Dachzelt von 160 cm<\/a> ist f\u00fcr 2 bis 3 Personen gedacht. Die Abmessungen sind 160 cm breit und 240 cm lang. Ein n\u00fctzliches Zelt f\u00fcr eine Familie mit einem Kind. F\u00fcr 3 Erwachsene ist dieses Zelt oft einfach nicht gro\u00df genug. Wir bieten auch ein <a href=\"\/de\/produkte\/klappdachzelte\/190-cm-breite-dachzelte\/\">Zelt von 190 cm<\/a>. Dieser ist f\u00fcr 2 bis 4 Personen gedacht. Diese Dachzelte sind ideal f\u00fcr Familien mit 2 Kindern. Wenn Sie mit 3 Erwachsenen in einem Dachzelt schlafen wollen, ist dieses Zelt auch gro\u00df genug.<\/p>\n<h2><strong>Extras f\u00fcr unsere Dachzelte<\/strong><\/h2>\n<p>In unserem Sortiment finden Sie auch verschiedene Extras f\u00fcr die Dachzelte. Wir haben auch mehrere Unterzelte. Ein Innenzelt ist eine Art Erweiterung des Dachzeltes. Wir bieten drei verschiedene Formen von <a href=\"\/de\/produkte\/klappdachzelte\/unterzelte\/\">Unterzelten<\/a> an.<\/p>\n<p>Wir haben auch ein universelles Unterzelt. Sowol f\u00fcr 140 als auch 160 cm breite Dachzelten. Dieses Unterzelt passt auf mehrere Dachzelte. Auch mit Dachzelten von anderen Marken als Koala Creek. Diese Unterzelte k\u00f6nnen hinter der Leiter des Dachzeltes f\u00fcr einen Caddy montiert werden. Wir bieten auch Leichtgewichtszelte an. Sie sind sehr leicht und lassen sich einfach aufbauen und mitnehmen. Au\u00dferdem bieten wir Zelte an, die in der H\u00f6he verstellt werden k\u00f6nnen. Auf diese Weise gibt es immer eine passende Markise f\u00fcr Ihr Auto, <a href=\"https:\/\/www.koalacreek.info\/de\/dachzelt-auf-anhaenger\/\">auch mit Anh\u00e4nger<\/a>.<\/p>\n<p>Dar\u00fcber hinaus bieten wir eine Reihe weiterer Zubeh\u00f6rteile f\u00fcr ein Dachzelt an. F\u00fcr jede Gr\u00f6\u00dfe von Dachzelten bieten wir ein Zubeh\u00f6rset (DELUX) \u00a0an. Dazu geh\u00f6ren verschiedene Hilfsmittel wie eine Antikondensationsmatte, eine Gep\u00e4ckh\u00e4ngematte, LED-Leuchten und mehrere Schuhbeutel. Alle diese Zubeh\u00f6rteile k\u00f6nnen auch einzeln gekauft werden.<\/p>\n<p>Wir haben auch viele verschiedene <u><a href=\"\/de\/produkte\/markise\/\">Markisen<\/a>.<\/u> Zum Beispiel Explorer 140 (140 x 200 cm) f\u00fcr montage an die R\u00fcckseite von ein Auto. Oder seiten Markisen wie de Explorer 200 (250 x 250 cm) ; Explorer 250 (250 x 250 cm). Und speziel f\u00fcr grossere Lieferwagen \u2013 Camper die Explorer 300 (300 x 250 cm) Markise.<\/p>\n","protected":false},"excerpt":{"rendered":"<p>Dachzelt Caddy F\u00fcr Leute, die gerne in den Urlaub fahren, ist ein Dachzelt f\u00fcr einen Caddy praktisch. Wenn Sie mit einem Volkswagen Caddy in den Urlaub fahren, ist es ideal, ein Dachzelt f\u00fcr einen Caddy zu verwenden. Denn ein Dachzelt auf dem Caddy erm\u00f6glicht es, das Lager \u00fcberall aufzuschlagen. \u00dcberall dort, wo man mit dem<\/p>\n","protected":false},"author":4,"featured_media":0,"parent":0,"menu_order":0,"comment_status":"closed","ping_status":"closed","template":"","meta":{"footnotes":""},"_links":{"self":[{"href":"https:\/\/www.koalacreek.info\/de\/wp-json\/wp\/v2\/pages\/7540"}],"collection":[{"href":"https:\/\/www.koalacreek.info\/de\/wp-json\/wp\/v2\/pages"}],"about":[{"href":"https:\/\/www.koalacreek.info\/de\/wp-json\/wp\/v2\/types\/page"}],"author":[{"embeddable":true,"href":"https:\/\/www.koalacreek.info\/de\/wp-json\/wp\/v2\/users\/4"}],"replies":[{"embeddable":true,"href":"https:\/\/www.koalacreek.info\/de\/wp-json\/wp\/v2\/comments?post=7540"}],"version-history":[{"count":3,"href":"https:\/\/www.koalacreek.info\/de\/wp-json\/wp\/v2\/pages\/7540\/revisions"}],"predecessor-version":[{"id":7777,"href":"https:\/\/www.koalacreek.info\/de\/wp-json\/wp\/v2\/pages\/7540\/revisions\/7777"}],"wp:attachment":[{"href":"https:\/\/www.koalacreek.info\/de\/wp-json\/wp\/v2\/media?parent=7540"}],"curies":[{"name":"wp","href":"https:\/\/api.w.org\/{rel}","templated":true}]}}