{"id":7534,"date":"2022-05-24T14:48:14","date_gmt":"2022-05-24T12:48:14","guid":{"rendered":"https:\/\/www.koalacreek.info\/?page_id=7534"},"modified":"2025-04-10T13:55:23","modified_gmt":"2025-04-10T11:55:23","slug":"dachzelt-auf-anhaenger","status":"publish","type":"page","link":"https:\/\/www.koalacreek.info\/de\/dachzelt-auf-anhaenger\/","title":{"rendered":"Dachzelt auf Anh\u00e4nger"},"content":{"rendered":"\n<h1><strong>DACHZELT AUF ANH\u00c4NGER<\/strong><\/h1>\n<p>F\u00fcr viele Menschen ist das Reisen durch die Natur in einem fernen Land ein wahrer Traum. Die meisten Menschen mit diesem Traum z\u00f6gern jedoch,\u00a0 weil sie in der Natur schlafen m\u00fcssen. Sie machen sich im Voraus Gedanken \u00fcber das Ungeziefer, das an ihrem Urlaubsort auf dem Boden lebt. Um in der Natur nicht auf dem Boden zu schlafen, ist ein Dachzelt auf einem Anh\u00e4nger eine gute L\u00f6sung! Wenn Sie ein Dachzelt nicht auf Ihr Auto setzen k\u00f6nnen, k\u00f6nnen Sie ein Dachzelt auf einem Anh\u00e4nger w\u00e4hlen. Ein Dachzelt, das an einem Anh\u00e4nger befestigt ist, ist die beste M\u00f6glichkeit, unter freiem Himmel zu schlafen, ohne auf dem Boden zu liegen. Bei diesem Ansatz schlafen Sie \u00fcber einem Teil Ihres eigenen Fahrzeugs. Nach der Nacht kann man sich schnell wieder auf den Weg machen, ohne allzu viel aufr\u00e4umen zu m\u00fcssen. Bei Koala Creek k\u00f6nnen Sie problemlos ein Dachzelt f\u00fcr einen Wohnwagen mieten oder kaufen. M\u00f6chten Sie mehr dar\u00fcber erfahren, warum ein Anh\u00e4nger mit Dachzelt die L\u00f6sung f\u00fcr Ihren Autourlaub ist? Dann lesen Sie weiter oder werfen Sie einen Blick auf die Bilder der <a href=\"\/de\/schau-unsere-dachzelte-auf-fahrzeugen-an\/dachzelte-auf-auflieger-und-anhaenger\/\">Erfolgsgeschichten<\/a>!<\/p>\n<h2><strong>REISEN MIT EINEM DACHZELT<\/strong><\/h2>\n<p>Das Dachzelt auf einem Anh\u00e4nger hat zahlreiche Vorteile gegen\u00fcber anderen Zelturlauben und sorgt f\u00fcr die sch\u00f6nsten Ferien. Warten Sie nicht l\u00e4nger mit dem Kauf eines \u00dcberdachungszeltes. Sie werden eine tolle Zeit mit Ihrer ganzen Familie verbringen. Ein Dachzelt f\u00fcr einen Wohnwagen bietet Bequemlichkeit, Komfort und Atmosph\u00e4re. Mit diesem Zelt ist es nicht mehr n\u00f6tig, ein Zelt am Zielort mit Zeltstangen und Heringen am Boden zu befestigen. Einen Anh\u00e4nger mit Dachzelt m\u00fcssen Sie erst am Zielort ausklappen. Dies dauert nur ein paar Minuten Ihrer Zeit. Wenn Sie sich f\u00fcr ein Dachzelt statt f\u00fcr ein normales Zelt entscheiden, sparen Sie an Ihrem Urlaubsort viel Zeit und M\u00fche. Machen Sie sich keine Sorgen \u00fcber Ungeziefer, das auf dem Boden heruml\u00e4uft, denn Sie sitzen hoch und trocken in Ihrem Dachzelt. Die Treppe erm\u00f6glicht es Ihnen, schnell vom Zelt auf den Boden zu gelangen.<\/p>\n<h2><strong>ANBRINGEN EINES DACHZELTS AN EINEM ANH\u00c4NGER<\/strong><\/h2>\n<p>Ein Koala Creek Dachzelt kann nicht nur auf dem Dachtr\u00e4ger Ihres Autodachs befestigt werden. Wenn Sie keinen Dachgep\u00e4cktr\u00e4ger auf Ihrem Auto haben, oder wenn Sie bereits eine Dachbox auf dem Dach Ihres Autos haben, bieten wir auch die M\u00f6glichkeit, ein Dachzelt auf einem Anh\u00e4nger hinter dem Auto zu montieren. Das Dachzelt des Anh\u00e4ngers wird die meiste Zeit komplett weggeklappt sein, so dass die Sicht w\u00e4hrend der Fahrt nicht behindert wird. Besonders quadratische Anh\u00e4nger sind ideal f\u00fcr einen Dachzelturlaub. Der Gep\u00e4ckanh\u00e4nger erm\u00f6glicht es Ihnen, den Stauraum w\u00e4hrend Ihrer Reise zu vergr\u00f6\u00dfern. Im Gep\u00e4ckraum des Anh\u00e4ngers lassen sich alle Dinge, die Sie zu brauchen, problemlos unterbringen. Anschlie\u00dfend montieren Sie das Dachzelt auf dem Anh\u00e4nger.<\/p>\n<p>\u00a0<\/p>\n\n\n<h2><strong>KOMFORTABLER URLAUB IN EINEM WOHNWAGEN MIT DACHZELT<\/strong><\/h2>\n<p>Der gr\u00f6\u00dfte Vorteil eines Dachzelturlaubs besteht darin, dass Sie v\u00f6llig frei sind. Sie k\u00f6nnen mit Ihrem , Anh\u00e4nger f\u00fcr Dachzelt, Auto oder <a href=\"\/de\/dachzelt-caddy\/\">Caddy<\/a> eine Fahrt durch die Landschaft oder einen Road Trip unternehmen. Wenn Sie einen Dachzeltanh\u00e4nger an Ihrem Auto befestigt haben, k\u00f6nnen Sie jederzeit und \u00fcberall anhalten, um zu schlafen. Diese Freiheit macht den Reiz des Dachzelturlaubs aus! Au\u00dferdem sind die Dachzelte von Koala Creek sehr komfortabel und Sie k\u00f6nnen das Innere des Zeltes dekorieren. Ideal f\u00fcr einen abenteuerlichen Ausflug mit den Kindern oder einen romantischen Kurzurlaub mit dem\/der Liebsten. Mit einem normalen Zelt ist man gezwungen, auf dem Boden oder auf einer d\u00fcnnen Matte zu schlafen. Das kann sehr unangenehm sein, wenn Sie das Zelt auf hartem Boden oder an einer Stelle mit spitzen Zweigen oder Steinen aufgestellt haben.<\/p>\n<h2><strong>HOLEN SIE SICH DAS BESTE DACHZELT AUF EINEM ANH\u00c4NGER BEI KOALA CREEK<\/strong><\/h2>\n<p>Sie k\u00f6nnen ein Anh\u00e4nger f\u00fcr Dachzelt in diesen Gesch\u00e4ften ausprobieren. Bei Koala Creek k\u00f6nnen Sie <a href=\"\/de\/dachzelt-kaufen\/\">Dachzelte nicht nur kaufen<\/a>, sondern auch vor\u00fcbergehend mieten. In unserer breiten Produktpalette, die von lokalen, europ\u00e4ischen H\u00e4ndlern angeboten wird, finden Sie f\u00fcr jede Reisegruppe ein passendes Dachzelt. Wir haben ein Dachzelt f\u00fcr einen Anh\u00e4nger f\u00fcr zwei Personen, aber auch f\u00fcr drei oder vier Personen. Wenn Sie lieber alleine schlafen, reicht ein kleines Dachzelt f\u00fcr Ihren Wohnwagen. Koala Creek ist ein umweltbewusster Anbieter von \u00dcberdachungszelten. F\u00fcr jedes verkaufte Dachzelt spenden wir an <a href=\"https:\/\/treesforall.nl\/\" target=\"_blank\" rel=\"noopener\">Trees for All<\/a>, um die Umwelt zu unterst\u00fctzen. Wenn Sie ein Dachzelt bei Koala Creek bestellen, leisten Sie auch einen Beitrag zum Umweltschutz!<\/p>\n<p>Bei Koala Creek verkaufen wir nicht nur Dachzelte, sondern auch andere <a href=\"\/de\/produkte\/dachzeltzubehoer-von-koala-creek\/\">Produkte<\/a> wie <a href=\"\/de\/produkte\/dachzeltzubehoer-von-koala-creek\/\">Dachzeltaufs\u00e4tze<\/a>, <a href=\"\/de\/produkte\/ersatzteile\/\">Ersatzteile<\/a> und\u00a0<a href=\"\/de\/produkte\/markise\/\">Markisen<\/a>. Wenn Sie Fragen zu Dachzelten haben, z\u00f6gern Sie nicht, uns zu <a href=\"\/de\/kontakt\/\">kontaktieren.<\/a> Werfen Sie einen Blick auf unsere Website, um zu sehen, was wir zu bieten haben, und finden Sie einen <a href=\"\/de\/haendler\/\">H\u00e4ndler<\/a> in Ihrer N\u00e4he!<\/p>","protected":false},"excerpt":{"rendered":"<p>DACHZELT AUF ANH\u00c4NGER F\u00fcr viele Menschen ist das Reisen durch die Natur in einem fernen Land ein wahrer Traum. Die meisten Menschen mit diesem Traum z\u00f6gern jedoch,\u00a0 weil sie in der Natur schlafen m\u00fcssen. Sie machen sich im Voraus Gedanken \u00fcber das Ungeziefer, das an ihrem Urlaubsort auf dem Boden lebt. Um in der Natur<\/p>\n","protected":false},"author":4,"featured_media":0,"parent":0,"menu_order":0,"comment_status":"closed","ping_status":"closed","template":"","meta":{"footnotes":""},"_links":{"self":[{"href":"https:\/\/www.koalacreek.info\/de\/wp-json\/wp\/v2\/pages\/7534"}],"collection":[{"href":"https:\/\/www.koalacreek.info\/de\/wp-json\/wp\/v2\/pages"}],"about":[{"href":"https:\/\/www.koalacreek.info\/de\/wp-json\/wp\/v2\/types\/page"}],"author":[{"embeddable":true,"href":"https:\/\/www.koalacreek.info\/de\/wp-json\/wp\/v2\/users\/4"}],"replies":[{"embeddable":true,"href":"https:\/\/www.koalacreek.info\/de\/wp-json\/wp\/v2\/comments?post=7534"}],"version-history":[{"count":27,"href":"https:\/\/www.koalacreek.info\/de\/wp-json\/wp\/v2\/pages\/7534\/revisions"}],"predecessor-version":[{"id":10318,"href":"https:\/\/www.koalacreek.info\/de\/wp-json\/wp\/v2\/pages\/7534\/revisions\/10318"}],"wp:attachment":[{"href":"https:\/\/www.koalacreek.info\/de\/wp-json\/wp\/v2\/media?parent=7534"}],"curies":[{"name":"wp","href":"https:\/\/api.w.org\/{rel}","templated":true}]}}