{"id":7313,"date":"2021-10-22T09:24:07","date_gmt":"2021-10-22T07:24:07","guid":{"rendered":"https:\/\/www.koalacreek.info\/koala-creek-dachzelt-cover-huelle-190-cm\/"},"modified":"2025-04-09T10:38:49","modified_gmt":"2025-04-09T08:38:49","slug":"koala-creek-dachzelt-cover-huelle-scwartz-190-cm","status":"publish","type":"page","link":"https:\/\/www.koalacreek.info\/de\/koala-creek-dachzelt-cover-huelle-scwartz-190-cm\/","title":{"rendered":"KOALA CREEK\u00ae Dachzelt Cover &#8211; H\u00fclle schwarz 190 cm."},"content":{"rendered":"<div class=\"wpb-content-wrapper\"><p>[vc_row gap=&#8221;10&#8243; content_placement=&#8221;top&#8221; css=&#8221;.vc_custom_1634886703023{padding-top: 50px !important;padding-bottom: 50px !important;}&#8221;][vc_column width=&#8221;1\/2&#8243;][vc_images_carousel images=&#8221;7035,5191,5195&#8243; img_size=&#8221;500&#215;500&#8243; wrap=&#8221;yes&#8221;][\/vc_column][vc_column width=&#8221;1\/2&#8243;][vc_column_text]<\/p>\n<h2>KOALA CREEK\u00ae Dachzelt Cover &#8211; H\u00fclle schwartz 190 cm. mit 8 Nylon Schnallen.<\/h2>\n<p><span style=\"font-size: 12pt;\"><i class=\"fas fa-check\" style=\"color: #ffa500;\"><\/i> F\u00fcr Dachzelte ab 2020.<br \/>\n<span style=\"font-size: 12pt;\"><i class=\"fas fa-check\" style=\"color: #ffa500;\"><\/i> Originale Qualit\u00e4t!<\/span><\/span>[\/vc_column_text][vc_row_inner equal_height=&#8221;yes&#8221; gap=&#8221;5&#8243;][vc_column_inner width=&#8221;1\/2&#8243;][vc_column_text]<span style=\"font-size: 14pt;\"><strong>Empfohlener Verkaufspreis (inkl. MwSt., exkl. Versandkosten)<\/strong><\/span><\/p>\n<p><span style=\"font-size: 18pt;\"><strong>\u20ac 239,-<\/strong><\/span>[\/vc_column_text][\/vc_column_inner][vc_column_inner width=&#8221;1\/2&#8243;][vc_btn title=&#8221;Suche deinen H\u00e4ndler&#8221; style=&#8221;classic&#8221; color=&#8221;juicy-pink&#8221; link=&#8221;url:https%3A%2F%2Fwww.koalacreek.info%2Fde%2Fhaendler%2F|target:_blank|&#8221;][\/vc_column_inner][\/vc_row_inner][\/vc_column][\/vc_row][vc_row][vc_column][vc_tta_tabs active_section=&#8221;1&#8243;][vc_tta_section title=&#8221;Beschreibung&#8221; tab_id=&#8221;1543671476182-8cf7c1ef-6ab5&#8243;][vc_column_text]<\/p>\n<h2><span style=\"color: #ff6600; font-size: 18pt;\"><em><strong><span style=\"font-size: 18pt;\"><span style=\"color: #ff6600;\">Koala Creek\u00ae <\/span><\/span>YOUR ADVENTURE STARTS HERE!<br \/>\n<\/strong><\/em><\/span>KOALA CREEK\u00ae Dachzelt Cover &#8211; H\u00fclle schwartz\u00a0 190 cm.<\/h2>\n<p>Artikelnummer: R927:KCCO190<\/p>\n<p><strong><u>GEEIGNET F\u00dcR 190 CM. Breitdachzelte<\/u><\/strong><\/p>\n<p>Die Originalabdeckung, wie sie bei einem 190 cm breiten Koala Creek\u00ae TEIDE Dachzelt geliefert wird. Hochwertiger schwarzer PVC-Bezug aus 680D &#8211; 1200 gr.\/m2. Ausgestattet mit der speziellen Rei\u00dfverschlusskonstruktion. Mit 8 verstellbaren Nylonschnallen zum Einklicken f\u00fcr eine einfache Befestigung. (Ausgenommen die 8 an der Unterseite angebrachten Gurte). Au\u00dferdem verf\u00fcgt es \u00fcber die einzigartige Koala Creek\u00ae F\u00e4higkeit, die Abdeckung unter dem Boden aufzurollen. \u00dcbersetzt mit www.DeepL.com\/Translator (kostenlose Version)<\/p>\n<p><strong><u>Montage<\/u><\/strong><\/p>\n<p>Montage genauso einfach wie das original Cover. Das Cover mit dem Rillenprofiel vorne oder hinten unter dem Boden in das Rillenprofiel einschieben und das Cover \u00fcber das Dachzelt h\u00e4ngen. Danach den Verschluss 3\/4 \u00fcber das verbleibende Rillenprofil ziehen. Rei\u00dfverschluss verbinden und vorsichtig anziehen. Achte darauf dass niks dazwischen kommt, und vor allem in den Kurven gut zu leiten. (Laschen auf den Ecken hochklappen.) 8 Riemen verbinden mit den Nylonschnallen und leicht anziehen. FERTIG!<\/p>\n<p><strong><u>UNIVERSAL<\/u><\/strong><\/p>\n<p>Diese Abdeckung passt auch f\u00fcr viele andere Marken von 190 cm. Breite Dachzelte Man muss wohl die 8 Riemen (nicht mitgeliefert) selber am Boden anbringen und befestigen.<\/p>\n<h3><span style=\"font-size: 12pt;\"><strong><u>Weitere Informationen<\/u><\/strong><\/span><\/h3>\n<p>Ein gro\u00dfes Sortiment an Koala Creek\u00ae <a href=\"https:\/\/www.koalacreek.info\/de\/produkte\/ersatzteile\/\" target=\"_blank\" rel=\"noopener\"><span style=\"font-size: 14pt;\"><strong>Reserveteile<\/strong><\/span><\/a> und <a href=\"https:\/\/www.koalacreek.info\/de\/produkte\/dachzeltzubehoer-von-koala-creek\/\" target=\"_blank\" rel=\"noopener\"><span style=\"font-size: 14pt;\"><strong>Zubeh\u00f6r<\/strong><\/span><\/a> ist lieferbar.<\/p>\n<p>Nach dem Ankauf eines KOALA CREEK\u00ae Dachzelts, kannst du Mitglied werden vom <span style=\"font-size: 14pt;\"><strong><a href=\"https:\/\/www.facebook.com\/groups\/344757855871620\" target=\"_blank\" rel=\"noopener\">Koala Creek Owners Club<\/a><\/strong><\/span> auf Facebook,<br \/>\ndamit du informiert bleibst von allen neuen Entwicklungen, Campingswochenenden und mehr.[\/vc_column_text][\/vc_tta_section][\/vc_tta_tabs][\/vc_column][\/vc_row]<\/p>\n<\/div>","protected":false},"excerpt":{"rendered":"<p>[vc_row gap=&#8221;10&#8243; content_placement=&#8221;top&#8221; css=&#8221;.vc_custom_1634886703023{padding-top: 50px !important;padding-bottom: 50px !important;}&#8221;][vc_column width=&#8221;1\/2&#8243;][vc_images_carousel images=&#8221;7035,5191,5195&#8243; img_size=&#8221;500&#215;500&#8243; wrap=&#8221;yes&#8221;][\/vc_column][vc_column width=&#8221;1\/2&#8243;][vc_column_text] KOALA CREEK\u00ae Dachzelt Cover &#8211; H\u00fclle schwartz 190 cm. mit 8 Nylon Schnallen. F\u00fcr Dachzelte ab 2020. Originale Qualit\u00e4t![\/vc_column_text][vc_row_inner equal_height=&#8221;yes&#8221; gap=&#8221;5&#8243;][vc_column_inner width=&#8221;1\/2&#8243;][vc_column_text]Empfohlener Verkaufspreis (inkl. MwSt., exkl. Versandkosten) \u20ac 239,-[\/vc_column_text][\/vc_column_inner][vc_column_inner width=&#8221;1\/2&#8243;][vc_btn title=&#8221;Suche deinen H\u00e4ndler&#8221; style=&#8221;classic&#8221; color=&#8221;juicy-pink&#8221; link=&#8221;url:https%3A%2F%2Fwww.koalacreek.info%2Fde%2Fhaendler%2F|target:_blank|&#8221;][\/vc_column_inner][\/vc_row_inner][\/vc_column][\/vc_row][vc_row][vc_column][vc_tta_tabs active_section=&#8221;1&#8243;][vc_tta_section title=&#8221;Beschreibung&#8221; tab_id=&#8221;1543671476182-8cf7c1ef-6ab5&#8243;][vc_column_text] Koala Creek\u00ae YOUR<\/p>\n","protected":false},"author":4,"featured_media":7008,"parent":0,"menu_order":2,"comment_status":"closed","ping_status":"closed","template":"","meta":{"footnotes":""},"_links":{"self":[{"href":"https:\/\/www.koalacreek.info\/de\/wp-json\/wp\/v2\/pages\/7313"}],"collection":[{"href":"https:\/\/www.koalacreek.info\/de\/wp-json\/wp\/v2\/pages"}],"about":[{"href":"https:\/\/www.koalacreek.info\/de\/wp-json\/wp\/v2\/types\/page"}],"author":[{"embeddable":true,"href":"https:\/\/www.koalacreek.info\/de\/wp-json\/wp\/v2\/users\/4"}],"replies":[{"embeddable":true,"href":"https:\/\/www.koalacreek.info\/de\/wp-json\/wp\/v2\/comments?post=7313"}],"version-history":[{"count":8,"href":"https:\/\/www.koalacreek.info\/de\/wp-json\/wp\/v2\/pages\/7313\/revisions"}],"predecessor-version":[{"id":10296,"href":"https:\/\/www.koalacreek.info\/de\/wp-json\/wp\/v2\/pages\/7313\/revisions\/10296"}],"wp:featuredmedia":[{"embeddable":true,"href":"https:\/\/www.koalacreek.info\/de\/wp-json\/wp\/v2\/media\/7008"}],"wp:attachment":[{"href":"https:\/\/www.koalacreek.info\/de\/wp-json\/wp\/v2\/media?parent=7313"}],"curies":[{"name":"wp","href":"https:\/\/api.w.org\/{rel}","templated":true}]}}