{"id":7302,"date":"2021-10-22T09:09:49","date_gmt":"2021-10-22T07:09:49","guid":{"rendered":"https:\/\/www.koalacreek.info\/produkte\/klappdachzelte\/190-cm-breite-dachzelte\/"},"modified":"2025-09-24T16:21:55","modified_gmt":"2025-09-24T14:21:55","slug":"190-cm-breite-dachzelte","status":"publish","type":"page","link":"https:\/\/www.koalacreek.info\/de\/produkte\/klappdachzelte\/190-cm-breite-dachzelte\/","title":{"rendered":"190 cm. Breite Dachzelte"},"content":{"rendered":"<div class=\"wpb-content-wrapper\"><p>[vc_row][vc_column][\/vc_column][\/vc_row][vc_row][vc_column][vc_basic_grid post_type=&#8221;ids&#8221; element_width=&#8221;3&#8243; item=&#8221;2961&#8243; grid_id=&#8221;vc_gid:1758723664774-0cebb3b1150e3a111248706e7f73b391-9&#8243; include=&#8221;6809, 5572, 10896&#8243;][vc_column_text]<\/p>\n<h2><span style=\"color: #ff6600; font-size: 18pt;\"><em><strong><span style=\"font-size: 18pt;\"><span style=\"color: #ff6600;\">Koala Creek\u00ae <\/span><\/span>YOUR ADVENTURE STARTS HERE!<\/strong><\/em><\/span><\/h2>\n<p>190 cm breit! Wirklich ger\u00e4umig. Geeignet f\u00fcr mehrere Erwachsene oder z.B. Eltern mit 1 oder 2 Kindern.<br \/>\nDies sind Dachzelte mit einer Matratzengr\u00f6\u00dfe von ca. 190 cm Breite und ca. 240 cm L\u00e4nge, f\u00fcr diejenigen, die viel Platz brauchen.<br \/>\nStarke 4-Jahreszeiten-Dachzelte mit vielen Details. Wie z.B. extra hohe XXL-Edelstahlscharniere f\u00fcr zus\u00e4tzlichen Stauraum.<br \/>\nDachzelte in absoluter Spitzenqualit\u00e4t, was die verwendeten Materialien, die Verarbeitung und die einzigartigen Details betrifft.<\/p>\n<p>Die Koala Creek 190L Modelle verf\u00fcgen \u00fcber ein extra dickes 25 mm starkes Aluminiumgestell mit Metallscharnieren.<\/p>\n<p>Ausgestattet mit dunkelgrauem, starkem 300 gr\/m2 RipStop Polycotton (technische Baumwolle) Zeltstoff.<\/p>\n<p>Das Modell 190L hat einen \u00fcberdachten Eingang, f\u00fcr den ein Unterzelt erh\u00e4ltlich ist.[\/vc_column_text][\/vc_column][\/vc_row]<\/p>\n<\/div>","protected":false},"excerpt":{"rendered":"<p>[vc_row][vc_column][\/vc_column][\/vc_row][vc_row][vc_column][vc_basic_grid post_type=&#8221;ids&#8221; element_width=&#8221;3&#8243; item=&#8221;2961&#8243; grid_id=&#8221;vc_gid:1758723664774-0cebb3b1150e3a111248706e7f73b391-9&#8243; include=&#8221;6809, 5572, 10896&#8243;][vc_column_text] Koala Creek\u00ae YOUR ADVENTURE STARTS HERE! 190 cm breit! Wirklich ger\u00e4umig. Geeignet f\u00fcr mehrere Erwachsene oder z.B. Eltern mit 1 oder 2 Kindern. Dies sind Dachzelte mit einer Matratzengr\u00f6\u00dfe von ca. 190 cm Breite und ca. 240 cm L\u00e4nge, f\u00fcr diejenigen, die viel Platz brauchen. Starke 4-Jahreszeiten-Dachzelte<\/p>\n","protected":false},"author":4,"featured_media":6856,"parent":6200,"menu_order":3,"comment_status":"closed","ping_status":"closed","template":"","meta":{"footnotes":""},"_links":{"self":[{"href":"https:\/\/www.koalacreek.info\/de\/wp-json\/wp\/v2\/pages\/7302"}],"collection":[{"href":"https:\/\/www.koalacreek.info\/de\/wp-json\/wp\/v2\/pages"}],"about":[{"href":"https:\/\/www.koalacreek.info\/de\/wp-json\/wp\/v2\/types\/page"}],"author":[{"embeddable":true,"href":"https:\/\/www.koalacreek.info\/de\/wp-json\/wp\/v2\/users\/4"}],"replies":[{"embeddable":true,"href":"https:\/\/www.koalacreek.info\/de\/wp-json\/wp\/v2\/comments?post=7302"}],"version-history":[{"count":18,"href":"https:\/\/www.koalacreek.info\/de\/wp-json\/wp\/v2\/pages\/7302\/revisions"}],"predecessor-version":[{"id":10899,"href":"https:\/\/www.koalacreek.info\/de\/wp-json\/wp\/v2\/pages\/7302\/revisions\/10899"}],"up":[{"embeddable":true,"href":"https:\/\/www.koalacreek.info\/de\/wp-json\/wp\/v2\/pages\/6200"}],"wp:featuredmedia":[{"embeddable":true,"href":"https:\/\/www.koalacreek.info\/de\/wp-json\/wp\/v2\/media\/6856"}],"wp:attachment":[{"href":"https:\/\/www.koalacreek.info\/de\/wp-json\/wp\/v2\/media?parent=7302"}],"curies":[{"name":"wp","href":"https:\/\/api.w.org\/{rel}","templated":true}]}}