{"id":6991,"date":"2021-09-17T13:35:24","date_gmt":"2021-09-17T11:35:24","guid":{"rendered":"https:\/\/www.koalacreek.info\/koala-creek-t-nutensatz-fuer-markisenmontage-auf-aluminium-dachtraeger-4er-set\/"},"modified":"2025-04-09T10:41:24","modified_gmt":"2025-04-09T08:41:24","slug":"koala-creek-t-nutensatz-fuer-markisenmontage-auf-aluminium-dachtraeger-4er-set","status":"publish","type":"page","link":"https:\/\/www.koalacreek.info\/de\/koala-creek-t-nutensatz-fuer-markisenmontage-auf-aluminium-dachtraeger-4er-set\/","title":{"rendered":"KOALA CREEK\u00ae T-Nutensatz f\u00fcr Markisenmontage auf Aluminium-Dachtr\u00e4ger (4er-Set)"},"content":{"rendered":"<div class=\"wpb-content-wrapper\"><p>[vc_row gap=&#8221;10&#8243; content_placement=&#8221;top&#8221; css=&#8221;.vc_custom_1631877038128{padding-top: 50px !important;padding-bottom: 50px !important;}&#8221;][vc_column width=&#8221;1\/2&#8243;][vc_images_carousel images=&#8221;6955&#8243; img_size=&#8221;500&#215;500&#8243; wrap=&#8221;yes&#8221;][\/vc_column][vc_column width=&#8221;1\/2&#8243;][vc_column_text]<\/p>\n<h2>KOALA CREEK\u00ae T-Nutensatz f\u00fcr Markisenmontage auf Aluminium-Dachtr\u00e4ger (4er-Set)<\/h2>\n<p><span style=\"font-size: 12pt;\"><i class=\"fas fa-check\" style=\"color: #ffa500;\"><\/i> Original wie montiert in Explorer Schutzd\u00e4chern.<br \/>\n<span style=\"font-size: 12pt;\"><i class=\"fas fa-check\" style=\"color: #ffa500;\"><\/i> Passt auch auf Schutzd\u00e4chern von vielen anderen Marken.<\/span><\/span>[\/vc_column_text][vc_row_inner equal_height=&#8221;yes&#8221; gap=&#8221;5&#8243;][vc_column_inner width=&#8221;1\/2&#8243;][vc_column_text]<span style=\"font-size: 14pt;\"><strong>Empfohlener Verkaufspreis (inkl. MwSt., exkl. Versandkosten)<\/strong><\/span><\/p>\n<p><span style=\"font-size: 18pt;\"><strong>\u20ac 15,00<\/strong><\/span>[\/vc_column_text][\/vc_column_inner][vc_column_inner width=&#8221;1\/2&#8243;][vc_btn title=&#8221;Suche deinen H\u00e4ndler&#8221; style=&#8221;classic&#8221; color=&#8221;juicy-pink&#8221; link=&#8221;url:https%3A%2F%2Fwww.koalacreek.info%2Fde%2Fhaendler%2F|target:_blank|&#8221;][\/vc_column_inner][\/vc_row_inner][\/vc_column][\/vc_row][vc_row][vc_column][vc_tta_tabs active_section=&#8221;1&#8243;][vc_tta_section title=&#8221;Beschreibung&#8221; tab_id=&#8221;1543671476182-8cf7c1ef-6ab5&#8243;][vc_column_text]<\/p>\n<h2><span style=\"color: #ff6600; font-size: 18pt;\"><em><strong><span style=\"font-size: 18pt;\"><span style=\"color: #ff6600;\">Koala Creek\u00ae <\/span><\/span>YOUR ADVENTURE STARTS HERE!<br \/>\n<\/strong><\/em><\/span><\/h2>\n<h2><strong>KOALA CREEK\u00ae T-Nutensatz f\u00fcr Markisenmontage auf Aluminium-Dachtr\u00e4ger (4er-Set)<\/strong><\/h2>\n<p><span style=\"color: #000000;\">Artikelnummer: R922:KCLT<\/span><\/p>\n<h3><span style=\"font-size: 12pt; color: #000000;\"><strong><u>Original Reserveteil<\/u><\/strong><\/span><\/h3>\n<p>Dieses Set besteht aus:<\/p>\n<p><i class=\"fas fa-circle\" style=\"color: #ffa500;\"><\/i> 4x Edelstahl-Vierkantschraube 20&#215;20 mm. ( ca. 4 mm. stark) mit Gewinde M8x20<\/p>\n<p><i class=\"fas fa-circle\" style=\"color: #ffa500;\"><\/i> 4x selbstsichernde Mutter M8 aus Edelstahl<\/p>\n<p><i class=\"fas fa-circle\" style=\"color: #ffa500;\"><\/i> 4x Edelstahlring<\/p>\n<h3><span style=\"font-size: 12pt; color: #000000;\"><strong><u>Weitere Informationen<\/u><\/strong><\/span><\/h3>\n<p><span style=\"color: #000000;\">Ein umfangreiches Sortiment an Koala Creek\u00ae <span style=\"font-size: 14pt;\"><a style=\"color: #000000;\" href=\"https:\/\/www.koalacreek.info\/de\/produkte\/ersatzteile\/\" target=\"_blank\" rel=\"noopener\"><b>Reserveteilen<\/b><\/a><\/span>ist lieferbar.<\/span><\/p>\n<p><span style=\"color: #000000;\">Nach dem Ankauf eines KOALA CREEK\u00ae Dachzelts, kannst du Mitglied werden vom <span style=\"font-size: 14pt;\"><strong><a style=\"color: #000000;\" href=\"https:\/\/www.facebook.com\/groups\/344757855871620\" target=\"_blank\" rel=\"noopener\">Koala Creek Owners Club<\/a><\/strong><\/span> auf Facebook,<\/span><br \/>\n<span style=\"color: #000000;\">damit du informiert bleibst von allen neuen Entwicklungen, Campingswochenenden und mehr.<\/span>[\/vc_column_text][\/vc_tta_section][\/vc_tta_tabs][\/vc_column][\/vc_row]<\/p>\n<\/div>","protected":false},"excerpt":{"rendered":"<p>[vc_row gap=&#8221;10&#8243; content_placement=&#8221;top&#8221; css=&#8221;.vc_custom_1631877038128{padding-top: 50px !important;padding-bottom: 50px !important;}&#8221;][vc_column width=&#8221;1\/2&#8243;][vc_images_carousel images=&#8221;6955&#8243; img_size=&#8221;500&#215;500&#8243; wrap=&#8221;yes&#8221;][\/vc_column][vc_column width=&#8221;1\/2&#8243;][vc_column_text] KOALA CREEK\u00ae T-Nutensatz f\u00fcr Markisenmontage auf Aluminium-Dachtr\u00e4ger (4er-Set) Original wie montiert in Explorer Schutzd\u00e4chern. Passt auch auf Schutzd\u00e4chern von vielen anderen Marken.[\/vc_column_text][vc_row_inner equal_height=&#8221;yes&#8221; gap=&#8221;5&#8243;][vc_column_inner width=&#8221;1\/2&#8243;][vc_column_text]Empfohlener Verkaufspreis (inkl. MwSt., exkl. Versandkosten) \u20ac 15,00[\/vc_column_text][\/vc_column_inner][vc_column_inner width=&#8221;1\/2&#8243;][vc_btn title=&#8221;Suche deinen H\u00e4ndler&#8221; style=&#8221;classic&#8221; color=&#8221;juicy-pink&#8221; link=&#8221;url:https%3A%2F%2Fwww.koalacreek.info%2Fde%2Fhaendler%2F|target:_blank|&#8221;][\/vc_column_inner][\/vc_row_inner][\/vc_column][\/vc_row][vc_row][vc_column][vc_tta_tabs active_section=&#8221;1&#8243;][vc_tta_section title=&#8221;Beschreibung&#8221; tab_id=&#8221;1543671476182-8cf7c1ef-6ab5&#8243;][vc_column_text]<\/p>\n","protected":false},"author":2,"featured_media":6955,"parent":0,"menu_order":2,"comment_status":"closed","ping_status":"closed","template":"","meta":{"footnotes":""},"_links":{"self":[{"href":"https:\/\/www.koalacreek.info\/de\/wp-json\/wp\/v2\/pages\/6991"}],"collection":[{"href":"https:\/\/www.koalacreek.info\/de\/wp-json\/wp\/v2\/pages"}],"about":[{"href":"https:\/\/www.koalacreek.info\/de\/wp-json\/wp\/v2\/types\/page"}],"author":[{"embeddable":true,"href":"https:\/\/www.koalacreek.info\/de\/wp-json\/wp\/v2\/users\/2"}],"replies":[{"embeddable":true,"href":"https:\/\/www.koalacreek.info\/de\/wp-json\/wp\/v2\/comments?post=6991"}],"version-history":[{"count":9,"href":"https:\/\/www.koalacreek.info\/de\/wp-json\/wp\/v2\/pages\/6991\/revisions"}],"predecessor-version":[{"id":10299,"href":"https:\/\/www.koalacreek.info\/de\/wp-json\/wp\/v2\/pages\/6991\/revisions\/10299"}],"wp:featuredmedia":[{"embeddable":true,"href":"https:\/\/www.koalacreek.info\/de\/wp-json\/wp\/v2\/media\/6955"}],"wp:attachment":[{"href":"https:\/\/www.koalacreek.info\/de\/wp-json\/wp\/v2\/media?parent=6991"}],"curies":[{"name":"wp","href":"https:\/\/api.w.org\/{rel}","templated":true}]}}