{"id":6618,"date":"2021-08-02T13:30:32","date_gmt":"2021-08-02T11:30:32","guid":{"rendered":"https:\/\/www.koalacreek.info\/produkte\/klappdachzelte\/unterzelte\/"},"modified":"2025-05-10T15:42:35","modified_gmt":"2025-05-10T13:42:35","slug":"unterzelte","status":"publish","type":"page","link":"https:\/\/www.koalacreek.info\/de\/produkte\/klappdachzelte\/unterzelte\/","title":{"rendered":"Unterzelte"},"content":{"rendered":"<div class=\"wpb-content-wrapper\"><p>[vc_row][vc_column][vc_column_text]<\/p>\n<h1><span style=\"color: #ff6600; font-size: 18pt;\"><em><strong><span style=\"font-size: 24pt;\"><span style=\"color: #ff6600;\">Koala Creek\u00ae <\/span>YOUR ADVENTURE STARTS HERE!<\/span><br \/>\n<\/strong><\/em><\/span><span style=\"font-size: 18pt;\"><strong><span style=\"color: #000000;\">KOALA CREEK\u00ae hat 3 Arten Unterzelte:<\/span><\/strong><\/span><\/h1>\n<h2><span style=\"font-size: 14pt; color: #000000;\">KOALA CREEK\u00ae 140 und 160 <\/span><span style=\"font-size: 14pt; color: #000000;\">LW <\/span><span style=\"font-size: 14pt; color: #000000;\">universel zum <\/span><span style=\"font-size: 14pt; color: #000000;\">umziehen &#8211; Dusche &#8211; Toilette Unterzelt (H\u00f6he 190 cm.)<\/span><\/h2>\n<p><span style=\"font-size: 12pt;\">Als erstes haben wir universelle 140 und 160 cm. breite Dusche \/ Toilette \/ Umziehe Unterzelte mit einer H\u00f6he von 190 cm.<br \/>\nSowie alle <span style=\"color: #000000;\">KOALA CREEK\u00ae<\/span> Dachzelt Unterzelte, von innen versehen mit 20 cm. H\u00f6henverstellung und dadurch verwendbar zwischen ca. 170 bis 200 cm. Montageh\u00f6he.<br \/>\nDie Montage ist <strong><em>hinter der Leiter<\/em><\/strong> in den 4 Rillen. <strong>EINZIGARTIG: <em>Dies passt auch zu vielen anderen Dachzeltmarken!<\/em><\/strong><br \/>\nDiese Unterzelte haben keinen ausnehmbaren Boden weil sie eine komplett andere Verwendung haben als normale Unterzelte.<br \/>\n<\/span>Echte leichtgewicht Unterzelte, schnell montierbar f\u00fcr etwas mehr Privacy.<\/p>\n<h2><span style=\"font-size: 14pt; color: #000000;\">KOALA CREEK\u00ae Teide 140L und Teide 160L LW Unterzelt (H\u00f6he 190 cm.)<\/span><\/h2>\n<p><span style=\"font-size: 12pt;\">Die LW Unterzelte sind vollwertige Unterzelte und passen unter bestimmte <span style=\"color: #000000;\"> KOALA CREEK\u00ae Dachzelte. Montage ist in den Rillen und an dem Verschlu\u00df vom \u00fcberdachten Einstieg von den TEIDE Dachzelten. Um ein niedrigeres Gewicht zu erreichen ist es aus anderem Material hergestellt, allerdings ist das Zelttuch noch immer absolut <\/span>hochwertige Qualit\u00e4t. <\/span><span style=\"font-size: 12pt;\">Sie sind hergestellt aus grauem 420D Polyester Tuch, dieselbe Qualit\u00e4t wie das Flysheet (Isolationsdach oben auf dem Dachzelt). Unten versehen von einem 1200D-680 gr\/m2 ausnehmbaren PVC Boden. Die LW modelle haben <span style=\"color: #000000;\"><em><strong>BPM<\/strong><\/em> <em>Black Privacy Mesh<\/em><\/span> M\u00fcckengaze und an der Au\u00dfenseite eine Fenster\/T\u00fcr Abdeckung.<br \/>\nMit einer Standardh\u00f6he von 190 cm und unsere besonderer interne 20 cm. H\u00f6henverstellung verwendbar zwischen ca. 170 bis 200 cm.<\/span><\/p>\n<h2><span style=\"font-size: 14pt; color: #000000;\">KOALA CREEK\u00ae TEIDE 160L &amp; Overlander HD Unterzelt in 170 of 200 cm. h\u00f6he.<\/span><\/h2>\n<p><span style=\"font-size: 12pt;\"><span style=\"color: #000000;\">Anders als bei den meisten Dachzeltmarken ist das KOALA CREEK\u00ae HD Unterzelt aus demselben Material wie das Dachzelt. Es passt unter den TEIDE Modellen. <\/span><span style=\"color: #000000;\">Das Unterzelt hat aufrollbare durchsichtige PVC Fenster, aufrollbare Zelttuchabdeckungen vor den Fenstern und <em><strong>BPM<\/strong><\/em> <em>Black Privacy Mesh<\/em> M\u00fcckengaze. <\/span>Besonders ist auch dass die H\u00f6he intern ca. 20 cm. in der H\u00f6he verstellbar ist. Lieferbar in 2 H\u00f6hen: 170 cm. (verwendbar von ca. 150 bis 180 cm.) oder 200 cm. (verwendbar von ca. 180 bis 210 cm.) Unten versehen mit einem 1200D-680 gr\/m2 Ausnehmbaren schwarzen PVC Boden.<br \/>\n<\/span><span style=\"font-size: 12pt;\">Zudem ist ein Verl\u00e4ngerungsst\u00fcck von 20 cm. lieferbar welches montiert wird zwischen dem ausnehmbaren Boden und dem Unterzelt.<\/span>[\/vc_column_text][\/vc_column][\/vc_row][vc_row][vc_column][vc_basic_grid post_type=&#8221;ids&#8221; element_width=&#8221;3&#8243; item=&#8221;2961&#8243; grid_id=&#8221;vc_gid:1746884503025-45351fcae85ab23bc5070a861a5051e1-7&#8243; include=&#8221;5993, 6002, 6586, 10628, 8430, 6539, 6559, 6554, 10625, 6545, 8427, 7122, 7114&#8243;][\/vc_column][\/vc_row]<\/p>\n<\/div>","protected":false},"excerpt":{"rendered":"<p>[vc_row][vc_column][vc_column_text] Koala Creek\u00ae YOUR ADVENTURE STARTS HERE! KOALA CREEK\u00ae hat 3 Arten Unterzelte: KOALA CREEK\u00ae 140 und 160 LW universel zum umziehen &#8211; Dusche &#8211; Toilette Unterzelt (H\u00f6he 190 cm.) Als erstes haben wir universelle 140 und 160 cm. breite Dusche \/ Toilette \/ Umziehe Unterzelte mit einer H\u00f6he von 190 cm. Sowie alle KOALA<\/p>\n","protected":false},"author":2,"featured_media":6563,"parent":6200,"menu_order":4,"comment_status":"closed","ping_status":"closed","template":"","meta":{"footnotes":""},"_links":{"self":[{"href":"https:\/\/www.koalacreek.info\/de\/wp-json\/wp\/v2\/pages\/6618"}],"collection":[{"href":"https:\/\/www.koalacreek.info\/de\/wp-json\/wp\/v2\/pages"}],"about":[{"href":"https:\/\/www.koalacreek.info\/de\/wp-json\/wp\/v2\/types\/page"}],"author":[{"embeddable":true,"href":"https:\/\/www.koalacreek.info\/de\/wp-json\/wp\/v2\/users\/2"}],"replies":[{"embeddable":true,"href":"https:\/\/www.koalacreek.info\/de\/wp-json\/wp\/v2\/comments?post=6618"}],"version-history":[{"count":37,"href":"https:\/\/www.koalacreek.info\/de\/wp-json\/wp\/v2\/pages\/6618\/revisions"}],"predecessor-version":[{"id":10630,"href":"https:\/\/www.koalacreek.info\/de\/wp-json\/wp\/v2\/pages\/6618\/revisions\/10630"}],"up":[{"embeddable":true,"href":"https:\/\/www.koalacreek.info\/de\/wp-json\/wp\/v2\/pages\/6200"}],"wp:featuredmedia":[{"embeddable":true,"href":"https:\/\/www.koalacreek.info\/de\/wp-json\/wp\/v2\/media\/6563"}],"wp:attachment":[{"href":"https:\/\/www.koalacreek.info\/de\/wp-json\/wp\/v2\/media?parent=6618"}],"curies":[{"name":"wp","href":"https:\/\/api.w.org\/{rel}","templated":true}]}}