{"id":6614,"date":"2021-08-02T13:09:51","date_gmt":"2021-08-02T11:09:51","guid":{"rendered":"https:\/\/www.koalacreek.info\/produkte\/dachzeltzubehoer-von-koala-creek\/"},"modified":"2025-05-11T10:33:16","modified_gmt":"2025-05-11T08:33:16","slug":"dachzelt-zubehoer","status":"publish","type":"page","link":"https:\/\/www.koalacreek.info\/de\/produkte\/dachzelt-zubehoer\/","title":{"rendered":"Dachzeltzubeh\u00f6r von Koala Creek"},"content":{"rendered":"<div class=\"wpb-content-wrapper\"><p>[vc_row][vc_column][vc_empty_space height=&#8221;30px&#8221;][vc_column_text]<\/p>\n<h2>Koala Creek Dachzelt Zubeh\u00f6r<\/h2>\n<p>R\u00fcste dein Dachzelt auf mit dem Dachzeltzubeh\u00f6r von Koala Creek! Damit kannst du entspannter rein in den Campingurlaub und bist versehen mit allen Annehmlichkeiten.[\/vc_column_text][vc_basic_grid post_type=&#8221;ids&#8221; element_width=&#8221;3&#8243; item=&#8221;2961&#8243; grid_id=&#8221;vc_gid:1746952215957-21deee05daa62d7d7fc9882a42b1cb2c-4&#8243; include=&#8221;6422, 10648, 6153, 9080, 8391, 6135, 6014, 5987, 7169, 7176, 7183, 6023, 6029, 6158, 6461, 8269, 8282&#8243;][vc_empty_space height=&#8221;30px&#8221;][vc_column_text]Abenteuerliche Reisende w\u00e4hlen schon seit Jahren\u00a0<a href=\"https:\/\/www.koalacreek.info\/de\/produkte\/klappdachzelte\/\">Dachzelte<\/a>\u00a0als das Mittel f\u00fcrs Reisen und \u00fcbernachten auf der ganzen Welt. Ein Dachzelt auf deinem Fahrzeug gibt dir die M\u00f6glichkeit um \u00fcberall einen komfortablen und kompletten Schlafplatz zu kreieren. Hast du diesen Schritt schon gemacht? Dann d\u00fcrfen das n\u00f6tige Zubeh\u00f6r nicht fehlen. Das richtige Koala Creek\u00ae Dachzeltzubeh\u00f6r bringen deine Campingerfahrung n\u00e4mlich auf das n\u00e4chste Level. Koala Creek\u00ae Dachzelt Zubeh\u00f6r machen dein Verbleib komfortabler, helfen dir dabei dein Schlafplatz schneller aufzubauen und verbessern deine allgemeine Erfahrung mit einem Dachzelt. Schau unser komplettes Sortiment an Dachzeltzubeh\u00f6r an um deine ultimative Ausstattung zu finden.<\/p>\n<p>&nbsp;<\/p>\n<h2>DACHZELTZUBEH\u00d6R F\u00dcR LAGERUNG<\/h2>\n<p>&nbsp;<\/p>\n<p>Schon seit Jahren sind extra Lagerungsoptionen beliebter Dachzelt Zubeh\u00f6r. Produkte die Lagerraum vergr\u00f6\u00dfern helfen n\u00e4mlich nicht nur beim Aufbewahren von extra Sachen, sie zentralisieren dein Lager auch. Eine Gep\u00e4ckh\u00e4ngematte oder Schuhs\u00e4cke sorgen immerhin daf\u00fcr dass all deine Sachen im Dachzelt aufbewahrt werden k\u00f6nnen. Dies steht gegen\u00fcber dem lagern in deinem Fahrzeug. Dadurch brauchst du in regnerischen N\u00e4chten dein Dachzelt nicht zu verlassen. Du kreierst einen zentralen Wohnraum, wie sch\u00f6n! Auch vergr\u00f6\u00dfern Aufbewahrm\u00f6glichkeiten wie Dachzeltzubeh\u00f6r deinen m\u00f6glichen Lagerraum. Indem Sachen h\u00f6her aufbewahrt werden, kannst du dir sicher sein dass diese Sachen bei eventuellem Regenfall nicht nass werden. M\u00f6chtest du richtig gut vorbereitet sein? Schau dir dann auch die n\u00f6tigen Koala Creek\u00ae\u00a0<a href=\"https:\/\/www.koalacreek.info\/de\/produkte\/ersatzteile\/\">Reserveteile<\/a>\u00a0an f\u00fcr dein Dachzelt. So stehst du nie vor unerwarteten Problemen.<\/p>\n<p>&nbsp;<\/p>\n<h2>ANDERER DACHZELTZUBEH\u00d6R<\/h2>\n<p>&nbsp;<\/p>\n<p>Anderer oft gew\u00e4hlter Dachzeltzubeh\u00f6r ist Anti-kondensmatten, verstellbare Einstiegsstufen und Produkte f\u00fcr Dachzelt Befestigung.<\/p>\n<p>Entscheide dich f\u00fcr eine Anti-kondensmatte als Dachzeltzubeh\u00f6r wenn du dir sicher sein willst dass sich keine Feuchtigkeit zwischen der Matratze und der Aluminium Bodenplatte sammelt. W\u00e4hle eine Variante die mit den Ma\u00dfen \u00fcbereinstimmt mit deiner spezifischen Matratze. Diese Anti-kondensmatten sind flexibel, wodurch sie zusammen mit dem Dachzelt eingeklappt werden k\u00f6nnen. So kannst du sorgenfrei und trocken dahin tr\u00e4umen! Dadurch dass die Anti-kondensmatten speziell f\u00fcr Dachzelte hergestellt sind, passen sie nahtlos zu anderen Koala Creek Produkten, und sind langlebig.<\/p>\n<p>F\u00fcr viele 4x4s sowie ein\u00a0<a href=\"https:\/\/www.landrover.nl\/index.html\">Land Rover<\/a>\u00a0oder\u00a0<a href=\"https:\/\/www.toyota.nl\/index.json\">Toyota<\/a>\u00a0sind verstellbare Rad steps unverzichtbar! Dieser Dachzeltzubeh\u00f6r erm\u00f6glicht einen einfachen Einstieg in einen Bus oder h\u00f6heres (Personen)Auto zu steigen. Die Einstiegsstufen sind komplett verstellbar weshalb sie auf beinahe alle Reifen passen. Zudem sind sie sehr kompakt faltbar, weshalb sie wenig kostbaren Lagerraum einnehmen. Die Einstiegsstufen sind aus Riffelblech, was nachhaltig ist und abenteuerlich aussieht.<\/p>\n<p>&nbsp;<\/p>\n<p>Hast du eine Markise um den Wohnraum in deinem Dachzelt zu vergr\u00f6\u00dfern? Dann d\u00fcrfen Koala Creek\u00ae Markisenst\u00f6cke nicht fehlen. Dieser teleskopisch aufrollbares Dachzeltzubeh\u00f6r ist komplett aus Aluminium und deshalb sehr stark aber trotzdem sehr leicht im Gewicht. Sie sind der perfekte Dachzeltzubeh\u00f6r um eine Seiten- oder Vorwand in eine Markise zu transformieren.<\/p>\n<p>&nbsp;<\/p>\n<h2><strong>Dachzelt und Zubeh\u00f6r<\/strong> <strong>bei Koala Creek\u00ae<\/strong><\/h2>\n<p>Willst du gut schlafen? Dann investiere in ein gutes Zelt und eine gute <strong>Dachzelt Befestigung<\/strong>. Bei Koala Creek findest du die besten Materialien, die das Zelten zu einem sch\u00f6nen Erlebnis machen. Da wir selbst \u00fcber die n\u00f6tige Reise- und Campingerfahrung verf\u00fcgen, wissen wir genau, wonach du bei <strong>Dachzelt Zubeh\u00f6r<\/strong> suchst. Unsere Produkte sind bei verschiedenen H\u00e4ndlern in ganz Europa erh\u00e4ltlich. Du willst also gut ger\u00fcstet in den Urlaub fahren? Dann findest du <a href=\"https:\/\/www.koalacreek.info\/de\/haendler\/\">hier<\/a> die Standorte der Gesch\u00e4fte, in denen du uns finden kannst.[\/vc_column_text][\/vc_column][\/vc_row]<\/p>\n<\/div>","protected":false},"excerpt":{"rendered":"<p>[vc_row][vc_column][vc_empty_space height=&#8221;30px&#8221;][vc_column_text] Koala Creek Dachzelt Zubeh\u00f6r R\u00fcste dein Dachzelt auf mit dem Dachzeltzubeh\u00f6r von Koala Creek! Damit kannst du entspannter rein in den Campingurlaub und bist versehen mit allen Annehmlichkeiten.[\/vc_column_text][vc_basic_grid post_type=&#8221;ids&#8221; element_width=&#8221;3&#8243; item=&#8221;2961&#8243; grid_id=&#8221;vc_gid:1746952215957-21deee05daa62d7d7fc9882a42b1cb2c-4&#8243; include=&#8221;6422, 10648, 6153, 9080, 8391, 6135, 6014, 5987, 7169, 7176, 7183, 6023, 6029, 6158, 6461, 8269, 8282&#8243;][vc_empty_space height=&#8221;30px&#8221;][vc_column_text]Abenteuerliche Reisende w\u00e4hlen schon<\/p>\n","protected":false},"author":2,"featured_media":0,"parent":6092,"menu_order":3,"comment_status":"closed","ping_status":"closed","template":"","meta":{"footnotes":""},"_links":{"self":[{"href":"https:\/\/www.koalacreek.info\/de\/wp-json\/wp\/v2\/pages\/6614"}],"collection":[{"href":"https:\/\/www.koalacreek.info\/de\/wp-json\/wp\/v2\/pages"}],"about":[{"href":"https:\/\/www.koalacreek.info\/de\/wp-json\/wp\/v2\/types\/page"}],"author":[{"embeddable":true,"href":"https:\/\/www.koalacreek.info\/de\/wp-json\/wp\/v2\/users\/2"}],"replies":[{"embeddable":true,"href":"https:\/\/www.koalacreek.info\/de\/wp-json\/wp\/v2\/comments?post=6614"}],"version-history":[{"count":18,"href":"https:\/\/www.koalacreek.info\/de\/wp-json\/wp\/v2\/pages\/6614\/revisions"}],"predecessor-version":[{"id":10650,"href":"https:\/\/www.koalacreek.info\/de\/wp-json\/wp\/v2\/pages\/6614\/revisions\/10650"}],"up":[{"embeddable":true,"href":"https:\/\/www.koalacreek.info\/de\/wp-json\/wp\/v2\/pages\/6092"}],"wp:attachment":[{"href":"https:\/\/www.koalacreek.info\/de\/wp-json\/wp\/v2\/media?parent=6614"}],"curies":[{"name":"wp","href":"https:\/\/api.w.org\/{rel}","templated":true}]}}