{"id":6579,"date":"2021-07-26T11:26:38","date_gmt":"2021-07-26T11:26:38","guid":{"rendered":"https:\/\/www.koalacreek.info\/produkte\/klappdachzelte\/160-cm-breite-dachzelte\/"},"modified":"2025-05-08T22:22:02","modified_gmt":"2025-05-08T20:22:02","slug":"160-cm-breite-dachzelte","status":"publish","type":"page","link":"https:\/\/www.koalacreek.info\/de\/produkte\/klappdachzelte\/160-cm-breite-dachzelte\/","title":{"rendered":"160 cm. Breite Dachzelte"},"content":{"rendered":"<div class=\"wpb-content-wrapper\"><p>[vc_row][vc_column][vc_basic_grid post_type=&#8221;ids&#8221; element_width=&#8221;3&#8243; item=&#8221;2961&#8243; grid_id=&#8221;vc_gid:1746735586089-c5ca9817fb96b991100d0c60cb3aa105-9&#8243; include=&#8221;5469, 10387, 5440, 10422, 5462, 8291, 6029&#8243;][vc_column_text]<\/p>\n<h1><\/h1>\n<p>Mit den Zwischendachzelten k\u00f6nnen Sie problemlos mit mehreren Personen campen. Wir haben Dachzelte f\u00fcr 2 Personen, <a href=\"https:\/\/www.koalacreek.info\/de\/produkte\/klappdachzelte\/190-cm-breite-dachzelte\/\">Dachzelte f\u00fcr 3-4 Personen<\/a> und <a href=\"https:\/\/www.koalacreek.info\/de\/produkte\/klappdachzelte\/160-cm-breite-dachzelte\/\">verschiedene Dachzelt f\u00fcr 2-3 Personen<\/a>. So k\u00f6nnen Sie einen wundersch\u00f6nen Campingurlaub zur zwei oder dritt genie\u00dfen. Sie k\u00f6nnen w\u00e4hlen f\u00fcr dass Koala Creek\u00ae Eiger 160K oder aus verschieden modellen Koala Creek\u00ae Teide 160L. Die Matratze ist dann 160 cm. Breit und immer 240 cm. lang! Ideals f\u00fcr Eltern mit ein Kind, oder Erwachsenen welchen etwas mehr Platz im Dach Zelt haben wollen.<\/p>\n<p>Ein 160er Dach Zelt l\u00e4sst sich leicht auf Ihrem Auto montieren. Verschiedene H\u00e4ndler verkaufen und vermieten diese sehr gefragten Modellen. Unsere <a href=\"https:\/\/www.koalacreek.info\/de\/haendler\/\">H\u00e4ndle<\/a>r k\u00f6nnen Sie auch sehr gut beraten. \u00a0V vergewissern Sie sich au\u00dferdem vor Ihrem Urlaub mit dem Dach Zelt, dass Ihr Auto in gutem Zustand ist und dass Sie die richtigen Dachtr\u00e4ger haben, die das Gewicht tragen k\u00f6nnen.<\/p>\n<h2>Vorteile des Dach Zelt f\u00fcr 2-3 Personen<\/h2>\n<p>Das Dach Zelt ist gro\u00df genug f\u00fcr 2-3 Personen, und haben einen starken, aber leichten Aluminiumrahmen, der das Dach Zelt leicht, aber sehr stabil macht. Au\u00dferdem verf\u00fcgt es \u00fcber eine Reihe praktischer Stauf\u00e4cher und man kann viele Schlafsachen im Zelt lassen. Und die Matratze von 160 x 240 cm. Ist sehr komfortabel, auch f\u00fcr Seiten Schl\u00e4fer.<\/p>\n<p>Nat\u00fcrlich hat ein Dach Zelt noch viele weitere Vorteile, wie zum Beispiel das Koala Creek\u00ae Eiger 160K oder Teide \u00a0160L Dach Zelt f\u00fcr 2-3 Personen. Es gibt es zus\u00e4tzliche Fenster und Moskitonetze, so dass das Dach Zelt insektenfrei bleibt und Sie trotzdem erfrischende Luft haben. Es gibt viele verschieden Modellen Teide 160L. Dass Overlander hat zum Beispiel Standard einen speziellen Boden von Aluminium honeycomb, extra stark beim Offroad fahren. Au\u00dferdem ein Fenster vorne im \u00fcberdachter Einstieg. Beim Koala Creek \u00ae Teide 160L Overlander wird auch Standard ein Koala Creek\u00ae DELUX Paket mitgeliefert. Darin: Eine Anti Kondens matte, einen 120 cm. Langen LED Lampe, 2 Schuhsacken und ein Gep\u00e4cknetz.<\/p>\n<h2>Leicht auf- und abbaubare Dachzelte!<\/h2>\n<p>Der gr\u00f6\u00dfte Vorteil f\u00fcr Reisende, die in einem Dach Zelt campen, besteht darin, dass es im Handumdrehen auf- und abgebaut werden kann. Innerhalb von 5 &#8211; 10 Minuten haben Sie das Dach Zelt aufgebaut oder abgebaut. Auch sind verschieden Sorten und h\u00f6hen Bodenzelte lieferbar f\u00fcr alle Koala Creek\u00ae Dachzelte.<\/p>\n<p>Willst du im morgen fr\u00fch abreisen? Das ist \u00fcberhaupt kein Problem. 10 Minuten alles offen und l\u00fcften lassen. \u00a0Innerhalb von 10 Minuten sitzen Sie wieder hinter dem Steuer, um so bequem wie m\u00f6glich zu Ihrem neuen Standort zu fahren. Ist dass Dach Zelt nass oder feucht? Kein Problem wenn es innerhalb 24 Stunden wieder aufgestellt wird damit es l\u00fcften oder gebraucht werden kann.[\/vc_column_text][\/vc_column][vc_column][\/vc_column][vc_column][\/vc_column][\/vc_row][vc_row][vc_column][\/vc_column][\/vc_row]<\/p>\n<\/div>","protected":false},"excerpt":{"rendered":"<p>[vc_row][vc_column][vc_basic_grid post_type=&#8221;ids&#8221; element_width=&#8221;3&#8243; item=&#8221;2961&#8243; grid_id=&#8221;vc_gid:1746735586089-c5ca9817fb96b991100d0c60cb3aa105-9&#8243; include=&#8221;5469, 10387, 5440, 10422, 5462, 8291, 6029&#8243;][vc_column_text] Mit den Zwischendachzelten k\u00f6nnen Sie problemlos mit mehreren Personen campen. Wir haben Dachzelte f\u00fcr 2 Personen, Dachzelte f\u00fcr 3-4 Personen und verschiedene Dachzelt f\u00fcr 2-3 Personen. So k\u00f6nnen Sie einen wundersch\u00f6nen Campingurlaub zur zwei oder dritt genie\u00dfen. Sie k\u00f6nnen w\u00e4hlen f\u00fcr dass Koala<\/p>\n","protected":false},"author":2,"featured_media":6860,"parent":6200,"menu_order":3,"comment_status":"closed","ping_status":"closed","template":"","meta":{"footnotes":""},"_links":{"self":[{"href":"https:\/\/www.koalacreek.info\/de\/wp-json\/wp\/v2\/pages\/6579"}],"collection":[{"href":"https:\/\/www.koalacreek.info\/de\/wp-json\/wp\/v2\/pages"}],"about":[{"href":"https:\/\/www.koalacreek.info\/de\/wp-json\/wp\/v2\/types\/page"}],"author":[{"embeddable":true,"href":"https:\/\/www.koalacreek.info\/de\/wp-json\/wp\/v2\/users\/2"}],"replies":[{"embeddable":true,"href":"https:\/\/www.koalacreek.info\/de\/wp-json\/wp\/v2\/comments?post=6579"}],"version-history":[{"count":14,"href":"https:\/\/www.koalacreek.info\/de\/wp-json\/wp\/v2\/pages\/6579\/revisions"}],"predecessor-version":[{"id":10424,"href":"https:\/\/www.koalacreek.info\/de\/wp-json\/wp\/v2\/pages\/6579\/revisions\/10424"}],"up":[{"embeddable":true,"href":"https:\/\/www.koalacreek.info\/de\/wp-json\/wp\/v2\/pages\/6200"}],"wp:featuredmedia":[{"embeddable":true,"href":"https:\/\/www.koalacreek.info\/de\/wp-json\/wp\/v2\/media\/6860"}],"wp:attachment":[{"href":"https:\/\/www.koalacreek.info\/de\/wp-json\/wp\/v2\/media?parent=6579"}],"curies":[{"name":"wp","href":"https:\/\/api.w.org\/{rel}","templated":true}]}}