{"id":6572,"date":"2021-07-26T11:23:21","date_gmt":"2021-07-26T11:23:21","guid":{"rendered":"https:\/\/www.koalacreek.info\/produkte\/klappdachzelte\/140-cm-breite-dachzelte\/"},"modified":"2025-05-10T11:03:50","modified_gmt":"2025-05-10T09:03:50","slug":"140-cm-breite-dachzelte","status":"publish","type":"page","link":"https:\/\/www.koalacreek.info\/de\/produkte\/klappdachzelte\/140-cm-breite-dachzelte\/","title":{"rendered":"140 cm. Breite Dachzelte"},"content":{"rendered":"<div class=\"wpb-content-wrapper\"><p>[vc_row][vc_column][vc_empty_space height=&#8221;30px&#8221;][vc_basic_grid post_type=&#8221;ids&#8221; element_width=&#8221;3&#8243; item=&#8221;2961&#8243; grid_id=&#8221;vc_gid:1746867805902-96ec5a5d666cebc49049058f69a43fd0-3&#8243; include=&#8221;6527, 9999, 6023&#8243;][vc_empty_space height=&#8221;30px&#8221;][\/vc_column][\/vc_row][vc_row][vc_column][vc_column_text]Mit den Dachzelten k\u00f6nnen Sie problemlos zu zweit campen gehen. Wir haben <a href=\"https:\/\/www.koalacreek.info\/de\/koala-creek-dachzelt-teide-140l-mit-ueberdachtem-einstieg\/\">Dachzelte f\u00fcr 2 Personen<\/a>, Dachzelte f\u00fcr 2-3 \u00a0Personen (160 cm breit) \u00a0und ein Dachzelt f\u00fcr 2 \u2013 4 \u00a0Personen (190 cm. Breit). \u00a0So k\u00f6nnen Sie auch einen wunderbaren Campingurlaub mit zwei Personen genie\u00dfen.<\/p>\n<p>Dieses Koala Creek\u00ae Teide 140L Dachzelt l\u00e4sst sich einfach auf Ihrem Auto montieren mit die dabei gelierte Montagematerialen. Bei viele \u00a0<a href=\"https:\/\/www.koalacreek.info\/de\/haendler\/\">H\u00e4ndler<\/a> Sie haben auch die M\u00f6glichkeit das Dachzelt nicht nur zu kaufen aber auch zu mieten. Ist es Ihr erstes Mal in einem Dachzelt? Dann ist es ratsam, sich gut beraten zu lassen. Und sich vielleicht \u00a0f\u00fcr ein gemietetes statt f\u00fcr ein gekauftes Dachzelt zu entscheiden. Wenn Sie mit ein Dachzelt in den Urlaub gehen wollen sollten Sie sich auch vergewissern, dass Ihr Auto in einem guten Zustand ist und dass Sie die richtigen Dachtr\u00e4ger haben, um das Gewicht zu tragen. Ihr Koala Creek\u00ae H\u00e4ndler kann Sie Rat geben.<\/p>\n<h2>Vorteile des 2-Personen-Dachzelts Koala Creek\u00ae Teide 140L.<\/h2>\n<p>Das Koala Creek\u00ae Teide 140L Dachzelt Zelt ist gro\u00df genug f\u00fcr 2 Personen mit einer Matratze von 140 x 240 cm. \u00a0Die Koala Creek\u00ae Dach Zelte haben einen starken, aber leichten Aluminiumrahmen (Rohre 25 mm) \u00a0der das Dachzelt leicht, aber sehr stabil macht. Au\u00dferdem verf\u00fcgt es \u00fcber eine Reihe von praktischen Stauf\u00e4chern, und Sie k\u00f6nnen eine Menge Schlafausr\u00fcstung im Zelt unterbringen.<\/p>\n<p>Nat\u00fcrlich hat ein Dachzelt noch viele weitere Vorteile, wie zum Beispiel dieses Koala Creek\u00ae Teide 140L \u00a0\u00a02-Personen-Dachzelt. Das Dachzelt hat eine wasserdichte isolierende plane und verf\u00fcgt \u00fcber eine komfortable hochwertige Matratze. Au\u00dferdem gibt es zus\u00e4tzliche Fenster und Moskitonetze, so dass das Dachzelt insektenfrei bleibt und Sie trotzdem frische Luft haben. Das Zelt hat au\u00dferdem eine spezielle feuerhemmende Isolierschicht damit es ganz Dunkel in dass Koala Creek\u00ae Teide 140L Dach Zelt ist. Perfekt beim Ferien in zum Beispiel Skandinavien.<\/p>\n<h2>Dachzelte sind leicht auf- und abzubauen!<\/h2>\n<p>Der gr\u00f6\u00dfte Vorteil f\u00fcr Reisende die mit ein Auto und Dach Zelt campen, ist, dass es im Handumdrehen auf- und abgebaut werden kann. Innerhalb von 5 Minuten haben Sie das Dachzelt aufgebaut und k\u00f6nnen sich darin entspannen. Au\u00dferdem haben Sie Ihr Auto dabei und es gibt viele Staur\u00e4ume im Dachzelt f\u00fcr Ihre Habseligkeiten. Im Auto bleibt viel zus\u00e4tzlichen Platz f\u00fcr Ihre Sachen und Ihr Gep\u00e4ck, so dass Sie mehr mitnehmen k\u00f6nnen. Es gibt auch viele Accessoires wie zum Beispiel 2 Bodenzelte \u2013 Unterzelte oder einen <a href=\"https:\/\/www.koalacreek.info\/de\/koala-creek-dachzelt-140-delux-set\/\">DELUX set <\/a>mit eine Anti Kondens Matte, eine LED lampe von 120 cm. lang, ein Gep\u00e4cknetz und 2 Schuhtaschen. Alles von die h\u00f6chste Koala Creek\u00ae kompromisslose kwalit\u00e4t.<\/p>\n<p>Willst du morgen fr\u00fch abreisen? Das ist \u00fcberhaupt kein Problem. Lassen Sie das Dachzelt einfach 15 Minuten lang offen und lassen Sie den Wind hindurch wehen. Innerhalb von 10 Minuten sitzen Sie wieder am Steuer, fahren so bequem wie m\u00f6glich zu Ihrem neuen Standort und bauen dort Ihr Dachzelt f\u00fcr 2 Personen genauso schnell und einfach wieder auf!<\/p>\n<p>&nbsp;<\/p>\n<p>Wenn Sie weitere <a href=\"https:\/\/www.koalacreek.info\/de\/mehr-informationen\/\">Informationen<\/a> \u00fcber Dachzelte w\u00fcnschen, nehmen Sie bitte unverbindlich <a href=\"https:\/\/www.koalacreek.info\/de\/kontakt\/\">Kontakt<\/a> mit Koala Creek auf. Wir helfen Ihnen gerne weiter.[\/vc_column_text][\/vc_column][\/vc_row]<\/p>\n<\/div>","protected":false},"excerpt":{"rendered":"<p>[vc_row][vc_column][vc_empty_space height=&#8221;30px&#8221;][vc_basic_grid post_type=&#8221;ids&#8221; element_width=&#8221;3&#8243; item=&#8221;2961&#8243; grid_id=&#8221;vc_gid:1746867805902-96ec5a5d666cebc49049058f69a43fd0-3&#8243; include=&#8221;6527, 9999, 6023&#8243;][vc_empty_space height=&#8221;30px&#8221;][\/vc_column][\/vc_row][vc_row][vc_column][vc_column_text]Mit den Dachzelten k\u00f6nnen Sie problemlos zu zweit campen gehen. Wir haben Dachzelte f\u00fcr 2 Personen, Dachzelte f\u00fcr 2-3 \u00a0Personen (160 cm breit) \u00a0und ein Dachzelt f\u00fcr 2 \u2013 4 \u00a0Personen (190 cm. Breit). \u00a0So k\u00f6nnen Sie auch einen wunderbaren Campingurlaub mit zwei Personen genie\u00dfen. Dieses<\/p>\n","protected":false},"author":2,"featured_media":6858,"parent":6200,"menu_order":2,"comment_status":"closed","ping_status":"closed","template":"","meta":{"footnotes":""},"_links":{"self":[{"href":"https:\/\/www.koalacreek.info\/de\/wp-json\/wp\/v2\/pages\/6572"}],"collection":[{"href":"https:\/\/www.koalacreek.info\/de\/wp-json\/wp\/v2\/pages"}],"about":[{"href":"https:\/\/www.koalacreek.info\/de\/wp-json\/wp\/v2\/types\/page"}],"author":[{"embeddable":true,"href":"https:\/\/www.koalacreek.info\/de\/wp-json\/wp\/v2\/users\/2"}],"replies":[{"embeddable":true,"href":"https:\/\/www.koalacreek.info\/de\/wp-json\/wp\/v2\/comments?post=6572"}],"version-history":[{"count":20,"href":"https:\/\/www.koalacreek.info\/de\/wp-json\/wp\/v2\/pages\/6572\/revisions"}],"predecessor-version":[{"id":10468,"href":"https:\/\/www.koalacreek.info\/de\/wp-json\/wp\/v2\/pages\/6572\/revisions\/10468"}],"up":[{"embeddable":true,"href":"https:\/\/www.koalacreek.info\/de\/wp-json\/wp\/v2\/pages\/6200"}],"wp:featuredmedia":[{"embeddable":true,"href":"https:\/\/www.koalacreek.info\/de\/wp-json\/wp\/v2\/media\/6858"}],"wp:attachment":[{"href":"https:\/\/www.koalacreek.info\/de\/wp-json\/wp\/v2\/media?parent=6572"}],"curies":[{"name":"wp","href":"https:\/\/api.w.org\/{rel}","templated":true}]}}