{"id":6559,"date":"2021-07-26T11:19:38","date_gmt":"2021-07-26T11:19:38","guid":{"rendered":"https:\/\/www.koalacreek.info\/koala-creek-teide-160l-hd-unterzelt-170-cm-hoch\/"},"modified":"2024-01-31T13:45:36","modified_gmt":"2024-01-31T12:45:36","slug":"koala-creek-teide-160l-hd-unterzelt-170-cm-hoch","status":"publish","type":"page","link":"https:\/\/www.koalacreek.info\/de\/koala-creek-teide-160l-hd-unterzelt-170-cm-hoch\/","title":{"rendered":"KOALA CREEK\u00ae TEIDE 160L HD Unterzelt 170 cm. hoch"},"content":{"rendered":"<div class=\"wpb-content-wrapper\"><p>[vc_row gap=&#8221;10&#8243; content_placement=&#8221;top&#8221;][vc_column width=&#8221;1\/2&#8243;][vc_images_carousel images=&#8221;6562,6563,5879,5158,5025,5163,5026,5166,5165,5266,5167,5763&#8243; img_size=&#8221;500&#215;500&#8243; wrap=&#8221;yes&#8221;][\/vc_column][vc_column width=&#8221;1\/2&#8243;][vc_column_text]<\/p>\n<h2>KOALA CREEK TEIDE 160L HD UNTERZELT 170 CM. HOCH<\/h2>\n<p><span style=\"font-size: 12pt;\"><i class=\"fas fa-check\" style=\"color: #ffa500;\"><\/i> 5 m2 mehr Raum.<br \/>\n<span style=\"font-size: 12pt;\"><i class=\"fas fa-check\" style=\"color: #ffa500;\"><\/i> Selber Stoff wie Dachzelt.<br \/>\n<span style=\"font-size: 12pt;\"><i class=\"fas fa-check\" style=\"color: #ffa500;\"><\/i> Bodenba\u00dfe ca. 230 x 220 cm.<br \/>\n<span style=\"font-size: 12pt;\"><i class=\"fas fa-check\" style=\"color: #ffa500;\"><\/i> BPM Gazefenster und PVC Fenster.<br \/>\n<span style=\"font-size: 12pt;\"><i class=\"fas fa-check\" style=\"color: #ffa500;\"><\/i> ca. 20 cm. in H\u00f6he verstellbar!<br \/>\n<span style=\"font-size: 12pt;\"><i class=\"fas fa-check\" style=\"color: #ffa500;\"><\/i> 2 Jahre Garantie.<\/span><\/span><\/span><\/span><\/span><\/span>[\/vc_column_text][vc_row_inner equal_height=&#8221;yes&#8221; gap=&#8221;5&#8243;][vc_column_inner width=&#8221;1\/2&#8243;][vc_column_text]<span style=\"font-size: 14pt;\"><strong>Empfohlener Verkaufspreis (inkl. MwSt., exkl. Versandkosten)<\/strong><\/span><\/p>\n<p><span style=\"font-size: 18pt;\"><strong>\u20ac 599,-<\/strong><\/span>[\/vc_column_text][\/vc_column_inner][vc_column_inner width=&#8221;1\/2&#8243;][vc_btn title=&#8221;Suche deinen H\u00e4ndler&#8221; style=&#8221;classic&#8221; color=&#8221;juicy-pink&#8221; link=&#8221;url:https%3A%2F%2Fwww.koalacreek.info%2Fde%2Fhaendler%2F|target:_blank|&#8221;][\/vc_column_inner][\/vc_row_inner][\/vc_column][\/vc_row][vc_row][vc_column][vc_tta_tabs active_section=&#8221;1&#8243;][vc_tta_section title=&#8221;Beschreibung&#8221; tab_id=&#8221;1543671476182-8cf7c1ef-6ab5&#8243;][vc_column_text]<\/p>\n<h2><span style=\"color: #ff6600; font-size: 18pt;\"><em><strong><span style=\"font-size: 18pt;\"><span style=\"color: #ff6600;\">Koala Creek\u00ae <\/span><\/span>YOUR ADVENTURE STARTS HERE!<br \/>\n<\/strong><\/em><\/span><strong>KOALA CREEK\u00ae TEIDE 160L HD Unterzelt 170 cm. hoch<\/strong><\/h2>\n<p>Artikelnummer: R27:KC160-OT170RS<\/p>\n<h3><span style=\"font-size: 12pt;\"><strong><u>Geeignet f\u00fcr Teide 160L Modelle<\/u><\/strong><\/span><\/h3>\n<p>Dieses Unterzelt ist speziell hergestellt f\u00fcr die Verwendung unter TEIDE 160L und TEIDE 160L Overlander Modellen. 170 cm hoch wird h\u00e4ufiger verwendet auf PKWs und Aufliegern. Hier mit bildest Du unter dein Dachzelt eine grosses dichtes Raum von ca. 230 x 220 cm. Also gro\u00df genug f\u00fcr zum Beispiel 2 extra Schlafpl\u00e4tze, dein Haustier, oder einen trockener Verbleib bei weniger gutem Wetter.<\/p>\n<h3><span style=\"font-size: 12pt;\"><strong><u>Das Material<\/u><\/strong><\/span><\/h3>\n<p>Dies ist ein hochwertiges Unterzelt welches dieselben strengen Kriterien erf\u00fcllt und dieselbe Verarbeitung hat wie ein Koala Creek\u00ae Dachzelt. Diese HD Ausf\u00fchrung ist hergestellt aus demselben Stoff wie das Dachzelt und hat abgesehen von BPM Gazfenstern auch PVC Fenster, sodass du viel Licht reinlassen kannst und nach drau\u00dfen gucken kannst. An der Vorderseite ist eine gro\u00dfe T\u00fcr aus der du auch ein Schutzdach machen kannst <span style=\"font-size: 12pt;\">(mit optionellem Pfostenset)<\/span>. Zudem ist auch eine r\u00e4umliche T\u00fcr an der R\u00fcckseite mit der du vom Unterzelt ins Auto kannst.<\/p>\n<h3><span style=\"font-size: 12pt;\"><strong><u>H\u00f6henverstellung<\/u><\/strong><\/span><\/h3>\n<p>Das besondere an allen Koala Creek\u00ae Unterzelten ist die Speziale H\u00f6henverstellung an der Oberseite im Unterzelt. So kann man es ca. 20 cm in der H\u00f6he verstellen. Dadurch ist es verwendbar von ca. 150 &#8211; 180 cm. Bodenh\u00f6he.<\/p>\n<h3><span style=\"font-size: 12pt;\"><strong><u>Weitere Informationen<\/u><\/strong><\/span><\/h3>\n<p>Verschiedene andere <span style=\"font-size: 14pt;\"><a href=\"https:\/\/www.koalacreek.info\/de\/produkte\/klappdachzelte\/unterzelte\/\" target=\"_blank\" rel=\"noopener\"><strong>Unterzelte<\/strong><\/a><\/span> und zu einem Dachzelt passender <span style=\"font-size: 14pt;\"><strong><a href=\"https:\/\/www.koalacreek.info\/de\/produkte\/dachzeltzubehoer-von-koala-creek\/\" target=\"_blank\" rel=\"noopener\">Zubeh\u00f6r<\/a><\/strong><\/span> ist auch lieferbar.<\/p>\n<p>Nach dem Ankauf eines KOALA CREEK\u00ae Dachzelts, kannst du Mitglied werden vom <span style=\"font-size: 14pt;\"><strong><a href=\"https:\/\/www.facebook.com\/groups\/344757855871620\" target=\"_blank\" rel=\"noopener\">Koala Creek Owners Club<\/a><\/strong><\/span> auf Facebook,<br \/>\ndamit du informiert bleibst von allen neuen Entwicklungen, Campingswochenenden und mehr.[\/vc_column_text][\/vc_tta_section][vc_tta_section title=&#8221;Gebrauch Unterzelt&#8221; tab_id=&#8221;1542227704614-40c57c7e-1b9c&#8221;][vc_column_text]<\/p>\n<h2><span style=\"color: #ff6600; font-size: 18pt;\"><em><strong><span style=\"font-size: 18pt;\"><span style=\"color: #ff6600;\">Koala Creek\u00ae <\/span><\/span>YOUR ADVENTURE STARTS HERE!<br \/>\n<\/strong><\/em><\/span><strong>KOALA CREEK\u00ae TEIDE 160L HD Unterzelt 170 cm. hoch<\/strong><\/h2>\n<h3><span style=\"font-size: 12pt;\"><strong><u>Das Unterzelt montieren<\/u><\/strong><\/span><\/h3>\n<p>Entferne das Cover falls dieses noch an der Vorderseite unter dem Dachzelt ist. Oder montiere das Cover so, sodass es an der R\u00fcckseite vom Dachzelt aufgerollt aufbewahrt werden kann. Schiebe die Leiter rein und H\u00e4nge sie fest. Montiere noch keine Fensteraussteller. Schiebe die Unterzelt Rille in den Boden beim Auto. Nehme den Unterzelt Verschlusszieher, befestige den Verschlu\u00df und ziehe ihn vorsichtig zu.<\/p>\n<h3><span style=\"font-size: 12pt;\"><strong><u>Weiter montieren.<\/u><\/strong><\/span><\/h3>\n<p>Jetzt kannst du die Dachzelt Fensteraussteller montieren oben am Verschlu\u00df. Den Boden kannst du auch einritzen. Danach bringst du das Unterzelt auf die richtige H\u00f6he mit den H\u00f6henversteller oben an der Innseite des Unterzeltes. Dieses Unterzelt kannst du verstellen auf eine Dachzeltbodenh\u00f6he von ca. 150 &#8211; 180 cm. Es ist auch ein optioneller Unterzelt Extender lieferbar bis 20 cm. Der passt perfekt zwischen dem Boden und dem Unterzelt.<\/p>\n<h3><span style=\"font-size: 12pt;\"><strong><u>Abspannen<\/u><\/strong><\/span><\/h3>\n<p>Entnehme die Heringe aus der T\u00fcte. Dort befinden sich auch Gummib\u00e4nder von denen man eventuell Abspanngummis machen kann zwischen Unterzelt und den Heringen. Fange an mit den 4 Ecken und platziere danach die \u00fcbrigen 8 Heringe. Auf einer H\u00f6he von ca. 1 Meter sind an den Ecken noch 4 Luschen an denen man eventuell auch Abspannlinien montieren kann.<\/p>\n<p><span style=\"font-size: 12pt;\"><strong><u>Gebrauch und Material<\/u><\/strong><\/span><\/p>\n<p>Das Unterzelt ist absolut Wasserdicht und die Au\u00dfenseite trocknet schnell. Das 300 gr\/m2 Ripstop Polycotton (Technische Baumwolle) Zelttuch ist innen ausgestattet mit unserem speziell dunklen, brandfesten und k\u00fchlenden FRID Coating. (Flame Retardant Inside Dark). \u00dcber dem Fenster sind aufrollbare Abdeckungen. Dadrunter sind aufrollbare PVC Fenster und dadrunter sind BPM Gazefenster. Hinter der Vort\u00fcr ist auch noch eine BPM Gazet\u00fcr. Von dieser T\u00fcr kannst du mit dem optionellen Pfostenset ein Schutzdach machen. Mit einer Hintert\u00fcr kannst du ins Auto kommen. Alle Fenster und T\u00fcren haben YKK Versch\u00fcsse. Anstatt Ring und Stift verwenden wir Click-In Schnallen.<\/p>\n<h3><span style=\"font-size: 12pt;\"><strong><u>Das Unterzelt aufbewahren<\/u><\/strong><\/span><\/h3>\n<p>Das Unterzelt und der ausnehmbare Boden werden geliefert in stabielen S\u00e4cken. Sollte das Unterzelt nass oder feucht aufgestaut werden, dann muss dieses innerhalb ca. 24 Stunden trocknen oder l\u00fcften.<\/p>\n<p>Auf unserer <strong><a href=\"https:\/\/www.koalacreek.info\/de\/faq\/\" target=\"_blank\" rel=\"noopener\">FAQ<\/a><\/strong> Seite kannst du viele Antworten auf Fragen finden.[\/vc_column_text][vc_column_text][\/vc_column_text][\/vc_tta_section][vc_tta_section title=&#8221;Technische Beschreibung&#8221; tab_id=&#8221;1542227704614-94c2c83e-6334&#8243;][vc_column_text]<\/p>\n<h2><span style=\"color: #ff6600; font-size: 18pt;\"><em><strong><span style=\"font-size: 18pt;\"><span style=\"color: #ff6600;\">Koala Creek\u00ae <\/span><\/span>YOUR ADVENTURE STARTS HERE!<br \/>\n<\/strong><\/em><\/span><strong>KOALA CREEK\u00ae TEIDE 160L HD Unterzelt 170 cm. hoch<\/strong><\/h2>\n<h3><span style=\"font-size: 12pt;\"><strong><u>Hauptma\u00dfe<\/u><\/strong><\/span><\/h3>\n<p><span style=\"font-size: 12pt;\">Aufgebaut ca. 220 x 230 cm. Bodenoberfl\u00e4che.<\/span><br \/>\n<span style=\"font-size: 12pt;\">Versehen von 20 cm H\u00f6henverstellung.<\/span><br \/>\n<span style=\"font-size: 12pt;\">Verwendbar von ca. 150 &#8211; 180 cm.<\/span><br \/>\n<span style=\"font-size: 12pt;\">Ein echtes 4 Jahreszeiten Unterzelt.<\/span><\/p>\n<p>&nbsp;<\/p>\n<p><span style=\"font-size: 12pt; color: #000000;\"><strong><u>Details make the difference<\/u><\/strong><\/span><\/p>\n<p><span style=\"font-size: 12pt; color: #000000;\"><strong>Aufbewahren:<\/strong> Alles ist in mehreren starken S\u00e4cken.<\/span><br \/>\n<span style=\"font-size: 12pt; color: #000000;\"><strong>Boden:<\/strong> ca. 680D &#8211; 1200 gr\/m2 starkes schwarzes PVC Tuch mit Rei\u00dfverschlu\u00df.<\/span><br \/>\n<span style=\"font-size: 12pt; color: #000000;\"><strong>Zelttuch:<\/strong> Grau 300 gr\/m2 RipStop polycotton. (Technische Baumwolle) mit FRID coating.<\/span><br \/>\n<span style=\"font-size: 12pt; color: #000000;\"><strong>FRID:<\/strong> Flame Retardant Inside Dark coating! Absolut dunkel im Unterzelt.<\/span><br \/>\n<span style=\"font-size: 12pt; color: #000000;\"><strong>Fenster: <\/strong>3 Lagen Fenster BPM mesh &#8211; PVC Fenster &#8211; Zelttuchabdeckung.<br \/>\n<strong>Insektengaze:<\/strong> <strong>BPM<\/strong> = Black Privacy Mesh in den 2 Fenster und Eingangst\u00fcr.<br \/>\n<\/span><span style=\"font-size: 12pt; color: #000000;\"><strong>T\u00fcren:<\/strong> 2 St\u00fcck, eine gro\u00dfe Eingangst\u00fcr und eine T\u00fcr zum Auto.<\/span><br \/>\n<span style=\"font-size: 12pt; color: #000000;\">Die Eingangst\u00fcr hat aufrollbare BPM Gaze und man kann auch ein Schutzdach daraus machen.<\/span><br \/>\n<span style=\"font-size: 12pt; color: #000000;\">(Mit optionellem Pfostenset).<\/span><br \/>\n<span style=\"font-size: 12pt; color: #000000;\"><strong>Schnallen:<\/strong> Dort wo m\u00f6glich click in Schnallen anstatt Stabringe.<\/span><br \/>\n<span style=\"font-size: 12pt; color: #000000;\"><strong>N\u00e4hte:<\/strong> doppelt gen\u00e4ht und im inneren hot seal tape. (Wasserdicht).<\/span><br \/>\n<span style=\"font-size: 12pt; color: #000000;\"><strong>Rei\u00dfverschl\u00fcsse:<\/strong> Die Verschl\u00fcsse in den 2 Fenstern und 2 T\u00fcren sind von YKK mit extra Ziehlusche.<br \/>\n<b>Abspannlinien: <\/b>Es werden 4 dicke orangene Abspannlinien mitgeliefert die an den 4 Luschen montiert werden k\u00f6nnen.<br \/>\n<strong>Heringe:<\/strong> 16 lange Stabile Heringe sind auch im Zubeh\u00f6rsack.<br \/>\n<\/span>[\/vc_column_text][\/vc_tta_section][\/vc_tta_tabs][\/vc_column][\/vc_row]<\/p>\n<\/div>","protected":false},"excerpt":{"rendered":"<p>[vc_row gap=&#8221;10&#8243; content_placement=&#8221;top&#8221;][vc_column width=&#8221;1\/2&#8243;][vc_images_carousel images=&#8221;6562,6563,5879,5158,5025,5163,5026,5166,5165,5266,5167,5763&#8243; img_size=&#8221;500&#215;500&#8243; wrap=&#8221;yes&#8221;][\/vc_column][vc_column width=&#8221;1\/2&#8243;][vc_column_text] KOALA CREEK TEIDE 160L HD UNTERZELT 170 CM. HOCH 5 m2 mehr Raum. Selber Stoff wie Dachzelt. Bodenba\u00dfe ca. 230 x 220 cm. BPM Gazefenster und PVC Fenster. ca. 20 cm. in H\u00f6he verstellbar! 2 Jahre Garantie.[\/vc_column_text][vc_row_inner equal_height=&#8221;yes&#8221; gap=&#8221;5&#8243;][vc_column_inner width=&#8221;1\/2&#8243;][vc_column_text]Empfohlener Verkaufspreis (inkl. MwSt., exkl. Versandkosten) \u20ac 599,-[\/vc_column_text][\/vc_column_inner][vc_column_inner<\/p>\n","protected":false},"author":2,"featured_media":6562,"parent":0,"menu_order":2,"comment_status":"closed","ping_status":"closed","template":"","meta":{"footnotes":""},"_links":{"self":[{"href":"https:\/\/www.koalacreek.info\/de\/wp-json\/wp\/v2\/pages\/6559"}],"collection":[{"href":"https:\/\/www.koalacreek.info\/de\/wp-json\/wp\/v2\/pages"}],"about":[{"href":"https:\/\/www.koalacreek.info\/de\/wp-json\/wp\/v2\/types\/page"}],"author":[{"embeddable":true,"href":"https:\/\/www.koalacreek.info\/de\/wp-json\/wp\/v2\/users\/2"}],"replies":[{"embeddable":true,"href":"https:\/\/www.koalacreek.info\/de\/wp-json\/wp\/v2\/comments?post=6559"}],"version-history":[{"count":15,"href":"https:\/\/www.koalacreek.info\/de\/wp-json\/wp\/v2\/pages\/6559\/revisions"}],"predecessor-version":[{"id":8733,"href":"https:\/\/www.koalacreek.info\/de\/wp-json\/wp\/v2\/pages\/6559\/revisions\/8733"}],"wp:featuredmedia":[{"embeddable":true,"href":"https:\/\/www.koalacreek.info\/de\/wp-json\/wp\/v2\/media\/6562"}],"wp:attachment":[{"href":"https:\/\/www.koalacreek.info\/de\/wp-json\/wp\/v2\/media?parent=6559"}],"curies":[{"name":"wp","href":"https:\/\/api.w.org\/{rel}","templated":true}]}}