{"id":6545,"date":"2021-07-26T11:02:36","date_gmt":"2021-07-26T11:02:36","guid":{"rendered":"https:\/\/www.koalacreek.info\/koala-creek-teide-160l-hd-unterzeltextender-20-cm\/"},"modified":"2025-09-13T16:37:59","modified_gmt":"2025-09-13T14:37:59","slug":"koala-creek-teide-160l-hd-unterzeltextender-20-cm","status":"publish","type":"page","link":"https:\/\/www.koalacreek.info\/de\/koala-creek-teide-160l-hd-unterzeltextender-20-cm\/","title":{"rendered":"KOALA CREEK\u00ae TEIDE 160L HD Unterzeltextender 20 cm."},"content":{"rendered":"<div class=\"wpb-content-wrapper\"><p>[vc_row gap=&#8221;10&#8243; content_placement=&#8221;top&#8221;][vc_column width=&#8221;1\/2&#8243;][vc_images_carousel images=&#8221;6548&#8243; img_size=&#8221;500&#215;500&#8243; wrap=&#8221;yes&#8221;][\/vc_column][vc_column width=&#8221;1\/2&#8243;][vc_column_text]<\/p>\n<h2>KOALA CREEK TEIDE 160L HD UNTERZELTEXTENDER 20 CM.<\/h2>\n<p><span style=\"font-size: 12pt;\"><i class=\"fas fa-check\" style=\"color: #ffa500;\"><\/i> Passt unter TEIDE 160L Unterzelten.<br \/>\n<span style=\"font-size: 12pt;\"><i class=\"fas fa-check\" style=\"color: #ffa500;\"><\/i> Erh\u00f6he dein Unterzelt mit 20 cm.<br \/>\n<span style=\"font-size: 12pt;\"><i class=\"fas fa-check\" style=\"color: #ffa500;\"><\/i> Stapelbar!<br \/>\n<\/span><\/span><\/span>[\/vc_column_text][vc_row_inner equal_height=&#8221;yes&#8221; gap=&#8221;5&#8243;][vc_column_inner width=&#8221;1\/2&#8243;][vc_column_text]<span style=\"font-size: 14pt;\"><strong>Empfohlener Verkaufspreis (inkl. MwSt., exkl. Versandkosten)<\/strong><\/span><\/p>\n<p><span style=\"font-size: 18pt;\"><strong>\u20ac 99,-\u00a0 \u00a0 <span style=\"color: #ff0000;\">(Vorher \u20ac 119.00)<\/span><\/strong><\/span>[\/vc_column_text][\/vc_column_inner][vc_column_inner width=&#8221;1\/2&#8243;][vc_btn title=&#8221;Suche deinen H\u00e4ndler&#8221; style=&#8221;classic&#8221; color=&#8221;juicy-pink&#8221; link=&#8221;url:https%3A%2F%2Fwww.koalacreek.info%2Fde%2Fhaendler%2F|target:_blank|&#8221;][\/vc_column_inner][\/vc_row_inner][\/vc_column][\/vc_row][vc_row][vc_column][vc_tta_tabs active_section=&#8221;1&#8243;][vc_tta_section title=&#8221;Beschreibung&#8221; tab_id=&#8221;1543671476182-8cf7c1ef-6ab5&#8243;][vc_column_text]<\/p>\n<h2><span style=\"color: #ff6600; font-size: 18pt;\"><em><strong><span style=\"font-size: 18pt;\"><span style=\"color: #ff6600;\">Koala Creek\u00ae <\/span><\/span>YOUR ADVENTURE STARTS HERE!<br \/>\n<\/strong><\/em><\/span><strong>KOALA CREEK\u00ae TEIDE 160L HD Unterzeltextender 20 cm.<\/strong><\/h2>\n<p>Artikelnummer: R29:KCOTV16020<\/p>\n<h3><span style=\"font-size: 12pt;\"><strong><u>Geeignet f\u00fcr Teide 160L Unterzelte<\/u><\/strong><\/span><\/h3>\n<p>Dieser Extender passt unter den HD Unterzelten die speziell f\u00fcr den gebrauch unter TEIDE 160L und TEIDE 160L Overlander Modellen hergestellt sind. So kannst du zum Beispiel das 200 cm hohe Unterzelt verwenden bis zu einer H\u00f6he von ca. 230 cm. Du kannst auch mehrere aufeinanderstapeln um noch ein H\u00f6heres Unterzelt zu machen. Extra H\u00f6he pro St\u00fcck 20 cm.<\/p>\n<h3><span style=\"font-size: 12pt;\"><strong><u>Montage<\/u><\/strong><\/span><\/h3>\n<p>Einfach einzuritzen zwischen den Ausritzbaren Boden und das Unterzelt. Der HD Extender ist hergestellt aus demselben Stoff wie das Dachzelt.<\/p>\n<h3><span style=\"font-size: 12pt;\"><strong><u>Weitere Informationen<\/u><\/strong><\/span><\/h3>\n<p>Es sind auch diverse andere <span style=\"font-size: 14pt;\"><a href=\"https:\/\/www.koalacreek.info\/de\/produkte\/klappdachzelte\/unterzelte\/\" target=\"_blank\" rel=\"noopener\"><strong>Unterzelte<\/strong><\/a><\/span> und dazu geh\u00f6riger Zubeh\u00f6r Lieferbar.<\/p>\n<p>Nach dem Ankauf eines KOALA CREEK\u00ae Dachzelts, kannst du Mitglied werden vom <span style=\"font-size: 14pt;\"><strong><a href=\"https:\/\/www.facebook.com\/groups\/344757855871620\" target=\"_blank\" rel=\"noopener\">Koala Creek Owners Club<\/a><\/strong><\/span> auf Facebook,<br \/>\ndamit du informiert bleibst von allen neuen Entwicklungen, Campingswochenenden und mehr.[\/vc_column_text][\/vc_tta_section][\/vc_tta_tabs][\/vc_column][\/vc_row]<\/p>\n<\/div>","protected":false},"excerpt":{"rendered":"<p>[vc_row gap=&#8221;10&#8243; content_placement=&#8221;top&#8221;][vc_column width=&#8221;1\/2&#8243;][vc_images_carousel images=&#8221;6548&#8243; img_size=&#8221;500&#215;500&#8243; wrap=&#8221;yes&#8221;][\/vc_column][vc_column width=&#8221;1\/2&#8243;][vc_column_text] KOALA CREEK TEIDE 160L HD UNTERZELTEXTENDER 20 CM. Passt unter TEIDE 160L Unterzelten. Erh\u00f6he dein Unterzelt mit 20 cm. Stapelbar! [\/vc_column_text][vc_row_inner equal_height=&#8221;yes&#8221; gap=&#8221;5&#8243;][vc_column_inner width=&#8221;1\/2&#8243;][vc_column_text]Empfohlener Verkaufspreis (inkl. MwSt., exkl. Versandkosten) \u20ac 99,-\u00a0 \u00a0 (Vorher \u20ac 119.00)[\/vc_column_text][\/vc_column_inner][vc_column_inner width=&#8221;1\/2&#8243;][vc_btn title=&#8221;Suche deinen H\u00e4ndler&#8221; style=&#8221;classic&#8221; color=&#8221;juicy-pink&#8221; link=&#8221;url:https%3A%2F%2Fwww.koalacreek.info%2Fde%2Fhaendler%2F|target:_blank|&#8221;][\/vc_column_inner][\/vc_row_inner][\/vc_column][\/vc_row][vc_row][vc_column][vc_tta_tabs active_section=&#8221;1&#8243;][vc_tta_section title=&#8221;Beschreibung&#8221; tab_id=&#8221;1543671476182-8cf7c1ef-6ab5&#8243;][vc_column_text] Koala Creek\u00ae<\/p>\n","protected":false},"author":2,"featured_media":9098,"parent":0,"menu_order":2,"comment_status":"closed","ping_status":"closed","template":"","meta":{"footnotes":""},"_links":{"self":[{"href":"https:\/\/www.koalacreek.info\/de\/wp-json\/wp\/v2\/pages\/6545"}],"collection":[{"href":"https:\/\/www.koalacreek.info\/de\/wp-json\/wp\/v2\/pages"}],"about":[{"href":"https:\/\/www.koalacreek.info\/de\/wp-json\/wp\/v2\/types\/page"}],"author":[{"embeddable":true,"href":"https:\/\/www.koalacreek.info\/de\/wp-json\/wp\/v2\/users\/2"}],"replies":[{"embeddable":true,"href":"https:\/\/www.koalacreek.info\/de\/wp-json\/wp\/v2\/comments?post=6545"}],"version-history":[{"count":9,"href":"https:\/\/www.koalacreek.info\/de\/wp-json\/wp\/v2\/pages\/6545\/revisions"}],"predecessor-version":[{"id":10881,"href":"https:\/\/www.koalacreek.info\/de\/wp-json\/wp\/v2\/pages\/6545\/revisions\/10881"}],"wp:featuredmedia":[{"embeddable":true,"href":"https:\/\/www.koalacreek.info\/de\/wp-json\/wp\/v2\/media\/9098"}],"wp:attachment":[{"href":"https:\/\/www.koalacreek.info\/de\/wp-json\/wp\/v2\/media?parent=6545"}],"curies":[{"name":"wp","href":"https:\/\/api.w.org\/{rel}","templated":true}]}}