{"id":6501,"date":"2021-07-24T11:21:04","date_gmt":"2021-07-24T09:21:04","guid":{"rendered":"https:\/\/www.koalacreek.info\/koala-creek-explorer-schutzdach-seitenwand-200-x-200-cm\/"},"modified":"2024-01-31T13:30:23","modified_gmt":"2024-01-31T12:30:23","slug":"koala-creek-explorer-markise-seitenwand-200-x-200-cm","status":"publish","type":"page","link":"https:\/\/www.koalacreek.info\/de\/koala-creek-explorer-markise-seitenwand-200-x-200-cm\/","title":{"rendered":"KOALA CREEK\u00ae EXPLORER Markise Seitenwand 200 x 200 cm."},"content":{"rendered":"<div class=\"wpb-content-wrapper\"><p>[vc_row gap=&#8221;10&#8243; content_placement=&#8221;top&#8221;][vc_column width=&#8221;1\/2&#8243;][vc_images_carousel images=&#8221;6495&#8243; img_size=&#8221;500&#215;500&#8243; wrap=&#8221;yes&#8221;][\/vc_column][vc_column width=&#8221;1\/2&#8243;][vc_column_text]<\/p>\n<h2><strong>KOALA CREEK\u00ae EXPLORER Markise\u00a0Seitenwand 200 x 200 cm.<\/strong><\/h2>\n<p><span style=\"font-size: 12pt;\"><i class=\"fas fa-check\" style=\"color: #ffa500;\"><\/i> Perfekte Erg\u00e4nzung f\u00fcr dein Schutzdach.<br \/>\n<span style=\"font-size: 12pt;\"><i class=\"fas fa-check\" style=\"color: #ffa500;\"><\/i> Passt an beide Seiten.<br \/>\n<span style=\"font-size: 12pt;\"><i class=\"fas fa-check\" style=\"color: #ffa500;\"><\/i> Einfache Montage.[\/vc_column_text][vc_row_inner equal_height=&#8221;yes&#8221; gap=&#8221;5&#8243;][vc_column_inner width=&#8221;1\/2&#8243;][vc_column_text]<span style=\"font-size: 14pt;\"><strong>Empfohlener Verkaufspreis (inkl. MwSt., exkl. Versandkosten)<\/strong><\/span><\/span><\/span><\/span><\/p>\n<p><span style=\"font-size: 18pt;\"><strong>\u20ac 99,-<\/strong><\/span>[\/vc_column_text][\/vc_column_inner][vc_column_inner width=&#8221;1\/2&#8243;][vc_btn title=&#8221;Suche deinen H\u00e4ndler&#8221; style=&#8221;classic&#8221; color=&#8221;juicy-pink&#8221; link=&#8221;url:https%3A%2F%2Fwww.koalacreek.info%2Fde%2Fhaendler%2F|target:_blank|&#8221;][\/vc_column_inner][\/vc_row_inner][\/vc_column][\/vc_row][vc_row][vc_column][vc_tta_tabs active_section=&#8221;1&#8243;][vc_tta_section title=&#8221;Beschreibung&#8221; tab_id=&#8221;1543671476182-8cf7c1ef-6ab5&#8243;][vc_column_text]<\/p>\n<h2><span style=\"color: #ff6600; font-size: 18pt;\"><em><strong><span style=\"font-size: 18pt;\"><span style=\"color: #ff6600;\">Koala Creek\u00ae <\/span><\/span>YOUR ADVENTURE STARTS HERE!<br \/>\n<\/strong><\/em><\/span>KOALA CREEK\u00ae EXPLORER Markise Seitenwand 200 x 200 cm.<\/h2>\n<p>Artikelnummer: R51:KCZW200<\/p>\n<h3><span style=\"font-size: 12pt;\"><strong><u>Sehr einfach<\/u><\/strong><\/span><\/h3>\n<p>Schon wieder so ein praktisches KOALA CREEK\u00ae Produkt. Verwendbar als Seitenwand fur dein Explorer <span style=\"font-size: 12pt;\">Markise<\/span>, aber mit optionellen Pfostenset auch als <span style=\"font-size: 12pt;\">Markise<\/span> zu montieren. Hergestellt aus starkem grauen 300 gr\/m2 Ripstop Polycotton Tuch (Technische Baumwolle). Ma\u00dfe ca. 200 x 200 cm. Kann sowohl Links als auch Rechts montiert werden.<\/p>\n<h3><span style=\"font-size: 12pt;\"><strong><u>Montage und Verwendung.<\/u><\/strong><\/span><\/h3>\n<p>Einfach montierbar an den horizontalen <span style=\"font-size: 12pt;\">Markise<\/span>tr\u00e4gerstangen. Kann schnell wie eine 200 cm. lange Seitenwand abgespannt werden. Aber mit den optionell erh\u00e4ltlichen in H\u00f6he verstellbaren Pfosten<span style=\"font-size: 12pt;\"> (optionales Pfostenset)<\/span>, Abspannlinien und Heringen auch als extra <span style=\"font-size: 12pt;\">Markise<\/span>montierbar!<\/p>\n<h3><span style=\"font-size: 12pt;\"><strong><u>Universell<\/u><\/strong><\/span><\/h3>\n<p>Passt als Seitenwand an das Explorer 140 (oder gr\u00f6\u00dferes) <span style=\"font-size: 12pt;\">Markise<\/span>, aber im Prinzip passt es auch an viele <span style=\"font-size: 12pt;\">Markise<\/span> von anderen Marken.<\/p>\n<h3><span style=\"font-size: 12pt;\"><strong><u>Weitere Informationen<\/u><\/strong><\/span><\/h3>\n<p>Ein umfangreiches Sortiment an Koala Creek\u00ae <span style=\"font-size: 12pt;\">Markis <\/span>ist lieferbar.<\/p>\n<p>Nach dem Ankauf eines KOALA CREEK\u00ae Dachzelts, kannst du Mitglied werden vom <span style=\"font-size: 14pt;\"><strong><a href=\"https:\/\/www.facebook.com\/groups\/344757855871620\" target=\"_blank\" rel=\"noopener\">Koala Creek Owners Club<\/a><\/strong><\/span> auf Facebook,<br \/>\ndamit du informiert bleibst von allen neuen Entwicklungen, Campingswochenenden und mehr.[\/vc_column_text][\/vc_tta_section][\/vc_tta_tabs][\/vc_column][\/vc_row]<\/p>\n<\/div>","protected":false},"excerpt":{"rendered":"<p>[vc_row gap=&#8221;10&#8243; content_placement=&#8221;top&#8221;][vc_column width=&#8221;1\/2&#8243;][vc_images_carousel images=&#8221;6495&#8243; img_size=&#8221;500&#215;500&#8243; wrap=&#8221;yes&#8221;][\/vc_column][vc_column width=&#8221;1\/2&#8243;][vc_column_text] KOALA CREEK\u00ae EXPLORER Markise\u00a0Seitenwand 200 x 200 cm. Perfekte Erg\u00e4nzung f\u00fcr dein Schutzdach. Passt an beide Seiten. Einfache Montage.[\/vc_column_text][vc_row_inner equal_height=&#8221;yes&#8221; gap=&#8221;5&#8243;][vc_column_inner width=&#8221;1\/2&#8243;][vc_column_text]Empfohlener Verkaufspreis (inkl. MwSt., exkl. Versandkosten) \u20ac 99,-[\/vc_column_text][\/vc_column_inner][vc_column_inner width=&#8221;1\/2&#8243;][vc_btn title=&#8221;Suche deinen H\u00e4ndler&#8221; style=&#8221;classic&#8221; color=&#8221;juicy-pink&#8221; link=&#8221;url:https%3A%2F%2Fwww.koalacreek.info%2Fde%2Fhaendler%2F|target:_blank|&#8221;][\/vc_column_inner][\/vc_row_inner][\/vc_column][\/vc_row][vc_row][vc_column][vc_tta_tabs active_section=&#8221;1&#8243;][vc_tta_section title=&#8221;Beschreibung&#8221; tab_id=&#8221;1543671476182-8cf7c1ef-6ab5&#8243;][vc_column_text] Koala Creek\u00ae YOUR ADVENTURE STARTS HERE! KOALA CREEK\u00ae<\/p>\n","protected":false},"author":2,"featured_media":6495,"parent":0,"menu_order":2,"comment_status":"closed","ping_status":"closed","template":"","meta":{"footnotes":""},"_links":{"self":[{"href":"https:\/\/www.koalacreek.info\/de\/wp-json\/wp\/v2\/pages\/6501"}],"collection":[{"href":"https:\/\/www.koalacreek.info\/de\/wp-json\/wp\/v2\/pages"}],"about":[{"href":"https:\/\/www.koalacreek.info\/de\/wp-json\/wp\/v2\/types\/page"}],"author":[{"embeddable":true,"href":"https:\/\/www.koalacreek.info\/de\/wp-json\/wp\/v2\/users\/2"}],"replies":[{"embeddable":true,"href":"https:\/\/www.koalacreek.info\/de\/wp-json\/wp\/v2\/comments?post=6501"}],"version-history":[{"count":12,"href":"https:\/\/www.koalacreek.info\/de\/wp-json\/wp\/v2\/pages\/6501\/revisions"}],"predecessor-version":[{"id":7742,"href":"https:\/\/www.koalacreek.info\/de\/wp-json\/wp\/v2\/pages\/6501\/revisions\/7742"}],"wp:featuredmedia":[{"embeddable":true,"href":"https:\/\/www.koalacreek.info\/de\/wp-json\/wp\/v2\/media\/6495"}],"wp:attachment":[{"href":"https:\/\/www.koalacreek.info\/de\/wp-json\/wp\/v2\/media?parent=6501"}],"curies":[{"name":"wp","href":"https:\/\/api.w.org\/{rel}","templated":true}]}}