{"id":6278,"date":"2021-07-22T14:00:34","date_gmt":"2021-07-22T14:00:34","guid":{"rendered":"https:\/\/www.koalacreek.info\/koala-creek-eiger-160k-dachzelt\/"},"modified":"2025-09-18T18:22:49","modified_gmt":"2025-09-18T16:22:49","slug":"koala-creek-eiger-160k-v2-dachzelt","status":"publish","type":"page","link":"https:\/\/www.koalacreek.info\/de\/koala-creek-eiger-160k-v2-dachzelt\/","title":{"rendered":"KOALA CREEK\u00ae EIGER 160K-V2 DACHZELT"},"content":{"rendered":"<div class=\"wpb-content-wrapper\"><p>[vc_row gap=&#8221;10&#8243; content_placement=&#8221;top&#8221;][vc_column width=&#8221;1\/2&#8243;][vc_images_carousel images=&#8221;6281,5208,4815,4726,4963,4793,4754,4792,5268,5229,5762,7963,7959&#8243; img_size=&#8221;500&#215;500&#8243; wrap=&#8221;yes&#8221;][\/vc_column][vc_column width=&#8221;1\/2&#8243;][vc_column_text]<\/p>\n<h2><strong>KOALA CREEK\u00ae EIGER 160K-V2 <\/strong><strong>DACHZELT <\/strong><strong>DUNKELGRAU + DELUX set 160<\/strong><\/h2>\n<p><span style=\"font-size: 12pt;\"><i class=\"fas fa-check\" style=\"color: #ffa500;\"><\/i> FRID coating: DUNKEL!<br \/>\n<span style=\"font-size: 12pt;\"><i class=\"fas fa-check\" style=\"color: #ffa500;\"><\/i> Matratzenma\u00df ca. 160 x 240 cm.<br \/>\n<span style=\"font-size: 12pt;\"><i class=\"fas fa-check\" style=\"color: #ffa500;\"><\/i> Innerhalb 5 Minuten Schlafbereit.<br \/>\n<span style=\"font-size: 12pt;\"><i class=\"fas fa-check\" style=\"color: #ffa500;\"><\/i> Wasser und stoffdicht aufbewahren.<br \/>\n<span style=\"font-size: 12pt;\"><i class=\"fas fa-check\" style=\"color: #ffa500;\"><\/i> 2 Jahre Garantie.<\/span><\/span><\/span><\/span><\/span>[\/vc_column_text][vc_row_inner equal_height=&#8221;yes&#8221; gap=&#8221;5&#8243;][vc_column_inner width=&#8221;1\/2&#8243;][vc_column_text]<span style=\"font-size: 14pt;\"><strong>Empfohlener Verkaufspreis (inkl. MwSt., exkl. Versandkosten)<\/strong><\/span><\/p>\n<p><span style=\"font-size: 18pt;\"><strong>\u20ac 2189,-<\/strong><\/span>[\/vc_column_text][\/vc_column_inner][vc_column_inner width=&#8221;1\/2&#8243;][vc_btn title=&#8221;Suche deinen H\u00e4ndler&#8221; style=&#8221;classic&#8221; color=&#8221;juicy-pink&#8221; link=&#8221;url:https%3A%2F%2Fwww.koalacreek.info%2Fde%2Fhaendler%2F|target:_blank|&#8221;][\/vc_column_inner][\/vc_row_inner][\/vc_column][\/vc_row][vc_row][vc_column][vc_tta_tabs active_section=&#8221;1&#8243;][vc_tta_section title=&#8221;Beschreibung&#8221; tab_id=&#8221;1543671476182-8cf7c1ef-6ab5&#8243;][vc_column_text]<\/p>\n<h2><span style=\"color: #ff6600; font-size: 18pt;\"><em><strong><span style=\"font-size: 18pt;\"><span style=\"color: #ff6600;\">Koala Creek\u00ae <\/span><\/span>YOUR ADVENTURE STARTS HERE!<br \/>\n<\/strong><\/em><\/span><span style=\"font-size: 14pt;\"><strong>KOALA CREEK\u00ae EIGER 160K-V2 Dachzelt. Matratze ca. 160 x 240 cm.<\/strong><\/span><\/h2>\n<p>Artikelnummer: R21:KC160KV2<\/p>\n<p><strong><span style=\"font-size: 14pt;\">Beim Kauf eines neuen Koala Creek Eiger 160K Dachzeltes erhalten Sie jetzt kostenlos ein DELUX-Set im Wert von 281,00 \u20ac!\u200b\u200b\u200b\u200b\u200b\u200b\u200b<\/span><\/strong><\/p>\n<p><strong><span style=\"font-size: 14pt;\">Dieses Set besteht aus 4 sehr n\u00fctzlichen Teilen:<\/span><\/strong><\/p>\n<ul>\n<li><strong><span style=\"font-size: 14pt;\">KOALA CREEK\u00ae Dachzelt-Anti-Kondensationsmatte 160 x 240 cm. a 159,00 \u20ac<\/span><\/strong><\/li>\n<li><strong><span style=\"font-size: 14pt;\">KOALA CREEK\u00ae Dachzelt-LED-Lichterkette 120 cm \u2013 12 Volt. im Wert von 44,00 \u20ac<\/span><\/strong><\/li>\n<li><strong><span style=\"font-size: 14pt;\">KOALA CREEK\u00ae Set mit 2 Schuhbeuteln mit Schlitzbefestigung. im Wert von 39,00 \u20ac<\/span><\/strong><\/li>\n<li><strong><span style=\"font-size: 14pt;\">KOALA CREEK\u00ae Dachzelt-Gep\u00e4ckh\u00e4ngematte zur Befestigung in\/unter 120-140-160 cm. Richtung. a \u20ac 39,00<\/span><\/strong><\/li>\n<\/ul>\n<p><strong><u>V2 model<\/u><\/strong><\/p>\n<p id=\"tw-target-text\" class=\"tw-data-text tw-text-large tw-ta\" dir=\"ltr\" data-placeholder=\"Vertaling\"><span class=\"Y2IQFc\" lang=\"de\">Die letzten \u00c4nderungen wurden hier vorgenommen:<br \/>\n<\/span><span class=\"Y2IQFc\" lang=\"de\">Schwarze Leiter mit schr\u00e4gen Stufen f\u00fcr besseres Gehen mit blo\u00dfen F\u00fc\u00dfen.<br \/>\n<\/span><span class=\"Y2IQFc\" lang=\"de\">Der TAF (Top Air Flow &#8211; zu \u00f6ffnende Dachbel\u00fcftung) mit gr\u00f6sen Dichtung, doppelten Rei\u00dfverschl\u00fcssen und Klettverschluss.<br \/>\nDie 2 L\u00fcftungs\u00f6ffnungen an den Seitenfenstern sind gr\u00f6\u00dfer und haben eine spezielle Option, sie offen zu halten.<\/span><\/p>\n<h3><span style=\"font-size: 12pt;\"><strong><u>Matratze<\/u><\/strong><\/span><\/h3>\n<p>Die komfortabele Matratze ist circa 160 cm. breit, 240 cm. lang und ca. 6 cm. dick. Hergestellt mit Europ\u00e4ischen Ma\u00dfst\u00e4ben f\u00fcr einen komfortabelen Schlafplatz. Um die Matratze herum ist eine wasserdichte H\u00fclle, einfach abnehmbar und waschbar. In einer k\u00fchlen oder feuchten Umgebung ist eine optionelle Anti-kondens Matte unter der Matratze empfehlenswert.<\/p>\n<h3><span style=\"font-size: 12pt;\"><strong><u>Stauraum<\/u><\/strong><\/span><\/h3>\n<p>Ein Koala Creek\u00ae Dachzelt hat 2 hohe XXL Hautpscharniere aus rostfreiem Stahl. H\u00f6her als bei vielen anderen Marken. Deshalb k\u00f6nnen die meisten Schlafsachen im eingeklappten Dachzelt liegen bleiben. Unter dem Cover Links und Rechts der Leiter ist noch mehr Stauraum. Es gibt auch noch praktische Zubeh\u00f6rpakete. In Kombination mit dem Dachzelt sehr g\u00fcnstig erh\u00e4ltlich als <strong><a href=\"https:\/\/www.koalacreek.info\/de\/produkte\/dachzeltzubehoer-von-koala-creek\/\" target=\"_blank\" rel=\"noopener\">DELUX Paket<\/a><\/strong>.<\/p>\n<h3><span style=\"font-size: 12pt;\"><strong><u>Unterzelt<\/u><\/strong><\/span><\/h3>\n<p>Der Koala Creek\u00ae EIGER ist weniger gut geeignet f\u00fcr die Montage eines Unterzeltes. Es gibt ein Leight Weight (LW) Unterzelt, entworfen als Dusche &#8211; umzieh &#8211; Toiletten Unterzelt, welche in die Furchen hinter der Leiter montiert wird. Diese Unterzelte kannst du <strong><a href=\"https:\/\/www.koalacreek.info\/de\/produkte\/klappdachzelte\/unterzelte\/\" target=\"_blank\" rel=\"noopener\">hier<\/a><\/strong>finden.<\/p>\n<h3><span style=\"font-size: 12pt;\"><strong><u>Weitere Informationen<\/u><\/strong><\/span><\/h3>\n<p><span style=\"font-size: 14pt;\">Hier kannst du mehr Fotos von den <strong><a href=\"https:\/\/www.koalacreek.info\/de\/?page_id=5929\" target=\"_blank\" rel=\"noopener\">EIGER<\/a><\/strong> Dachzelten sehen.<\/span><\/p>\n<p>Nach dem Ankauf eines KOALA CREEK\u00ae Dachzelts, kannst du Mitglied werden vom <span style=\"font-size: 14pt;\"><strong><a href=\"https:\/\/www.facebook.com\/groups\/344757855871620\" target=\"_blank\" rel=\"noopener\">Koala Creek Owners Club<\/a><\/strong><\/span> auf Facebook,<br \/>\ndamit du informiert bleibst von allen neuen Entwicklungen, Campingswochenenden und mehr.[\/vc_column_text][\/vc_tta_section][vc_tta_section title=&#8221;Verwendung Dachzelt&#8221; tab_id=&#8221;1542227704614-40c57c7e-1b9c&#8221;][vc_column_text]<\/p>\n<h2><span style=\"color: #ff6600; font-size: 18pt;\"><em><strong><span style=\"font-size: 18pt;\"><span style=\"color: #ff6600;\">Koala Creek\u00ae <\/span><\/span>YOUR ADVENTURE STARTS HERE!<br \/>\n<\/strong><\/em><\/span><span style=\"font-size: 14pt;\"><strong>KOALA CREEK\u00ae EIGER 160K-V2 Dachzelt. Matratze ca. 160 x 240 cm.<\/strong><\/span><\/h2>\n<h3><span style=\"font-size: 12pt;\"><strong><u>Das Dachzelt aufbauen.<\/u><\/strong><\/span><\/h3>\n<p>Nehme die rote Lusche vom Coververschluss. Ziehe den Verschluss los und \u00f6ffne das Cover und rolle das Cover auf. Fixiere es mit den Spannb\u00e4ndern unter dem Boden. So h\u00e4ngt es nicht im weg. Auf dem starken Riffelblechboden liegt eine festmontierte 230 cm. lange Teleskopleiter. Ziehe diese aus und verwende sie als Hebel um das Dachzelt aufzuklappen. Wichtig: Beide Bodenplatten greifen ineinander und sorgen f\u00fcr eine verteilung in Kraft. Mache die Leiter so lang dass sie in einem Winkel von ca. 70 Grad unter dem Boden steht. <u>Achte darauf dass die Leiter den Boden unterst\u00fctzt, nicht hochdr\u00fcckt! <span style=\"font-size: 14pt;\"><strong><a href=\"https:\/\/youtu.be\/ax5YH8f4uSs\" target=\"_blank\" rel=\"noopener\">Video<\/a><\/strong><\/span><\/u><\/p>\n<h3><span style=\"font-size: 12pt;\"><strong><u>Praktisch<\/u><\/strong><\/span><\/h3>\n<p>In dem praktischen Sack unter dem Boden sind die Fenster und T\u00fcrverschieber.<br \/>\nBei diesem Koala Creek\u00ae Teide L nimsmt du den verstellbaren U-b\u00fcgel unter dem Boden und montierst diesen mit der verstellbaren Nockenspannstange im \u00fcberdeckten Eingang. Steige auf die Leiter. Rolle die T\u00fcr und die Gaze dahiner auf und befestige beide. Jetzt kannst du in das Dachzelt und entferne die 4 Gummis. Diese kannst du in einen der 4 praktischen Aufbewahrs\u00e4cke aufbewahren. <strong><u>Tipp:<\/u><\/strong>Oben auf dem eingeklappten Dachzelt ist links und rechts neben der Leiter (unter dem Cover) noch viel Platz um unter anderem deinen Schlafsack oder dein Kissen (in einem Sack) aufzubewahren.<\/p>\n<h3><span style=\"font-size: 12pt;\"><strong><u>Das Dachzelt einklappen.<\/u><\/strong><\/span><\/h3>\n<p>Am besten ist es um das Dachzelt erst zu l\u00fcften und trocknen zu lassen. Du kannst das Dachzelt feucht oder nass einklappen. Aber dann innerhalb 24 Stunden ausklappen und l\u00fcften. Je nach Erfahrung ist man zwischen 5-10 Minuten fertig mit einklappen.<\/p>\n<h3><span style=\"font-size: 12pt;\"><strong><u>Gebrauch und Material<\/u><\/strong><\/span><\/h3>\n<p>Das Dachzelt ist absolut wasserdicht und die Au\u00dfenseite trocknet schnell. Das 300 gr\/m2 Ripstop Polycotton (Technische Baumwolle) Zelttuch ist innen ausgestattet mit unserem speziell dunklen, brandfesten und k\u00fchlenden FRID Coating. (Flame Retardant Inside Dark). Zudem ist \u00fcber dem Dachzelt ein Flysheet welches daf\u00fcr sorgt dass das Zelt k\u00fchl bleibt. Das Dachzelt ist innen komplett dunkel aber man kann es erleuchten mit der universell Dimbaren 12 Volt LED Schlange.\u00a0Im Dach sitzt der TAF: Top Air Flow. Wenn es sehr hei\u00df ist, k\u00f6nnen Sie dieses Fenster nachts f\u00fcr zus\u00e4tzliche Bel\u00fcftung \u00f6ffnen. Dieses Fenster ist mit einer PBM Netz ausgestattet, diese ist \u00a0zum Schutz vor Insekten und kann mit einem Rei\u00dfverschluss ge\u00f6ffnet werden kann. Wenn Sie dieses PBM \u00a0Netz vollst\u00e4ndig \u00f6ffnen und das Flysheet teilweise wegklappen, genie\u00dfen Sie einen hohen Aussichtspunkt.<\/p>\n<h3><span style=\"font-size: 12pt;\"><strong><u>Aussicht<\/u><\/strong><\/span><\/h3>\n<p>Auch mit dem FRID Coating und dem Flysheet ist es m\u00f6glich um nach drau\u00dfen zu schauen. Du kannst die Fenstersch\u00fctze aufrollen und befestigen. So kannst du wunderbar nach drau\u00dfen schauen. Man kann alle Fenster und T\u00fcrschlappen aufrollen. So gibt es in alle 4 Richtungen eine \u00d6ffnung. Im Dach gibt es eine Ventilations\u00f6ffnung die man mit Rei\u00dfverschluss \u00f6ffnen kann. Diese \u00d6ffnung ist auch als Dachfenster verwendbar. (Bei Verwendung als Dachfenster, teil vom Flysheet entnehmen) So vermeidet man Kondensation. Diese 4 \u00d6ffnungen haben verschlie\u00dfbare BPM (Black Privacy Mesh) Insektengaze. De Fenster und T\u00fcren haben YKK Rei\u00dfverschl\u00fcsse, sind aufrollbar und k\u00f6nnen befestigt werden mit click-in Schnallen. Oben im Dachzelt sind zudem 2 ger\u00e4umige L\u00fcftungen mit Gaze.<\/p>\n<h3><span style=\"font-size: 12pt;\"><strong><u>Frame<\/u><\/strong><\/span><\/h3>\n<p>Alle Koala Creek\u00ae Dachzelte haben ein extra dickes (25 mm.) Aluminium Rohrframe mit Scharnierpunkten aus Metall. Um den Framerohren herum sind H\u00fcllen gegen Kondensation. Wegen der rechteckingen Form des Frames hast du einen maximalen Innenraum.<\/p>\n<h3><span style=\"font-size: 12pt;\"><strong><u>Das Dachzelt aufbewahren.<\/u><\/strong><\/span><\/h3>\n<p>Das Dachzelt wird geliefert auf einer praktischen Karre, diese kann man einfach Zuhause aufbewahren. Das stabile Cover (H\u00fclle) sorgt daf\u00fcr dass das Dachzelt w\u00e4hrend der Reise Wasser und Stoffdicht aufbewahrt ist. Das ist m\u00f6glich wegen dem stabilen Rei\u00dfverschluss und Furchen an der die H\u00fclle befestigt ist.<\/p>\n<p>Auf unserer <strong><a href=\"https:\/\/www.koalacreek.info\/de\/faq\/\" target=\"_blank\" rel=\"noopener\">FAQ<\/a><\/strong> Seite kannst du viele Antworten auf Fragen finden.[\/vc_column_text][vc_column_text][\/vc_column_text][\/vc_tta_section][vc_tta_section title=&#8221;Technische Beschreibung&#8221; tab_id=&#8221;1542227704614-94c2c83e-6334&#8243;][vc_column_text]<\/p>\n<h2><span style=\"color: #ff6600; font-size: 18pt;\"><em><strong><span style=\"font-size: 18pt;\"><span style=\"color: #ff6600;\">Koala Creek\u00ae <\/span><\/span>YOUR ADVENTURE STARTS HERE!<br \/>\n<\/strong><\/em><\/span><span style=\"font-size: 14pt;\"><strong>KOALA CREEK\u00ae EIGER 160K-V2 Dachzelt. Matratze ca. 160 x 240 cm.<\/strong><\/span><\/h2>\n<h3><span style=\"font-size: 12pt;\"><strong><u>Hauptma\u00dfe<\/u><\/strong><\/span><\/h3>\n<p><span style=\"font-size: 12pt;\">Engeklappt ca. 163 x 123 x 30 cm. (Inklusive XXL Scharniere, montierte Montagerails + Cover)<\/span><br \/>\n<span style=\"font-size: 12pt;\">In der Mitte ist das Dachzelt ca. 7 cm. dicker wegen der 230 cm. langen Teleskopleiter.<\/span><br \/>\n<span style=\"font-size: 12pt;\">Ca. 21 cm. Raum zwischen den eingeklappten B\u00f6den wegen den hohen XXL Scharnieren.<\/span><br \/>\n<span style=\"font-size: 12pt;\">Ausgeklappt schlaffertig ca. 163 x 245 x 126 cm.<\/span><br \/>\n<span style=\"font-size: 12pt;\">Totales Gewicht &#8211; Masse ca. 66 Kg.<\/span><br \/>\n<span style=\"font-size: 12pt;\">Montierbar ab 75 kg Dachbelastung.<\/span><br \/>\n<span style=\"font-size: 12pt;\">Maximale Totalbelastung ca. 300 kg.<\/span><br \/>\n<span style=\"font-size: 12pt;\">Ein Dachzelt f\u00fcr alle Jahreszeiten.<\/span><br \/>\n<span style=\"font-size: 12pt;\">Wird geliefert auf Rollkarre!<\/span><\/p>\n<h3><span style=\"font-size: 12pt;\"><strong><u>Details make the difference<\/u><\/strong><\/span><\/h3>\n<p><span style=\"font-size: 12pt;\"><strong>Boden:<\/strong> ca. 25 mm. Dickes isoliertes Sandwichprofil mit Aluminium Riffelblech.<\/span><br \/>\n<span style=\"font-size: 12pt;\"><strong>Aufbewahren:<\/strong> Alle Fensterherausschieber sind in einem Sack unter dem Boden.<\/span><br \/>\n<span style=\"font-size: 12pt;\"><strong>Leiter:<\/strong> super einstellbare 230 cm. lange selbsteinfahrbare Aluminium Teleskopleiter.<br \/>\n<strong>Leiterstufen: <\/strong>Diese stehen schr\u00e4f damit mann auch barfuss ohne problemen drauf stehen kann.<br \/>\n<\/span><span style=\"font-size: 12pt;\"><strong>Hauptscharniere:<\/strong> extra hohe XXL Hauptscharniere aus rostfreiem Stahl. (H\u00f6he 21 cm.)<\/span><br \/>\n<span style=\"font-size: 12pt;\">Dadurch gibt es extra Stauraum f\u00fcr Schlafs\u00e4cke, Kissen etc. im eingeklappten Dachzelt.<\/span><br \/>\n<span style=\"font-size: 12pt;\"><strong>Frame:<\/strong> 25 mm. Aluminium Rohre mit Metallverbindungen und Antikondens H\u00fclsen.<\/span><br \/>\n<span style=\"font-size: 12pt;\"><strong>Zelttuch:<\/strong> Grau 300 gr\/m2 RipStop polycotton. (Technische Baumwolle) mit FRID coating.<\/span><br \/>\n<span style=\"font-size: 12pt;\"><strong>FRID:<\/strong> Flame Retardant Inside Dark coating! Absolut dunkel im Dachzelt.<br \/>\n<strong>Ventilation 3: TAF<\/strong>\u00a0Top Air Flow Dachventilation \u2013 Dachluke.<\/span><br \/>\n<span style=\"font-size: 12pt;\"><strong>Schnallen:<\/strong> Dort wo m\u00f6glich click in Schnallen anstatt Stabringe.<\/span><\/p>\n<p><span style=\"font-size: 12pt;\"><strong>N\u00e4hte:<\/strong> doppelt gen\u00e4ht und im inneren hot seal tape. (Wasserdicht)<\/span><br \/>\n<span style=\"font-size: 12pt;\"><strong>Gummis:<\/strong> 4 St\u00fcck die das Tuch zusammenziehen beim einklappen.<\/span><br \/>\n<span style=\"font-size: 12pt;\"><strong>Rei\u00dfverschl\u00fcsse:<\/strong> Alle verschl\u00fcsse in den 4 Fenstern und T\u00fcren sind von YKK mit extra Ziehlusche.<\/span><br \/>\n<span style=\"font-size: 12pt;\"><strong>Insektengitter:<\/strong> <strong>BPM<\/strong> = Black Privacy Mesh in den 2 T\u00fcren und die 3 Fenster.<\/span><br \/>\n<span style=\"font-size: 12pt;\"><strong>Ventilation 1:<\/strong> Seitenfenstersch\u00fctze aufrollen f\u00fcr Ventilation oder Sterne schauen.<\/span><br \/>\n<span style=\"font-size: 12pt;\"><strong>Ventilation 2<\/strong>: 2 r\u00e4umliche \u00d6ffnungen an den Seiten \u00fcber den Fenstern.<br \/>\n<\/span><span style=\"font-size: 12pt;\"><strong>Matratze:<\/strong> ca. 160 x 240 x 6 cm memory foam mit Europ\u00e4ischer H\u00e4rte (SG33)<\/span><\/p>\n<p><span style=\"font-size: 12pt;\">Die Matratze hat eine Polyesterh\u00fclle mit Rei\u00dfverschluss, einfach zu trocknen\/reinigen.<\/span><br \/>\n<span style=\"font-size: 12pt;\"><strong>Flysheet:<\/strong> Temperarurregulierende \u00dcberdachung aus 420D Polyester Tuch.<br \/>\n<\/span><strong>1:<\/strong> isolerende Luftlage und<strong>2:<\/strong> die Sonne scheint nicht direkt auf das Zelttuch.<br \/>\n<span style=\"font-size: 12pt;\"><strong>Cover 1: <\/strong>extra hohes schwarzes 680 gr\/m2 PVC LKW Planentuch.<\/span><br \/>\n<span style=\"font-size: 12pt;\">Unter dem Cover links und rechts neben der Leiter extra Stauraum.<\/span><br \/>\n<span style=\"font-size: 12pt;\"><strong>Cover 2: <\/strong>Wasser en stoffdichter Verschluss en Rillenverbindung mit Boden.<\/span><br \/>\n<span style=\"font-size: 12pt;\">Spezielle Verschlusskonstruktion f\u00fcr einfaches \u00f6ffnen und schlie\u00dfen.<\/span><\/p>\n<p><span style=\"font-size: 12pt;\"><strong>Cover 3:<\/strong>An jeder Seite 2 verstellbare Nylon Click-in Schnallen<\/span><br \/>\n<span style=\"font-size: 12pt;\">Keine Spannb\u00e4nder mit Metallverschl\u00fcssen die das Auto besch\u00e4digen.<\/span><br \/>\n<span style=\"font-size: 12pt;\"><strong>Cover 4: <\/strong>Cover aufgerollt befestigen an Bodenplatte.<\/span><br \/>\n<span style=\"font-size: 12pt;\">Je nach Wahl an der vor- oder r\u00fcckseite vom Dachzelt.<\/span><br \/>\n<span style=\"font-size: 12pt;\"><strong>Montage:<\/strong> Alle Montageteile sind aus rostfreiem Stahl.<\/span><br \/>\n<span style=\"font-size: 12pt;\">Die Montageplatten passen auf Dachtr\u00e4gern bis 9 cm. breit.<br \/>\n<strong>Unterzelte:<\/strong> auf dem EIGER passt nur ein Unterzelt<br \/>\n<\/span><span style=\"font-size: 12pt;\">welches hinter der Leiter montiert wird.<\/span><\/p>\n<p><span style=\"color: #ff6600;\"><strong><span style=\"font-size: 12pt;\"><em>DACHZELT AUS DER DOSE ENTNEHMEN, MONTIEREN, UND LOSFAHREN.<br \/>\nDu brauchst keine Leiter oder andere Sachen dazu zu kaufen!<\/em><\/span><\/strong><\/span>[\/vc_column_text][\/vc_tta_section][\/vc_tta_tabs][\/vc_column][\/vc_row]<\/p>\n<\/div>","protected":false},"excerpt":{"rendered":"<p>[vc_row gap=&#8221;10&#8243; content_placement=&#8221;top&#8221;][vc_column width=&#8221;1\/2&#8243;][vc_images_carousel images=&#8221;6281,5208,4815,4726,4963,4793,4754,4792,5268,5229,5762,7963,7959&#8243; img_size=&#8221;500&#215;500&#8243; wrap=&#8221;yes&#8221;][\/vc_column][vc_column width=&#8221;1\/2&#8243;][vc_column_text] KOALA CREEK\u00ae EIGER 160K-V2 DACHZELT DUNKELGRAU + DELUX set 160 FRID coating: DUNKEL! Matratzenma\u00df ca. 160 x 240 cm. Innerhalb 5 Minuten Schlafbereit. Wasser und stoffdicht aufbewahren. 2 Jahre Garantie.[\/vc_column_text][vc_row_inner equal_height=&#8221;yes&#8221; gap=&#8221;5&#8243;][vc_column_inner width=&#8221;1\/2&#8243;][vc_column_text]Empfohlener Verkaufspreis (inkl. MwSt., exkl. Versandkosten) \u20ac 2189,-[\/vc_column_text][\/vc_column_inner][vc_column_inner width=&#8221;1\/2&#8243;][vc_btn title=&#8221;Suche deinen H\u00e4ndler&#8221; style=&#8221;classic&#8221; color=&#8221;juicy-pink&#8221; link=&#8221;url:https%3A%2F%2Fwww.koalacreek.info%2Fde%2Fhaendler%2F|target:_blank|&#8221;][\/vc_column_inner][\/vc_row_inner][\/vc_column][\/vc_row][vc_row][vc_column][vc_tta_tabs<\/p>\n","protected":false},"author":2,"featured_media":6281,"parent":0,"menu_order":2,"comment_status":"closed","ping_status":"closed","template":"","meta":{"footnotes":""},"_links":{"self":[{"href":"https:\/\/www.koalacreek.info\/de\/wp-json\/wp\/v2\/pages\/6278"}],"collection":[{"href":"https:\/\/www.koalacreek.info\/de\/wp-json\/wp\/v2\/pages"}],"about":[{"href":"https:\/\/www.koalacreek.info\/de\/wp-json\/wp\/v2\/types\/page"}],"author":[{"embeddable":true,"href":"https:\/\/www.koalacreek.info\/de\/wp-json\/wp\/v2\/users\/2"}],"replies":[{"embeddable":true,"href":"https:\/\/www.koalacreek.info\/de\/wp-json\/wp\/v2\/comments?post=6278"}],"version-history":[{"count":22,"href":"https:\/\/www.koalacreek.info\/de\/wp-json\/wp\/v2\/pages\/6278\/revisions"}],"predecessor-version":[{"id":10886,"href":"https:\/\/www.koalacreek.info\/de\/wp-json\/wp\/v2\/pages\/6278\/revisions\/10886"}],"wp:featuredmedia":[{"embeddable":true,"href":"https:\/\/www.koalacreek.info\/de\/wp-json\/wp\/v2\/media\/6281"}],"wp:attachment":[{"href":"https:\/\/www.koalacreek.info\/de\/wp-json\/wp\/v2\/media?parent=6278"}],"curies":[{"name":"wp","href":"https:\/\/api.w.org\/{rel}","templated":true}]}}