{"id":6200,"date":"2021-07-07T12:55:58","date_gmt":"2021-07-07T12:55:58","guid":{"rendered":"https:\/\/www.koalacreek.info\/produkte\/klappdachzelte\/"},"modified":"2025-02-07T19:51:08","modified_gmt":"2025-02-07T18:51:08","slug":"klappdachzelte","status":"publish","type":"page","link":"https:\/\/www.koalacreek.info\/de\/produkte\/klappdachzelte\/","title":{"rendered":"Klappdachzelte"},"content":{"rendered":"<div class=\"wpb-content-wrapper\"><p>[vc_row][vc_column][vc_basic_grid post_type=&#8221;ids&#8221; element_width=&#8221;2&#8243; gap=&#8221;50&#8243; item=&#8221;2961&#8243; grid_id=&#8221;vc_gid:1738954246300-019b6e62e532233841c2410394054fd4-3&#8243; include=&#8221;8808, 6572, 2918, 7302, 2920&#8243;][\/vc_column][\/vc_row][vc_row][vc_column][vc_empty_space][\/vc_column][\/vc_row][vc_row][vc_column][vc_column_text]<span style=\"font-size: 18pt;\"><strong><span style=\"color: #ff6600;\">Koala Creek\u00ae Your adventure starts here!<\/span><\/strong><\/span><\/p>\n<p>Mit Klappdachzelten kreierst du optimalen Komfort w\u00e4hrend deinem Campingurlaub. Ein sicherer und komfortabeler Schlafplatz ist mit einem Klappdachzelt im Handumdrehen realisiert. Innerhalb 5 Minuten kannst du deinen Schlafplatz aufgebaut haben. willst du den n\u00e4chsten Morgen wieder los? Innerhalb 5 bis 10 Minuten ist alles wieder eingepackt und kann deine Reise weitergehen. Klappdachzelte von Koala Creek sind unverzichtbar f\u00fcr deine Reise! Neugierig nach unserem ganzen sortiment? Schau dir dann unsere <a href=\"https:\/\/www.koalacreek.info\/de\/produkte\/klappdachzelte\/\" target=\"_blank\" rel=\"noopener\">Produkte<\/a>an!<\/p>\n<h2>Was sind Klappdachzelte?<\/h2>\n<p>Klappdachzelte sind mobiele \u00dcbernachtungspl\u00e4tze die oben aufs auto platziert werden k\u00f6nnen. Erst konnten Klappdachzelte vor allem auf 4&#215;4 Autos sowie Toyotas und Land-Rovers platziert werden. Jetzt k\u00f6nnen die Zelte sogar auf kleinere PKWs. Die Klappdachzelte kennen ihren Ursprung bei abenteuerlichen Reisenden die tausende Kilometer durch unbewohntes Gebiet ablegen mussten. In diesen unbewohnten Gebieten ist ein Schlafplatz oft eine Rarit\u00e4t. Mit einem Klappdachzelt wird dieses Problem gel\u00f6st, da man sehr schnell und einfach \u00fcberall nach Wunsch \u00fcbernachten kann.<\/p>\n<p>Klappdachzelte sind <a href=\"https:\/\/www.koalacreek.info\/de\/entdecken\/videos\/\" target=\"_blank\" rel=\"noopener\">einfach aufzubauen<\/a> und auch genauso einfach wieder abbaubar. Das sorgt f\u00fcr eine enorme Zunahme in der Popularit\u00e4t von Klappdachzelten. Immer mehr Leute erfahren die Freiheit die das \u00fcberall \u00fcbernachten mit sich bringt. Mit einem <a href=\"https:\/\/www.koalacreek.info\/de\/produkte\/markise\/\">Schutzdach<\/a> ist es auch noch m\u00f6glich um das Zelt zu erweitern. <a href=\"https:\/\/www.koalacreek.info\/de\/produkte\/dachzeltzubehoer-von-koala-creek\/\" target=\"_blank\" rel=\"noopener\">Dachzelt Zubeh\u00f6r <\/a>ist perfekt um das beste aus deinem Dachzelt zu machen. Die Klappdachzelte von <a href=\"http:\/\/www.koalacreek.info\" target=\"_blank\" rel=\"noopener\">Koala Creek<\/a> sind perfekt f\u00fcr deine weite Reise oder Campingurlaub!<\/p>\n<h2>Arten Klappdachzelte<\/h2>\n<p>Bei Koala Creek findest du ein <a href=\"https:\/\/www.koalacreek.info\/de\/produkte\/klappdachzelte\/\" target=\"_blank\" rel=\"noopener\">breites Sortiment<\/a> an Klappdachzelten, Auto\u00fcberdachungen und Dachzeltzubeh\u00f6r. So gibt es viele verschiedene Ma\u00dfe und Ausf\u00fchrungen. Die Ma\u00dfe die du brauchst liegt daran wieviel Menschen \u00fcbernachten in dem Klappdachzelt. Koala Creek findet es wichtig das Jeder die Freiheit auskosten kann die das Campen mit sich bringt. Darum findest du bei uns f\u00fcr jedes Budget ein passendes Klappdachzelt. M\u00f6chtest du beraten werden welches Klappdachzelt am besten zu deinem Auto passt? Kontaktiere ruhig <a href=\"https:\/\/www.koalacreek.info\/de\/haendler\/\" target=\"_blank\" rel=\"noopener\">unsere H\u00e4ndler<\/a> oder <a href=\"https:\/\/www.koalacreek.info\/de\/kontakt\/\" target=\"_blank\" rel=\"noopener\">uns<\/a>. Unsere Mitarbeiter k\u00f6nnen dir helfen mit Fachberatung!<\/p>\n<h2>Klappdachzelt f\u00fcr Autos<\/h2>\n<p>Ein Klappdachzelt f\u00fcr Autos ist unverzichtbar wenn du eine ultimative Campingerfahrung erleben m\u00f6chtest. \u00dcberlegst du ob du ein Klappdachzelt f\u00fcr Autos mieten oder kaufen m\u00f6chtest? Dann bist du bei vielen Koala Creek an der richtigen Adresse. Du kannst dein Campingurlaub bis in die Spitzen vorbereiten mit unserem breiten Sortiment an Klappdachzelten und anderem Zubeh\u00f6r. Die erfahrenen Mitarbeiter von unseren H\u00e4ndler haben eine gro\u00dfe Leidenschaft f\u00fcrs Camping. Sie setzen ihre Leidenschaft gerne f\u00fcr dich ein um dein Campingerlebniss Einzigartig zu machen.<\/p>\n<h2>Klappdachzelte von Koala Creek<\/h2>\n<p>Koala Creek ist ein registrierter Markenname von <a href=\"https:\/\/www.twistim.nl\/\" target=\"_blank\" rel=\"noopener\">TWISTIM<\/a>. Durch jahrelanger Erfahrung auf dem gebiet Campingurlaub bietet Koala Creek ein breites Sortiment mit hochwertigen Produkten. Wir arbeiten ausschlie\u00dflich mit H\u00e4ndlern die zudem Klappdachzelte montieren und demontieren k\u00f6nnen. Unsere Experten geben dir gerne Ratschl\u00e4ge \u00fcber Klappdachzelte. <a href=\"https:\/\/www.koalacreek.info\/de\/kontakt\/\" target=\"_blank\" rel=\"noopener\">Kontaktiere uns<\/a> ohne Sorgen und unverbindlich. Viele Antworten auf deine Fragen kannst du finden bei den <a href=\"https:\/\/www.koalacreek.info\/de\/faq\/\" target=\"_blank\" rel=\"noopener\">FAQ<\/a> auf unsere Website. M\u00f6chtest du gerne beraten werden? Unsere Fachkundigen H\u00e4ndler sind f\u00fcr dich da![\/vc_column_text][\/vc_column][\/vc_row]<\/p>\n<\/div>","protected":false},"excerpt":{"rendered":"<p>[vc_row][vc_column][vc_basic_grid post_type=&#8221;ids&#8221; element_width=&#8221;2&#8243; gap=&#8221;50&#8243; item=&#8221;2961&#8243; grid_id=&#8221;vc_gid:1738954246300-019b6e62e532233841c2410394054fd4-3&#8243; include=&#8221;8808, 6572, 2918, 7302, 2920&#8243;][\/vc_column][\/vc_row][vc_row][vc_column][vc_empty_space][\/vc_column][\/vc_row][vc_row][vc_column][vc_column_text]Koala Creek\u00ae Your adventure starts here! Mit Klappdachzelten kreierst du optimalen Komfort w\u00e4hrend deinem Campingurlaub. Ein sicherer und komfortabeler Schlafplatz ist mit einem Klappdachzelt im Handumdrehen realisiert. Innerhalb 5 Minuten kannst du deinen Schlafplatz aufgebaut haben. willst du den n\u00e4chsten Morgen wieder los? Innerhalb 5<\/p>\n","protected":false},"author":2,"featured_media":0,"parent":6092,"menu_order":1,"comment_status":"closed","ping_status":"closed","template":"","meta":{"footnotes":""},"_links":{"self":[{"href":"https:\/\/www.koalacreek.info\/de\/wp-json\/wp\/v2\/pages\/6200"}],"collection":[{"href":"https:\/\/www.koalacreek.info\/de\/wp-json\/wp\/v2\/pages"}],"about":[{"href":"https:\/\/www.koalacreek.info\/de\/wp-json\/wp\/v2\/types\/page"}],"author":[{"embeddable":true,"href":"https:\/\/www.koalacreek.info\/de\/wp-json\/wp\/v2\/users\/2"}],"replies":[{"embeddable":true,"href":"https:\/\/www.koalacreek.info\/de\/wp-json\/wp\/v2\/comments?post=6200"}],"version-history":[{"count":26,"href":"https:\/\/www.koalacreek.info\/de\/wp-json\/wp\/v2\/pages\/6200\/revisions"}],"predecessor-version":[{"id":9574,"href":"https:\/\/www.koalacreek.info\/de\/wp-json\/wp\/v2\/pages\/6200\/revisions\/9574"}],"up":[{"embeddable":true,"href":"https:\/\/www.koalacreek.info\/de\/wp-json\/wp\/v2\/pages\/6092"}],"wp:attachment":[{"href":"https:\/\/www.koalacreek.info\/de\/wp-json\/wp\/v2\/media?parent=6200"}],"curies":[{"name":"wp","href":"https:\/\/api.w.org\/{rel}","templated":true}]}}