{"id":6098,"date":"2021-06-23T12:26:55","date_gmt":"2021-06-23T12:26:55","guid":{"rendered":"https:\/\/www.koalacreek.info\/produkte\/schutzdaecher\/"},"modified":"2025-05-11T10:15:54","modified_gmt":"2025-05-11T08:15:54","slug":"markise","status":"publish","type":"page","link":"https:\/\/www.koalacreek.info\/de\/produkte\/markise\/","title":{"rendered":"Markise"},"content":{"rendered":"<div class=\"wpb-content-wrapper\"><p>[vc_row][vc_column][vc_column_text]<\/p>\n<h1><strong>Dachzelt und Automarkise<\/strong><\/h1>\n<p>[\/vc_column_text][vc_empty_space height=&#8221;30px&#8221;][vc_basic_grid post_type=&#8221;ids&#8221; element_width=&#8221;3&#8243; item=&#8221;2961&#8243; grid_id=&#8221;vc_gid:1746951309389-8a0fe90e432df3fd7bc560fae1d7ea6c-6&#8243; include=&#8221;6509, 10640, 10644, 8248, 5966, 5978, 5972, 7198, 6470, 6484, 8265, 7158, 7146, 8243, 6461, 8269, 8282&#8243;][\/vc_column][\/vc_row][vc_row][vc_column][vc_empty_space height=&#8221;30px&#8221;][vc_column_text]Magst du Abenteuer? Dann ist campen in einem Dachzelt etwas f\u00fcr dich. Mit einem Dachzelt kannst du auf oder neben deinem Auto \u00fcbernachten. Das ist nat\u00fcrlich mega praktisch! Mit einem Markise bei dem <a href=\"https:\/\/www.koalacreek.info\/de\/produkte\/klappdachzelte\/\">Klappdachzelt<\/a> kannst du den Raum um dein Fahrzeug herum optimal benutzen. Die Markise sorgen daf\u00fcr dass du Tags\u00fcber besch\u00fctzt wirst gegen die Sonne und das die W\u00e4rme Abends h\u00e4ngen bleibt. Ein gro\u00dfer Vorteil der Markise die bei Dachzelten verwendet werden ist dass sie fast keinen Platz einnehmen. Das macht das Markise nicht nur das perfekte <a href=\"https:\/\/www.koalacreek.info\/de\/produkte\/dachzeltzubehoer-von-koala-creek\/\">Zubeh\u00f6r<\/a> Item f\u00fcr Camper die nah am Haus bleiben, aber auch f\u00fcr weite Reisen! Neugierig nach den Markise? Schau dir dann unser komplettes Angebot am im webshop.<\/p>\n<h2>Verschieden Arten Zelt Markise<\/h2>\n<p>Wenn du bei einem Markise an eine fragile Plane mit Seilen denkst, dann denkst du total falsch. Heutzutage gibt es Zelt Markise von hoher Qualit\u00e4t die optimalen Komfort bieten. Bei Koala Creek findest du ein umfangreiches Sortiment an Qualitativen Zeltschutzd\u00e4chern. Unsere Zelt Markise sind ausger\u00fcstet mit <a href=\"https:\/\/www.ykk.nl\/\">YKK-verschl\u00fcssen<\/a> und wasserfeste H\u00fclsen. Im Sortiment findest du Zelt Markise die an der R\u00fcckseite oder an der Seite vom Fahrzeug fixiert werden k\u00f6nnen. Die sind erh\u00e4ltlich in verschiedenen Ma\u00dfen. Deshalb gibt es immer ein Ma\u00df dass passt zu deinem Fahrzeug. Allerdings geben diese Arten nicht die meist sch\u00fctzende Oberfl\u00e4che. Wenn man die Oberfl\u00e4che optimal nutzen m\u00f6chte, nimmt man am besten die Schutzd\u00e4cher die 270 Grad vom Fahrzeug besetzen. Unsere Zelt Markise sind bis zu 2,5 Meter in alle Richtungen So kannst du deinen eigenen mobilen Hintergarten erstellen und ultimativen Genu\u00df erleben!<\/p>\n<h2>Der Sinn der Markise<\/h2>\n<p>Wenn du deinen Komfort w\u00e4hrend dem campen erweitern m\u00f6chtest, k\u00f6nnen Markise eine gute L\u00f6sung bieten. Wenn man Markise verwendet, kreiert man gr\u00f6\u00dfere R\u00e4ume in denen man die t\u00e4glichen T\u00e4tigkeiten ausf\u00fchren kann. Zudem bieten Markise schutz gegen verschiedene Witterungsereignisse. So bist du besch\u00fctzt gegen die Sonne, aber du sitzt auch trocken bei einem starken Regenschauer. Zudem bieten Markise in gewisser Hinsicht Privacy. Andere Leute k\u00f6nnen n\u00e4mlich nicht einfach so in das Fahrzeug reingucken.<\/p>\n<h2>Autoschutzd\u00e4cher bei Koala Creek<\/h2>\n<p>Bei Koala Creek haben wir Leidenschaft f\u00fcr Camping. Das sieht man in unserem Angebot an Campingsachen. <a href=\"http:\/\/www.koalacreek.info\">Koala Creek<\/a> ist ein Teil von <a href=\"https:\/\/www.twistim.nl\/\">TWISTIM<\/a>. Hier arbeiten wir ausschlie\u00dflich mit leidenschaftlichen H\u00e4ndlern, wodurch wir hohe Qualit\u00e4t garantieren k\u00f6nnen. Unsere erfahrenen Mitarbeitet sind jederzeit bereit um all Ihre Fragen zu beantworten. Bei <a href=\"https:\/\/www.koalacreek.info\/de\/faq\/\">Fragen<\/a> kannst du ruhig unverbindlichen Kontakt mit uns aufnehmen. Wir helfen dir gerne![\/vc_column_text][\/vc_column][\/vc_row]<\/p>\n<\/div>","protected":false},"excerpt":{"rendered":"<p>[vc_row][vc_column][vc_column_text] Dachzelt und Automarkise [\/vc_column_text][vc_empty_space height=&#8221;30px&#8221;][vc_basic_grid post_type=&#8221;ids&#8221; element_width=&#8221;3&#8243; item=&#8221;2961&#8243; grid_id=&#8221;vc_gid:1746951309389-8a0fe90e432df3fd7bc560fae1d7ea6c-6&#8243; include=&#8221;6509, 10640, 10644, 8248, 5966, 5978, 5972, 7198, 6470, 6484, 8265, 7158, 7146, 8243, 6461, 8269, 8282&#8243;][\/vc_column][\/vc_row][vc_row][vc_column][vc_empty_space height=&#8221;30px&#8221;][vc_column_text]Magst du Abenteuer? Dann ist campen in einem Dachzelt etwas f\u00fcr dich. Mit einem Dachzelt kannst du auf oder neben deinem Auto \u00fcbernachten. Das ist nat\u00fcrlich mega praktisch!<\/p>\n","protected":false},"author":2,"featured_media":0,"parent":6092,"menu_order":4,"comment_status":"closed","ping_status":"closed","template":"","meta":{"footnotes":""},"_links":{"self":[{"href":"https:\/\/www.koalacreek.info\/de\/wp-json\/wp\/v2\/pages\/6098"}],"collection":[{"href":"https:\/\/www.koalacreek.info\/de\/wp-json\/wp\/v2\/pages"}],"about":[{"href":"https:\/\/www.koalacreek.info\/de\/wp-json\/wp\/v2\/types\/page"}],"author":[{"embeddable":true,"href":"https:\/\/www.koalacreek.info\/de\/wp-json\/wp\/v2\/users\/2"}],"replies":[{"embeddable":true,"href":"https:\/\/www.koalacreek.info\/de\/wp-json\/wp\/v2\/comments?post=6098"}],"version-history":[{"count":26,"href":"https:\/\/www.koalacreek.info\/de\/wp-json\/wp\/v2\/pages\/6098\/revisions"}],"predecessor-version":[{"id":10646,"href":"https:\/\/www.koalacreek.info\/de\/wp-json\/wp\/v2\/pages\/6098\/revisions\/10646"}],"up":[{"embeddable":true,"href":"https:\/\/www.koalacreek.info\/de\/wp-json\/wp\/v2\/pages\/6092"}],"wp:attachment":[{"href":"https:\/\/www.koalacreek.info\/de\/wp-json\/wp\/v2\/media?parent=6098"}],"curies":[{"name":"wp","href":"https:\/\/api.w.org\/{rel}","templated":true}]}}