{"id":6067,"date":"2021-06-23T11:49:08","date_gmt":"2021-06-23T11:49:08","guid":{"rendered":"https:\/\/www.koalacreek.info\/kontakt\/"},"modified":"2024-04-15T11:25:31","modified_gmt":"2024-04-15T09:25:31","slug":"kontakt","status":"publish","type":"page","link":"https:\/\/www.koalacreek.info\/de\/kontakt\/","title":{"rendered":"Kontakt"},"content":{"rendered":"<div class=\"wpb-content-wrapper\"><p>[vc_row gap=&#8221;20&#8243;][vc_column width=&#8221;2\/3&#8243;][vc_column_text]<\/p>\n<h3>Fragen oder auch H\u00e4ndler werden? Kontaktiere uns unverbindlich!<\/h3>\n<p>[\/vc_column_text]\n<div class=\"wpcf7 no-js\" id=\"wpcf7-f6784-o1\" lang=\"de-DE\" dir=\"ltr\">\n<div class=\"screen-reader-response\"><p role=\"status\" aria-live=\"polite\" aria-atomic=\"true\"><\/p> <ul><\/ul><\/div>\n<form action=\"\/de\/wp-json\/wp\/v2\/pages\/6067#wpcf7-f6784-o1\" method=\"post\" class=\"wpcf7-form init\" aria-label=\"Kontaktformular\" novalidate=\"novalidate\" data-status=\"init\">\n<div style=\"display: none;\">\n<input type=\"hidden\" name=\"_wpcf7\" value=\"6784\" \/>\n<input type=\"hidden\" name=\"_wpcf7_version\" value=\"5.9.3\" \/>\n<input type=\"hidden\" name=\"_wpcf7_locale\" value=\"de_DE\" \/>\n<input type=\"hidden\" name=\"_wpcf7_unit_tag\" value=\"wpcf7-f6784-o1\" \/>\n<input type=\"hidden\" name=\"_wpcf7_container_post\" value=\"0\" \/>\n<input type=\"hidden\" name=\"_wpcf7_posted_data_hash\" value=\"\" \/>\n<input type=\"hidden\" name=\"_wpcf7_recaptcha_response\" value=\"\" \/>\n<\/div>\n<label> Name *\n    <span class=\"wpcf7-form-control-wrap\" data-name=\"your-name\"><input size=\"40\" class=\"wpcf7-form-control wpcf7-text wpcf7-validates-as-required\" aria-required=\"true\" aria-invalid=\"false\" value=\"\" type=\"text\" name=\"your-name\" \/><\/span> <\/label>\n\n<label> Name der Firma \n    <span class=\"wpcf7-form-control-wrap\" data-name=\"your-company\"><input size=\"40\" class=\"wpcf7-form-control wpcf7-text\" aria-invalid=\"false\" value=\"\" type=\"text\" name=\"your-company\" \/><\/span> <\/label>\n\n<label> E-mailadresse *\n    <span class=\"wpcf7-form-control-wrap\" data-name=\"your-email\"><input size=\"40\" class=\"wpcf7-form-control wpcf7-email wpcf7-validates-as-required wpcf7-text wpcf7-validates-as-email\" aria-required=\"true\" aria-invalid=\"false\" value=\"\" type=\"email\" name=\"your-email\" \/><\/span> <\/label>\n\n<label> Telefonnummer\n    <span class=\"wpcf7-form-control-wrap\" data-name=\"your-tel\"><input size=\"40\" class=\"wpcf7-form-control wpcf7-tel wpcf7-text wpcf7-validates-as-tel\" aria-invalid=\"false\" value=\"\" type=\"tel\" name=\"your-tel\" \/><\/span> <\/label>\n\n<label> Postleitzahl\n    <span class=\"wpcf7-form-control-wrap\" data-name=\"your-zipcode\"><input size=\"40\" class=\"wpcf7-form-control wpcf7-text\" aria-invalid=\"false\" value=\"\" type=\"text\" name=\"your-zipcode\" \/><\/span> <\/label>\n\n<label> Ihre Frage oder Nachricht *\n    <span class=\"wpcf7-form-control-wrap\" data-name=\"your-message\"><textarea cols=\"40\" rows=\"10\" class=\"wpcf7-form-control wpcf7-textarea wpcf7-validates-as-required\" aria-required=\"true\" aria-invalid=\"false\" name=\"your-message\"><\/textarea><\/span> <\/label>\n\n<input class=\"wpcf7-form-control wpcf7-submit has-spinner\" type=\"submit\" value=\"Verzenden\" \/><div class=\"wpcf7-response-output\" aria-hidden=\"true\"><\/div>\n<\/form>\n<\/div>\n[\/vc_column][vc_column width=&#8221;1\/3&#8243;][vc_column_text]<span style=\"font-size: 14pt;\"><img loading=\"lazy\" decoding=\"async\" class=\"alignnone size-full wp-image-69\" src=\"https:\/\/www.koalacreek.info\/wp-content\/uploads\/2018\/11\/logo-website.png\" alt=\"Koala Creek logo\" width=\"243\" height=\"85\" \/><\/span><\/p>\n<p><span style=\"font-size: 14pt;\">Koala Creek<em><strong>\u00ae <\/strong><\/em>ist eine Marke von <span style=\"color: #000000;\"><a style=\"color: #000000;\" href=\"https:\/\/www.twistim.nl\/\" target=\"_blank\" rel=\"noopener\">TWISTIM<\/a><\/span><br \/>\n<\/span><br \/>\n<span style=\"font-size: 14pt;\">Ausschlie\u00dflich erh\u00e4ltlich bei ausgew\u00e4hlten und<br \/>\n<span style=\"color: #0095ff;\"><strong><a style=\"color: #0095ff;\" href=\"https:\/\/www.koalacreek.info\/de\/haendler\/\" target=\"_blank\" rel=\"noopener\">leidenschaftlichen H\u00e4ndlern<\/a><\/strong><\/span> von TWISTIM.<\/span><br \/>\n<span style=\"font-size: 14pt;\"><br \/>\n<span style=\"font-size: 18pt;\"><strong><br \/>\nTWISTIM vertreibt<\/strong><\/span><br \/>\n<em><strong>KOALA CREEK<\/strong><strong>\u00ae <\/strong><\/em>Dachzelten, Markisen, Bodenzelten, Zubeh\u00f6r,<br \/>\n<em><strong>OUTBACK GEAR <\/strong><\/em>\u00a0Dachzelten,<br \/>\n<em><strong>RACKSBRACK<\/strong><strong>\u00ae\u00a0\u00a0<\/strong><\/em>Markiesen schnell montage und demontage Halter.<\/span><\/p>\n<p><strong><span style=\"font-size: 14pt;\">TWISTIM<\/span><\/strong><br \/>\n<span style=\"font-size: 14pt;\">Schuttersstraat 26B<br \/>\n<\/span><span style=\"font-size: 14pt;\">6191RZ Beek<br \/>\n<\/span><span style=\"font-size: 14pt;\">Nederland<br \/>\n<\/span>(Besichtigung nach Vereinbarung)<\/p>\n<p><span style=\"font-size: 14pt;\"><strong><a href=\"mailto:info@twistim.com\">info@twistim.com<\/a><\/strong><\/span>[\/vc_column_text][stm_icon_box box_style=&#8221;style_2&#8243; add_link=&#8221;enable&#8221; icon=&#8221;fab fa-instagram&#8221; icon_size=&#8221;18&#8243; icon_color=&#8221;secondary&#8221; title=&#8221;Instagram&#8221; link=&#8221;url:https%3A%2F%2Fwww.instagram.com%2Fkoalacreek%2F|target:_blank|rel:nofollow&#8221;][\/stm_icon_box][stm_icon_box box_style=&#8221;style_2&#8243; add_link=&#8221;enable&#8221; icon=&#8221;fab fa-facebook-f&#8221; icon_size=&#8221;18&#8243; icon_color=&#8221;secondary&#8221; link=&#8221;url:https%3A%2F%2Fwww.facebook.com%2FKoalacreek%2F|target:_blank|rel:nofollow&#8221; title=&#8221;Facebook&#8221; title_font_size=&#8221;20&#8243;]Instagram[\/stm_icon_box][\/vc_column][\/vc_row]<\/p>\n<\/div>","protected":false},"excerpt":{"rendered":"<p>[vc_row gap=&#8221;20&#8243;][vc_column width=&#8221;2\/3&#8243;][vc_column_text] Fragen oder auch H\u00e4ndler werden? Kontaktiere uns unverbindlich! [\/vc_column_text][\/vc_column][vc_column width=&#8221;1\/3&#8243;][vc_column_text] Koala Creek\u00ae ist eine Marke von TWISTIM Ausschlie\u00dflich erh\u00e4ltlich bei ausgew\u00e4hlten und leidenschaftlichen H\u00e4ndlern von TWISTIM. TWISTIM vertreibt KOALA CREEK\u00ae Dachzelten, Markisen, Bodenzelten, Zubeh\u00f6r, OUTBACK GEAR \u00a0Dachzelten, RACKSBRACK\u00ae\u00a0\u00a0Markiesen schnell montage und demontage Halter. TWISTIM Schuttersstraat 26B 6191RZ Beek Nederland (Besichtigung nach Vereinbarung)<\/p>\n","protected":false},"author":5,"featured_media":0,"parent":0,"menu_order":6,"comment_status":"closed","ping_status":"closed","template":"","meta":{"footnotes":""},"_links":{"self":[{"href":"https:\/\/www.koalacreek.info\/de\/wp-json\/wp\/v2\/pages\/6067"}],"collection":[{"href":"https:\/\/www.koalacreek.info\/de\/wp-json\/wp\/v2\/pages"}],"about":[{"href":"https:\/\/www.koalacreek.info\/de\/wp-json\/wp\/v2\/types\/page"}],"author":[{"embeddable":true,"href":"https:\/\/www.koalacreek.info\/de\/wp-json\/wp\/v2\/users\/5"}],"replies":[{"embeddable":true,"href":"https:\/\/www.koalacreek.info\/de\/wp-json\/wp\/v2\/comments?post=6067"}],"version-history":[{"count":26,"href":"https:\/\/www.koalacreek.info\/de\/wp-json\/wp\/v2\/pages\/6067\/revisions"}],"predecessor-version":[{"id":8470,"href":"https:\/\/www.koalacreek.info\/de\/wp-json\/wp\/v2\/pages\/6067\/revisions\/8470"}],"wp:attachment":[{"href":"https:\/\/www.koalacreek.info\/de\/wp-json\/wp\/v2\/media?parent=6067"}],"curies":[{"name":"wp","href":"https:\/\/api.w.org\/{rel}","templated":true}]}}