{"id":6058,"date":"2021-06-23T11:48:05","date_gmt":"2021-06-23T11:48:05","guid":{"rendered":"https:\/\/www.koalacreek.info\/ueber-uns\/"},"modified":"2024-05-11T08:29:03","modified_gmt":"2024-05-11T06:29:03","slug":"ueber-uns","status":"publish","type":"page","link":"https:\/\/www.koalacreek.info\/de\/ueber-uns\/","title":{"rendered":"\u00dcber uns"},"content":{"rendered":"<div class=\"wpb-content-wrapper\"><p>[vc_row][vc_column width=&#8221;1\/2&#8243;][vc_column_text]<strong><span style=\"font-size: 18pt;\">Wie es alles anfing&#8230;&#8230;&#8230;<\/span><\/strong><\/p>\n<p><span style=\"font-size: 14pt;\">1987 Northam, Western Australia.<\/span><\/p>\n<p><span style=\"font-size: 14pt;\">Henry Verlinden und seine Frau Wendy planen eine harte Route in Australien, die ber\u00fcchtigte <span style=\"color: #0095ff;\"><a style=\"color: #0095ff;\" href=\"https:\/\/en.wikipedia.org\/wiki\/Canning_Stock_Route\" target=\"_blank\" rel=\"noopener\"><strong>Canning Stock Route<\/strong><\/a>.<\/span><br \/>\nCa. 1850 km lang, quer durch die Australische Wildniss. Von Wiluna bis Halls Creek. Benannt nach Alfred Canning, der diese Route als erster vollbrachte. Heutzutage braucht man mit einem gut ausger\u00fcsteten 4&#215;4 Auto 10 bis 20 Tage f\u00fcr diese Reise.<br \/>\n<\/span><span style=\"font-size: 14pt;\">An dieser Route liegt nichts unterwegs. Man ist volkommen auf sich alleine und die Mitreisenden gestellt. Es ist unglaublich wichtig dass all dein Material Topqualit\u00e4t ist.<\/span><br \/>\n<span style=\"font-size: 14pt;\">Henry Verlinden fand dass das gebrauchte Dachzelt ganz perfekt war, und so entstand die Idee um die Sache zu verbessern.<\/span><\/p>\n<p><span style=\"font-size: 14pt;\">Die <em><strong>Koala Creek\u00ae<\/strong><\/em>-Dachzelte waren geboren. Seit 2014 wird in Europa hart daran gearbeitet, die besten Dachzelte, Markisen und Campingzubeh\u00f6r weiterzuentwickeln. Gemeinsam mit Europ\u00e4ischen Kunden und H\u00e4ndlern werden Verbesserungen vorgenommen.<\/span><br \/>\n<span style=\"font-size: 14pt;\">So entstand das Koala Creek\u00ae Sortiment an Dachzelten, Markisen und Campingzubeh\u00f6r, das den Anforderungen des Europ\u00e4ischen Freizeitreisenden \/ Campers entspricht, der auf Komfort und Details achtet.<\/span><\/p>\n<p><span style=\"font-size: 14pt;\">Kunden sind unsere Botschafter.<br \/>\n<strong><em>Wirst du auch ein Koala Creek\u00ae Botschafter? <\/em><\/strong><\/span>[\/vc_column_text][\/vc_column][vc_column width=&#8221;1\/2&#8243;][vc_column_text]<span style=\"font-size: 14pt;\">Koala Creek<em><strong>\u00ae <\/strong><\/em>ist eine Marke von TWISTIM.<\/span><br \/>\n<span style=\"font-size: 14pt;\">Ausschlie\u00dflich erh\u00e4ltlich bei ausgew\u00e4hlten und<br \/>\n<span style=\"color: #0095ff;\"><strong><a style=\"color: #0095ff;\" href=\"https:\/\/www.koalacreek.info\/de\/haendler\/\" target=\"_blank\" rel=\"noopener\">leidenschaftlichen H\u00e4ndlern<\/a><\/strong><\/span> von TWISTIM.<\/span><\/p>\n<p><strong><span style=\"font-size: 14pt;\">TWISTIM<\/span><\/strong><br \/>\n<span style=\"font-size: 14pt;\">Schuttersstraat 26B<br \/>\n<\/span><span style=\"font-size: 14pt;\">6191RZ Beek<br \/>\n<\/span><span style=\"font-size: 14pt;\">Nederland<br \/>\n<\/span>(Besichtigung nach Vereinbarung)<\/p>\n<p><span style=\"color: #0095ff;\"><strong><span style=\"font-size: 14pt;\"><a style=\"color: #0095ff;\" href=\"http:\/\/www.twistim.nl\" target=\"_blank\" rel=\"noopener\">www.twistim.nl<\/a><\/span><\/strong><\/span><\/p>\n<p>&nbsp;<\/p>\n<p><img loading=\"lazy\" decoding=\"async\" class=\"alignnone size-full wp-image-69\" src=\"https:\/\/www.koalacreek.info\/wp-content\/uploads\/2018\/11\/logo-website.png\" alt=\"Koala Creek logo\" width=\"243\" height=\"85\" \/>[\/vc_column_text][\/vc_column][\/vc_row]<\/p>\n<\/div>","protected":false},"excerpt":{"rendered":"<p>[vc_row][vc_column width=&#8221;1\/2&#8243;][vc_column_text]Wie es alles anfing&#8230;&#8230;&#8230; 1987 Northam, Western Australia. Henry Verlinden und seine Frau Wendy planen eine harte Route in Australien, die ber\u00fcchtigte Canning Stock Route. Ca. 1850 km lang, quer durch die Australische Wildniss. Von Wiluna bis Halls Creek. Benannt nach Alfred Canning, der diese Route als erster vollbrachte. Heutzutage braucht man mit einem<\/p>\n","protected":false},"author":2,"featured_media":0,"parent":0,"menu_order":6,"comment_status":"closed","ping_status":"closed","template":"","meta":{"footnotes":""},"_links":{"self":[{"href":"https:\/\/www.koalacreek.info\/de\/wp-json\/wp\/v2\/pages\/6058"}],"collection":[{"href":"https:\/\/www.koalacreek.info\/de\/wp-json\/wp\/v2\/pages"}],"about":[{"href":"https:\/\/www.koalacreek.info\/de\/wp-json\/wp\/v2\/types\/page"}],"author":[{"embeddable":true,"href":"https:\/\/www.koalacreek.info\/de\/wp-json\/wp\/v2\/users\/2"}],"replies":[{"embeddable":true,"href":"https:\/\/www.koalacreek.info\/de\/wp-json\/wp\/v2\/comments?post=6058"}],"version-history":[{"count":18,"href":"https:\/\/www.koalacreek.info\/de\/wp-json\/wp\/v2\/pages\/6058\/revisions"}],"predecessor-version":[{"id":9131,"href":"https:\/\/www.koalacreek.info\/de\/wp-json\/wp\/v2\/pages\/6058\/revisions\/9131"}],"wp:attachment":[{"href":"https:\/\/www.koalacreek.info\/de\/wp-json\/wp\/v2\/media?parent=6058"}],"curies":[{"name":"wp","href":"https:\/\/api.w.org\/{rel}","templated":true}]}}