{"id":6051,"date":"2021-06-23T11:33:27","date_gmt":"2021-06-23T11:33:27","guid":{"rendered":"https:\/\/www.koalacreek.info\/haendler\/"},"modified":"2026-03-26T19:28:01","modified_gmt":"2026-03-26T18:28:01","slug":"haendler","status":"publish","type":"page","link":"https:\/\/www.koalacreek.info\/de\/haendler\/","title":{"rendered":"H\u00e4ndler"},"content":{"rendered":"<div class=\"wpb-content-wrapper\"><p>[vc_row][vc_column][vc_column_text][\/vc_column_text][\/vc_column][\/vc_row][vc_row css=&#8221;.vc_custom_1615903612128{margin-left: 5px !important;padding-top: 40px !important;padding-right: 10px !important;padding-bottom: 40px !important;padding-left: 10px !important;background-color: #f7f7f7 !important;}&#8221;][vc_column][vc_column_text css=&#8221;.vc_custom_1706865246492{padding-bottom: 15px !important;}&#8221;]<\/p>\n<p style=\"text-align: left;\"><span style=\"font-size: 14pt;\"><b><span style=\"font-size: 14pt;\">H\u00e4ndler pro Land<\/span><br \/>\n<\/b>Bei mehreren H\u00e4ndlern k\u00f6nnen Sie ein Dachzelt nicht nur kaufen, sondern auch mieten!<\/span><\/p>\n<p><span style=\"font-size: 14pt; color: #0000ff;\">M\u00f6chten Sie ein Koala Creek\u00ae Dachzelt sehen, f\u00fchlen, Probe fahren und den Unterschied zu anderen Marken feststellen?<\/span><br \/>\n<span style=\"font-size: 14pt; color: #0000ff;\">Dann besuchen Sie ein Koala Creek\u00ae Experience Centre. Hier sind immer einige unserer Dachzelte ausgestellt.<\/span>[\/vc_column_text][\/vc_column][vc_column width=&#8221;1\/2&#8243;][vc_column_text]<\/p>\n<p style=\"text-align: left;\"><strong><span style=\"font-size: 18pt; color: #ff9900;\">Belgien:<\/span><\/strong><\/p>\n<p><span style=\"font-size: 12pt;\">2225 Westmeerbeek &#8211;<a href=\"https:\/\/www.xploreoutdoor.be\/\" target=\"_blank\" rel=\"noopener\"><span style=\"color: #0095ff;\">Xplore Outdoor<\/span><\/a><\/span><\/p>\n<p><span style=\"font-size: 12pt;\">2340 Vlimmeren &#8211;<a href=\"https:\/\/madeforadventure.store\/\" target=\"_blank\" rel=\"noopener\"><span style=\"color: #0095ff;\"> Made For Adventure<\/span><\/a><\/span><\/p>\n<p><span style=\"font-size: 12pt;\">3620 Lanaken &#8211;\u00a0<a href=\"https:\/\/www.4wdshop.be\/brands\/koala-creek\/?mode=grid&amp;sort=highest\" target=\"_blank\" rel=\"noopener\"><span style=\"color: #0095ff;\"> 4WD Shop.be<\/span><\/a><\/span><\/p>\n<p><span style=\"font-size: 12pt;\">3900 Pelt &#8211;\u00a0 <span style=\"color: #0000ff;\"><a style=\"color: #0000ff;\" href=\"https:\/\/thewallkostore.com\/\" target=\"_blank\" rel=\"noopener\">Koala Creek Experience Center Wallko Autovakanties<\/a><\/span><\/span><\/p>\n<p style=\"text-align: left;\"><span style=\"font-size: 12pt;\">8730 Beernem\u00a0 &#8211; <span style=\"color: #0000ff;\"><a style=\"color: #0000ff;\" href=\"https:\/\/www.overland-adventures.eu\/\" target=\"_blank\" rel=\"noopener\">Koala Creek Experience Center Overland Adventures<\/a><\/span><\/span><\/p>\n<p><span style=\"font-size: 12pt;\">9170 De Klinge: &#8211;<a href=\"https:\/\/goodlifecaravans.be\/\" target=\"_blank\" rel=\"noopener\"><span style=\"color: #0095ff;\">Goodlife caravans<\/span><\/a><\/span><\/p>\n<p><span style=\"font-size: 12pt;\">9636 Nederzwalm &#8211;<span style=\"color: #0000ff;\"><a style=\"color: #0000ff;\" href=\"https:\/\/all4daktenten.be\/\" target=\"_blank\" rel=\"noopener\"> Koala Creek Experience Center All4daktenten<\/a><\/span><\/span><\/p>\n<p>&nbsp;<\/p>\n<p><span style=\"font-size: 18pt; color: #ff9900;\"><strong>Deutschland:<\/strong><\/span><\/p>\n<p style=\"text-align: left;\"><span style=\"font-size: 12pt;\">19069 Lubstorf OT R\u00fcgensee (MV) &#8211;<span style=\"color: #0095ff;\"> <a style=\"color: #0095ff;\" href=\"https:\/\/www.ktec-shop.de\/marken\/koala-creek.html\" target=\"_blank\" rel=\"noopener\">K-tec design<\/a><\/span><\/span><\/p>\n<p><span style=\"font-size: 12pt;\">48703 Stadtlohn (NRW) &#8211;<span style=\"color: #0095ff;\"> <a style=\"color: #0095ff;\" href=\"https:\/\/www.dzm-outdoor.com\/brands\/koala-creek-2\/\" target=\"_blank\" rel=\"noopener\">DZM-Outdoor<\/a><\/span><\/span><\/p>\n<p><span style=\"font-size: 12pt;\">69234 Dielheim (Rhein-Neckar-Kreis) &#8211; <a style=\"color: #0095ff;\" href=\"https:\/\/www.hotzenplotz-adventures.de\/\" target=\"_blank\" rel=\"noopener\">Hotzenplotz-Adventures.de<\/a><\/span><\/p>\n<p><span style=\"font-size: 12pt;\">79286 Glottertal (BW) &#8211;<a href=\"https:\/\/www.dachzelt-leihen.de\/\" target=\"_blank\" rel=\"noopener\"><span style=\"color: #0000ff;\">Koala Creek Experience Center DachZelt-Leihen<\/span><\/a><\/span><\/p>\n<p><span style=\"font-size: 12pt;\">86167 Augsburg (BA) <\/span><span style=\"font-size: 12pt;\">&#8211; <\/span><span style=\"font-size: 12pt;\"><span style=\"color: #00ccff;\"><span style=\"color: #0095ff;\"><a style=\"color: #0095ff;\" href=\"https:\/\/campanions.de\/Home\" target=\"_blank\" rel=\"noopener\">Campanions all for travelbuddies<\/a><\/span><\/span><\/span><\/p>\n<p>&nbsp;[\/vc_column_text][\/vc_column][vc_column width=&#8221;1\/2&#8243;][vc_column_text]<span style=\"font-size: 18pt; color: #ff9900;\"><strong>Niederlande:<\/strong><\/span><\/p>\n<p><span style=\"font-size: 12pt;\">1566NM Assendelft &#8211; \u00a0<span style=\"color: #0095ff;\"><a style=\"color: #0095ff;\" href=\"https:\/\/www.onderdelen4x4.nl\/webshop\/zoek-op-merk\/koala-creek\/?sorting=name%7Casc\" target=\"_blank\" rel=\"noopener\">Onderdelen4x4<\/a><\/span><\/span><\/p>\n<p><span style=\"font-size: 12pt;\">3861NB Nijkerk &#8211; <span style=\"color: #0000ff;\"><a style=\"color: #0000ff;\" href=\"https:\/\/vanbijleveldkamperen.nl\/\" target=\"_blank\" rel=\"noopener\">Koala Creek Experience Center van Bijleveld kamperen<\/a><\/span><\/span><\/p>\n<p><span style=\"font-size: 12pt;\">4697 RR Sint Annaland &#8211; <span style=\"color: #0000ff;\"><a style=\"color: #0000ff;\" href=\"https:\/\/www.4x4sintannaland.nl\/product-categorie\/daktenten-en-luifels\/koala-creek\/\" target=\"_blank\" rel=\"noopener\">Koala Creek Experience Center 4&#215;4 Sint Annaland<\/a><\/span><\/span><\/p>\n<p><span style=\"font-size: 12pt;\">6165CH Geleen (luifels en accessoires) &#8211; <span style=\"color: #0095ff;\"><a style=\"color: #0095ff;\" href=\"https:\/\/www.4x4life.nl\/Luifels\" target=\"_blank\" rel=\"noopener\">4x4Life<\/a><\/span> \u00a0<\/span><\/p>\n<p><span style=\"font-size: 12pt;\">6269BB Margraten &#8211;<span style=\"color: #3366ff;\"><span style=\"color: #0095ff;\"><a style=\"color: #0095ff;\" href=\"https:\/\/www.holidaysonwheels.nl\/daktenten\/kopen\" target=\"_blank\" rel=\"noopener\">Holidays On Wheels<\/a><\/span>\u00a0<\/span><\/span><\/p>\n<p style=\"text-align: left;\"><span style=\"font-size: 12pt;\">9088 AA Wirdum &#8211; <span style=\"color: #0095ff;\"><a style=\"color: #0095ff;\" href=\"https:\/\/www.kofferopdak.nl\/huurtarieven\/daktenten\/\" target=\"_blank\" rel=\"noopener\">Kofferopdak<\/a><\/span><\/span><\/p>\n<p><span style=\"font-size: 12pt;\">9756 AH Glimmen &#8211; <span style=\"color: #0095ff;\"><a style=\"color: #0095ff;\" href=\"https:\/\/campersverhuur.com\/vehicle-detail\/koala-creek-teide-140160190\" target=\"_blank\" rel=\"noopener\">Campersverhuur<\/a><\/span><\/span><\/p>\n<p>&nbsp;[\/vc_column_text][\/vc_column][\/vc_row][vc_row][vc_column][vc_empty_space height=&#8221;30px&#8221;][vc_column_text]Heb je vragen of heb je interesse om\u00a0Koala Creek\u00ae daktent Dealer te worden?<br \/>\nReageer dan via ons <span style=\"color: #0095ff;\"><a style=\"color: #0095ff;\" href=\"https:\/\/www.koalacreek.info\/contact\/\" target=\"_blank\" rel=\"noopener\">contactformulier.<\/a><\/span><\/p>\n<p>Haben Sie Fragen oder interessen Koala Creek\u00ae Dachzelt Dealer zu werden?<br \/>\nReagieren Sie bitte \u00fcber unserem <span style=\"color: #0095ff;\"><a style=\"color: #0095ff;\" href=\"https:\/\/www.koalacreek.info\/contact\/\" target=\"_blank\" rel=\"noopener\">Kontaktformular.<\/a><\/span><\/p>\n<p>Do you have questions or are you interseted in becoming a Koala Creek\u00ae Rooftop Tent Dealer?<br \/>\nPlease react with our <span style=\"color: #0095ff;\"><a style=\"color: #0095ff;\" href=\"https:\/\/www.koalacreek.info\/contact\/\" target=\"_blank\" rel=\"noopener\">contactform<\/a><\/span>[\/vc_column_text][\/vc_column][\/vc_row][vc_row][vc_column][\/vc_column][\/vc_row]<\/p>\n<\/div>","protected":false},"excerpt":{"rendered":"<p>[vc_row][vc_column][vc_column_text][\/vc_column_text][\/vc_column][\/vc_row][vc_row css=&#8221;.vc_custom_1615903612128{margin-left: 5px !important;padding-top: 40px !important;padding-right: 10px !important;padding-bottom: 40px !important;padding-left: 10px !important;background-color: #f7f7f7 !important;}&#8221;][vc_column][vc_column_text css=&#8221;.vc_custom_1706865246492{padding-bottom: 15px !important;}&#8221;] H\u00e4ndler pro Land Bei mehreren H\u00e4ndlern k\u00f6nnen Sie ein Dachzelt nicht nur kaufen, sondern auch mieten! M\u00f6chten Sie ein Koala Creek\u00ae Dachzelt sehen, f\u00fchlen, Probe fahren und den Unterschied zu anderen Marken feststellen? Dann besuchen Sie ein Koala<\/p>\n","protected":false},"author":2,"featured_media":0,"parent":0,"menu_order":7,"comment_status":"closed","ping_status":"closed","template":"","meta":{"footnotes":""},"_links":{"self":[{"href":"https:\/\/www.koalacreek.info\/de\/wp-json\/wp\/v2\/pages\/6051"}],"collection":[{"href":"https:\/\/www.koalacreek.info\/de\/wp-json\/wp\/v2\/pages"}],"about":[{"href":"https:\/\/www.koalacreek.info\/de\/wp-json\/wp\/v2\/types\/page"}],"author":[{"embeddable":true,"href":"https:\/\/www.koalacreek.info\/de\/wp-json\/wp\/v2\/users\/2"}],"replies":[{"embeddable":true,"href":"https:\/\/www.koalacreek.info\/de\/wp-json\/wp\/v2\/comments?post=6051"}],"version-history":[{"count":111,"href":"https:\/\/www.koalacreek.info\/de\/wp-json\/wp\/v2\/pages\/6051\/revisions"}],"predecessor-version":[{"id":10973,"href":"https:\/\/www.koalacreek.info\/de\/wp-json\/wp\/v2\/pages\/6051\/revisions\/10973"}],"wp:attachment":[{"href":"https:\/\/www.koalacreek.info\/de\/wp-json\/wp\/v2\/media?parent=6051"}],"curies":[{"name":"wp","href":"https:\/\/api.w.org\/{rel}","templated":true}]}}