{"id":6023,"date":"2021-06-23T11:09:36","date_gmt":"2021-06-23T11:09:36","guid":{"rendered":"https:\/\/www.koalacreek.info\/koala-creek-dachzelt-140-delux-set\/"},"modified":"2025-04-08T20:20:44","modified_gmt":"2025-04-08T18:20:44","slug":"koala-creek-dachzelt-140-delux-set","status":"publish","type":"page","link":"https:\/\/www.koalacreek.info\/de\/koala-creek-dachzelt-140-delux-set\/","title":{"rendered":"KOALA CREEK\u00ae Dachzelt 140 Delux set"},"content":{"rendered":"<div class=\"wpb-content-wrapper\"><p>[vc_row gap=&#8221;10&#8243; content_placement=&#8221;top&#8221;][vc_column width=&#8221;1\/2&#8243;][vc_images_carousel images=&#8221;6026,6138,5990,6015,7048&#8243; img_size=&#8221;500&#215;500&#8243; wrap=&#8221;yes&#8221;][\/vc_column][vc_column width=&#8221;1\/2&#8243;][vc_column_text]<\/p>\n<h2>KOALA CREEK Dachzelt 140 Delux set.<\/h2>\n<p><span style=\"font-size: 12pt;\"><i class=\"fas fa-check\" style=\"color: #ffa500;\"><\/i> Eine LED Lichterkette 120 cm..<br \/>\n<span style=\"font-size: 12pt;\"><i class=\"fas fa-check\" style=\"color: #ffa500;\"><\/i> Eine gro\u00dfe Gep\u00e4ckaufh\u00e4ngehangmatte.<br \/>\n<span style=\"font-size: 12pt;\"><i class=\"fas fa-check\" style=\"color: #ffa500;\"><\/i> Anti-Kondens Matte.<br \/>\n<span style=\"font-size: 12pt;\"><i class=\"fas fa-check\" style=\"color: #ffa500;\"><\/i> 2 Schuhs\u00e4cke.<\/span><\/span><\/span><\/span>[\/vc_column_text][vc_row_inner equal_height=&#8221;yes&#8221; gap=&#8221;5&#8243;][vc_column_inner width=&#8221;1\/2&#8243;][vc_column_text]<span style=\"font-size: 18pt;\"><strong>Empfohlener Verkaufspreis (inkl. MwSt., exkl. Versandkosten)<\/strong><\/span><\/p>\n<p><span style=\"font-size: 18pt;\"><strong>von \u20ac 251,00 f\u00fcr \u20ac 229,00<\/strong><\/span>[\/vc_column_text][\/vc_column_inner][vc_column_inner width=&#8221;1\/2&#8243;][vc_btn title=&#8221;Suche deinen H\u00e4ndler&#8221; style=&#8221;classic&#8221; color=&#8221;juicy-pink&#8221; link=&#8221;url:https%3A%2F%2Fwww.koalacreek.info%2Fde%2Fhaendler%2F|target:_blank|&#8221;][\/vc_column_inner][\/vc_row_inner][\/vc_column][\/vc_row][vc_row][vc_column][vc_tta_tabs active_section=&#8221;1&#8243;][vc_tta_section title=&#8221;Beschreibung&#8221; tab_id=&#8221;1543671476182-8cf7c1ef-6ab5&#8243;][vc_column_text]<\/p>\n<h2><span style=\"color: #ff6600; font-size: 18pt;\"><em><strong><span style=\"font-size: 18pt;\"><span style=\"color: #ff6600;\">Koala Creek\u00ae <\/span><\/span>YOUR ADVENTURE STARTS HERE!<br \/>\n<\/strong><\/em><\/span>KOALA CREEK\u00ae Dachzelt 140 Delux set<\/h2>\n<p>Artikelnummer: R75:KC140DELUX<\/p>\n<h3><span style=\"font-size: 12pt;\"><strong><u>Geeignet f\u00fcr alle Koala Creek Dachzelt 140 Delux<\/u><\/strong><\/span><\/h3>\n<p><em>Direkt dein Dachzelt mit Rabatt anschaffen.<\/em> Im Paket sind 4 original Koala Creek\u00ae Zubeh\u00f6r Items! Die 120 cm. lange dimmbare\u00a0 Lichterkette. Zudem ein gro\u00dfes Gep\u00e4ckaufh\u00e4ngenetz (ca. 80 x 90 cm.) das sowohl unter einem Dachzelt von 140 oder 160 cm. in der breite angebracht werden oder im Dachzelt. Deine Schuhe kannst du verstauen in den 2 Schuhs\u00e4cken die man unter dem Dachzelt in die Rillen h\u00e4ngt. Und f\u00fcr unter deiner Matratze gibt es eine gute Anti-Kondens Matte.<\/p>\n<h3><span style=\"font-size: 12pt;\"><strong><u>Universell<\/u><\/strong><\/span><\/h3>\n<p>Ein Delux set kann nur zusammen in eine Bestellung mit ein Koala Creek \u00ae Dachzelt von gleicher gr\u00f6sse bestellt werden.<br \/>\nDieses Set passt auch auf viele andere 140 cm breite Dachzelte von anderen Marken. Aber dann muss man einzelne Teile dazukaufen.<\/p>\n<h3><span style=\"font-size: 12pt;\"><strong><u>Weitere Informationen<\/u><\/strong><\/span><\/h3>\n<p>Ein gro\u00dfes Sortiment an Koala Creek\u00ae <a href=\"https:\/\/www.koalacreek.info\/de\/produkte\/ersatzteile\/\" target=\"_blank\" rel=\"noopener\"><span style=\"font-size: 14pt;\"><strong>Reserveteile<\/strong><\/span><\/a> und <a href=\"https:\/\/www.koalacreek.info\/de\/produkte\/dachzeltzubehoer-von-koala-creek\/\" target=\"_blank\" rel=\"noopener\"><span style=\"font-size: 14pt;\"><strong>Zubeh\u00f6r<\/strong><\/span><\/a> ist lieferbar.<\/p>\n<p>Nach dem Ankauf eines KOALA CREEK\u00ae Dachzelts, kannst du Mitglied werden vom <span style=\"font-size: 14pt;\"><strong><a href=\"https:\/\/www.facebook.com\/groups\/344757855871620\" target=\"_blank\" rel=\"noopener\">Koala Creek Owners Club<\/a><\/strong><\/span> auf Facebook,<br \/>\ndamit du informiert bleibst von allen neuen Entwicklungen, <a href=\"https:\/\/www.koalacreek.info\/de\/dachzelt-test\/\">Tests<\/a>, Campingswochenenden und mehr.[\/vc_column_text][\/vc_tta_section][\/vc_tta_tabs][\/vc_column][\/vc_row]<\/p>\n<\/div>","protected":false},"excerpt":{"rendered":"<p>[vc_row gap=&#8221;10&#8243; content_placement=&#8221;top&#8221;][vc_column width=&#8221;1\/2&#8243;][vc_images_carousel images=&#8221;6026,6138,5990,6015,7048&#8243; img_size=&#8221;500&#215;500&#8243; wrap=&#8221;yes&#8221;][\/vc_column][vc_column width=&#8221;1\/2&#8243;][vc_column_text] KOALA CREEK Dachzelt 140 Delux set. Eine LED Lichterkette 120 cm.. Eine gro\u00dfe Gep\u00e4ckaufh\u00e4ngehangmatte. Anti-Kondens Matte. 2 Schuhs\u00e4cke.[\/vc_column_text][vc_row_inner equal_height=&#8221;yes&#8221; gap=&#8221;5&#8243;][vc_column_inner width=&#8221;1\/2&#8243;][vc_column_text]Empfohlener Verkaufspreis (inkl. MwSt., exkl. Versandkosten) von \u20ac 251,00 f\u00fcr \u20ac 229,00[\/vc_column_text][\/vc_column_inner][vc_column_inner width=&#8221;1\/2&#8243;][vc_btn title=&#8221;Suche deinen H\u00e4ndler&#8221; style=&#8221;classic&#8221; color=&#8221;juicy-pink&#8221; link=&#8221;url:https%3A%2F%2Fwww.koalacreek.info%2Fde%2Fhaendler%2F|target:_blank|&#8221;][\/vc_column_inner][\/vc_row_inner][\/vc_column][\/vc_row][vc_row][vc_column][vc_tta_tabs active_section=&#8221;1&#8243;][vc_tta_section title=&#8221;Beschreibung&#8221; tab_id=&#8221;1543671476182-8cf7c1ef-6ab5&#8243;][vc_column_text] Koala Creek\u00ae YOUR ADVENTURE STARTS<\/p>\n","protected":false},"author":2,"featured_media":6026,"parent":0,"menu_order":2,"comment_status":"closed","ping_status":"closed","template":"","meta":{"footnotes":""},"_links":{"self":[{"href":"https:\/\/www.koalacreek.info\/de\/wp-json\/wp\/v2\/pages\/6023"}],"collection":[{"href":"https:\/\/www.koalacreek.info\/de\/wp-json\/wp\/v2\/pages"}],"about":[{"href":"https:\/\/www.koalacreek.info\/de\/wp-json\/wp\/v2\/types\/page"}],"author":[{"embeddable":true,"href":"https:\/\/www.koalacreek.info\/de\/wp-json\/wp\/v2\/users\/2"}],"replies":[{"embeddable":true,"href":"https:\/\/www.koalacreek.info\/de\/wp-json\/wp\/v2\/comments?post=6023"}],"version-history":[{"count":24,"href":"https:\/\/www.koalacreek.info\/de\/wp-json\/wp\/v2\/pages\/6023\/revisions"}],"predecessor-version":[{"id":10276,"href":"https:\/\/www.koalacreek.info\/de\/wp-json\/wp\/v2\/pages\/6023\/revisions\/10276"}],"wp:featuredmedia":[{"embeddable":true,"href":"https:\/\/www.koalacreek.info\/de\/wp-json\/wp\/v2\/media\/6026"}],"wp:attachment":[{"href":"https:\/\/www.koalacreek.info\/de\/wp-json\/wp\/v2\/media?parent=6023"}],"curies":[{"name":"wp","href":"https:\/\/api.w.org\/{rel}","templated":true}]}}