{"id":6002,"date":"2021-06-23T10:42:02","date_gmt":"2021-06-23T10:42:02","guid":{"rendered":"https:\/\/www.koalacreek.info\/koala-creek-160-lw-universelles-unterzelt-190-cm-hoch\/"},"modified":"2025-09-13T16:33:50","modified_gmt":"2025-09-13T14:33:50","slug":"koala-creek-160-lw-universelles-unterzelt-190-cm-hoch","status":"publish","type":"page","link":"https:\/\/www.koalacreek.info\/de\/koala-creek-160-lw-universelles-unterzelt-190-cm-hoch\/","title":{"rendered":"KOALA CREEK\u00ae 160 LW universelles Unterzelt 190 cm. hoch"},"content":{"rendered":"<div class=\"wpb-content-wrapper\"><p>[vc_row gap=&#8221;10&#8243; content_placement=&#8221;top&#8221;][vc_column width=&#8221;1\/2&#8243;][vc_images_carousel images=&#8221;5996&#8243; img_size=&#8221;500&#215;500&#8243; wrap=&#8221;yes&#8221;][\/vc_column][vc_column width=&#8221;1\/2&#8243;][vc_column_text]<\/p>\n<h2>KOALA CREEK\u00ae 160 LW universelles Unterzelt 190 cm. hoch<\/h2>\n<p><span style=\"font-size: 12pt;\"><i class=\"fas fa-check\" style=\"color: #ffa500;\"><\/i> Montage hinter der Leiter.<br \/>\n<span style=\"font-size: 12pt;\"><i class=\"fas fa-check\" style=\"color: #ffa500;\"><\/i> Universelles Unterzelt.<br \/>\n<span style=\"font-size: 12pt;\"><i class=\"fas fa-check\" style=\"color: #ffa500;\"><\/i> umziehen.<br \/>\n<span style=\"font-size: 12pt;\"><i class=\"fas fa-check\" style=\"color: #ffa500;\"><\/i> duschen.<br \/>\n<span style=\"font-size: 12pt;\"><i class=\"fas fa-check\" style=\"color: #ffa500;\"><\/i> toilette.<br \/>\n<span style=\"font-size: 12pt;\"><i class=\"fas fa-check\" style=\"color: #ffa500;\"><\/i> 2 Jahre Garantie.<\/span><\/span><\/span><\/span><\/span><\/span>[\/vc_column_text][vc_row_inner equal_height=&#8221;yes&#8221; gap=&#8221;5&#8243;][vc_column_inner width=&#8221;1\/2&#8243;][vc_column_text]<span style=\"font-size: 14pt;\"><strong>Empfohlener Verkaufspreis (inkl. MwSt., exkl. Versandkosten)<\/strong><\/span><\/p>\n<p><span style=\"font-size: 18pt;\"><strong>\u20ac 199,-\u00a0 \u00a0 <span style=\"color: #ff0000;\">(Vorher \u20ac 309.00)<\/span><\/strong><\/span>[\/vc_column_text][\/vc_column_inner][vc_column_inner width=&#8221;1\/2&#8243;][vc_btn title=&#8221;Suche deinen H\u00e4ndler&#8221; style=&#8221;classic&#8221; color=&#8221;juicy-pink&#8221; link=&#8221;url:https%3A%2F%2Fwww.koalacreek.info%2Fdealers%2F|target:_blank|&#8221;][\/vc_column_inner][\/vc_row_inner][\/vc_column][\/vc_row][vc_row][vc_column][vc_tta_tabs active_section=&#8221;1&#8243;][vc_tta_section title=&#8221;Beschreibung&#8221; tab_id=&#8221;1543671476182-8cf7c1ef-6ab5&#8243;][vc_column_text]<\/p>\n<h2><span style=\"color: #ff6600; font-size: 18pt;\"><em><strong><span style=\"font-size: 18pt;\"><span style=\"color: #ff6600;\">Koala Creek\u00ae <\/span><\/span>YOUR ADVENTURE STARTS HERE!<br \/>\n<\/strong><\/em><\/span><strong>KOALA CREEK\u00ae 160 LW universelles Unterzelt 190 cm. hoch<\/strong><\/h2>\n<p>Artikelnummer: R37:KC160K-OT190SW<\/p>\n<h3><span style=\"font-size: 12pt;\"><strong><u>Geeignet f\u00fcr 160 cm breite Dachzelte<\/u><\/strong><\/span><\/h3>\n<p>Dieses Universelle Unterzelt ist Speziell hergestellt f\u00fcr Verwendung unter 160 cm. Breite Dachzelte mit einem Rillenprofil im Boden. Mit einer h\u00f6he von 190 cm universell verwendbar auf vielen Arten und Ma\u00dfen von Autos und Aufliegern. Dieses Unterzelt ist Speziell daf\u00fcr da zum umziehen, duschen, als Toilette oder einfach nur als trockener Stauraum.<\/p>\n<h3><span style=\"font-size: 12pt;\"><strong><u>Universell<\/u><\/strong><\/span><\/h3>\n<p>Dank der Speziellen Montage in den Rillen hinter der Leiter passt dieses Unterzelt unter <em><strong>sehr vielen Dachzelten von verschiedenen Marken<\/strong><\/em>. Wichtig ist dass die Bodenma\u00dfe au\u00dferhalb ca. 163 x 123 cm sind. Montage ist HINTER der Leiter.<\/p>\n<h3><span style=\"font-size: 12pt;\"><strong><u>Das Material<\/u><\/strong><\/span><\/h3>\n<p>Dies ist ein hochwertiges Unterzelt welches dieselben strengen Kriterien erf\u00fcllt und dieselbe Verarbeitung hat wie ein Koala Creek\u00ae Dachzelt. Diese LW Ausf\u00fchrung ist leicht und besteht aus demselben Stoff wie das flysheet vom Dachzelt, aber dann in grau. An der R\u00fcckseite an der man vom Unterzelt ins Auto rein kann.<\/p>\n<h3><span style=\"font-size: 12pt;\"><strong><u>H\u00f6henverstellung<\/u><\/strong><\/span><\/h3>\n<p>Das besondere an allen Koala Creek\u00ae Unterzelten ist die Speziale H\u00f6henverstellung an der Oberseite im Unterzelt. So kann man es ca. 20 cm in der H\u00f6he verstellen. Dadurch ist es verwendbar von ca. 170 bis 200 cm. Bodenh\u00f6he.<\/p>\n<h3><span style=\"font-size: 12pt;\"><strong><u>Weitere Informationen<\/u><\/strong><\/span><\/h3>\n<p>Verschiedene andere <span style=\"font-size: 14pt;\"><a href=\"https:\/\/www.koalacreek.info\/de\/produkte\/klappdachzelte\/unterzelte\/\" target=\"_blank\" rel=\"noopener\"><strong>Unterzelte<\/strong><\/a><\/span> und zu einem Dachzelt passender <span style=\"font-size: 14pt;\"><strong><a href=\"https:\/\/www.koalacreek.info\/de\/produkte\/dachzeltzubehoer-von-koala-creek\/\" target=\"_blank\" rel=\"noopener\">Zubeh\u00f6r<\/a><\/strong><\/span> ist auch lieferbar.<\/p>\n<p>Nach dem Ankauf eines KOALA CREEK\u00ae Dachzelts, kannst du Mitglied werden vom <span style=\"font-size: 14pt;\"><strong><a href=\"https:\/\/www.facebook.com\/groups\/344757855871620\" target=\"_blank\" rel=\"noopener\">Koala Creek Owners Club<\/a><\/strong><\/span> auf Facebook,<br \/>\ndamit du informiert bleibst von allen neuen Entwicklungen, Campingswochenenden und mehr.[\/vc_column_text][\/vc_tta_section][vc_tta_section title=&#8221;Gebrauch Unterzelt&#8221; tab_id=&#8221;1542227704614-40c57c7e-1b9c&#8221;][vc_column_text]<\/p>\n<h2><span style=\"color: #ff6600; font-size: 18pt;\"><em><strong><span style=\"font-size: 18pt;\"><span style=\"color: #ff6600;\">Koala Creek\u00ae <\/span><\/span>YOUR ADVENTURE STARTS HERE!<br \/>\n<\/strong><\/em><\/span><strong>KOALA CREEK\u00ae 160 LW universelles Unterzelt 190 cm. hoch<\/strong><\/h2>\n<h3><span style=\"font-size: 12pt;\"><strong><u>Das Unterzelt montieren<\/u><\/strong><\/span><\/h3>\n<p>Das besondere an diesem Dachzelt ist dass es in die Rillen HINTER der Leiter geschoben wird. Schiebe die Leiter rein und H\u00e4nge sie fest. Ziehe den vertikalen Klettverschluss los und schiebe das Unterzelt in den Boden beim Auto. Die T\u00fcr wird an der Seite erscheinen.<\/p>\n<h3><span style=\"font-size: 12pt;\"><strong><u>Weiter montieren.<\/u><\/strong><\/span><\/h3>\n<p>Bringe jetzt das Unterzelt auf die richtige h\u00f6he mit hilfe der H\u00f6henversteller oben in der Innenseite des Unterzeltes. Das Unterzelt kannst du abstellen auf eine Dachzelt Bodenh\u00f6he von 170 bis 200 cm.<\/p>\n<h3><span style=\"font-size: 12pt;\"><strong><u>Abspannen<\/u><\/strong><\/span><\/h3>\n<p>Entnehme die Heringe aus der T\u00fcte. Dort befinden sich auch Gummib\u00e4nder von denen man eventuell Abspanngummis machen kann zwischen Unterzelt und den Heringen.<\/p>\n<p><span style=\"font-size: 12pt;\"><strong><u>Gebrauch und Material<\/u><\/strong><\/span><\/p>\n<p>Das Unterzelt ist absolut Wasserdicht und die Au\u00dfenseite trocknet schnell. Das 420D graue Polyester Zelttuch ist absolut Wasserfest. <u><\/u><\/p>\n<p><span style=\"font-size: 12pt;\"><strong><u>Verstauen<\/u><\/strong><\/span><\/p>\n<p>Das Unterzelt ist in einem starkem Sack. Sollte das Unterzelt nass oder feucht aufgestaut werden, dann muss dieses innerhalb ca. 24 Stunden trocknen oder l\u00fcften.<\/p>\n<p>Auf unserer <strong><a href=\"https:\/\/www.koalacreek.info\/de\/faq\/\" target=\"_blank\" rel=\"noopener\">FAQ<\/a><\/strong> Seite kannst du viele Antworten auf Fragen finden.[\/vc_column_text][vc_column_text][\/vc_column_text][\/vc_tta_section][vc_tta_section title=&#8221;Technische Beschreibung&#8221; tab_id=&#8221;1542227704614-94c2c83e-6334&#8243;][vc_column_text]<\/p>\n<h2><span style=\"color: #ff6600; font-size: 18pt;\"><em><strong><span style=\"font-size: 18pt;\"><span style=\"color: #ff6600;\">Koala Creek\u00ae <\/span><\/span>YOUR ADVENTURE STARTS HERE!<br \/>\n<\/strong><\/em><\/span><strong>KOALA CREEK\u00ae 160 LW universelles Unterzelt 190 cm. hoch<\/strong><\/h2>\n<h3><span style=\"font-size: 12pt;\"><strong><u>Hauptma\u00dfe<\/u><\/strong><\/span><\/h3>\n<p><span style=\"font-size: 12pt;\">Passt auf die meisten B\u00f6den mit Rillen.<br \/>\nMontage Ma\u00dfe boden ca. 163 x 123 cm.<br \/>\n<\/span><span style=\"font-size: 12pt;\">Ausgestattet mit 20 cm H\u00f6henverstellung.<\/span><br \/>\n<span style=\"font-size: 12pt;\">Verwendbar von ca. 170 bis 200 cm.<\/span><br \/>\n<span style=\"font-size: 12pt;\">Ein sehr universelles Unterzelt!<\/span><\/p>\n<p>&nbsp;<\/p>\n<p><span style=\"font-size: 12pt; color: #000000;\"><strong><u>Details make the difference<\/u><\/strong><\/span><\/p>\n<p><span style=\"font-size: 12pt; color: #000000;\"><strong>Aufstauen:<\/strong> Alles ist in einem stabilen Sack.<\/span><br \/>\n<span style=\"font-size: 12pt; color: #000000;\"><strong>Zelttuch:<\/strong> grau 420D ripstop Polyester Tuch (Qualiteit sowie flysheet.)<\/span><br \/>\n<span style=\"font-size: 12pt; color: #000000;\"><strong>N\u00e4hte:<\/strong> doppelt gen\u00e4ht und im inneren hot seal tape. (Wasserdicht).<\/span>[\/vc_column_text][\/vc_tta_section][\/vc_tta_tabs][\/vc_column][\/vc_row]<\/p>\n<\/div>","protected":false},"excerpt":{"rendered":"<p>[vc_row gap=&#8221;10&#8243; content_placement=&#8221;top&#8221;][vc_column width=&#8221;1\/2&#8243;][vc_images_carousel images=&#8221;5996&#8243; img_size=&#8221;500&#215;500&#8243; wrap=&#8221;yes&#8221;][\/vc_column][vc_column width=&#8221;1\/2&#8243;][vc_column_text] KOALA CREEK\u00ae 160 LW universelles Unterzelt 190 cm. hoch Montage hinter der Leiter. Universelles Unterzelt. umziehen. duschen. toilette. 2 Jahre Garantie.[\/vc_column_text][vc_row_inner equal_height=&#8221;yes&#8221; gap=&#8221;5&#8243;][vc_column_inner width=&#8221;1\/2&#8243;][vc_column_text]Empfohlener Verkaufspreis (inkl. MwSt., exkl. Versandkosten) \u20ac 199,-\u00a0 \u00a0 (Vorher \u20ac 309.00)[\/vc_column_text][\/vc_column_inner][vc_column_inner width=&#8221;1\/2&#8243;][vc_btn title=&#8221;Suche deinen H\u00e4ndler&#8221; style=&#8221;classic&#8221; color=&#8221;juicy-pink&#8221; link=&#8221;url:https%3A%2F%2Fwww.koalacreek.info%2Fdealers%2F|target:_blank|&#8221;][\/vc_column_inner][\/vc_row_inner][\/vc_column][\/vc_row][vc_row][vc_column][vc_tta_tabs active_section=&#8221;1&#8243;][vc_tta_section title=&#8221;Beschreibung&#8221; tab_id=&#8221;1543671476182-8cf7c1ef-6ab5&#8243;][vc_column_text] Koala Creek\u00ae<\/p>\n","protected":false},"author":2,"featured_media":5996,"parent":0,"menu_order":2,"comment_status":"closed","ping_status":"closed","template":"","meta":{"footnotes":""},"_links":{"self":[{"href":"https:\/\/www.koalacreek.info\/de\/wp-json\/wp\/v2\/pages\/6002"}],"collection":[{"href":"https:\/\/www.koalacreek.info\/de\/wp-json\/wp\/v2\/pages"}],"about":[{"href":"https:\/\/www.koalacreek.info\/de\/wp-json\/wp\/v2\/types\/page"}],"author":[{"embeddable":true,"href":"https:\/\/www.koalacreek.info\/de\/wp-json\/wp\/v2\/users\/2"}],"replies":[{"embeddable":true,"href":"https:\/\/www.koalacreek.info\/de\/wp-json\/wp\/v2\/comments?post=6002"}],"version-history":[{"count":18,"href":"https:\/\/www.koalacreek.info\/de\/wp-json\/wp\/v2\/pages\/6002\/revisions"}],"predecessor-version":[{"id":10878,"href":"https:\/\/www.koalacreek.info\/de\/wp-json\/wp\/v2\/pages\/6002\/revisions\/10878"}],"wp:featuredmedia":[{"embeddable":true,"href":"https:\/\/www.koalacreek.info\/de\/wp-json\/wp\/v2\/media\/5996"}],"wp:attachment":[{"href":"https:\/\/www.koalacreek.info\/de\/wp-json\/wp\/v2\/media?parent=6002"}],"curies":[{"name":"wp","href":"https:\/\/api.w.org\/{rel}","templated":true}]}}