{"id":5966,"date":"2021-06-23T09:30:55","date_gmt":"2021-06-23T07:30:55","guid":{"rendered":"https:\/\/www.koalacreek.info\/koala-creek-explorer-schutzdach-grau-140-x-200-cm\/"},"modified":"2024-04-07T09:54:07","modified_gmt":"2024-04-07T07:54:07","slug":"koala-creek-adventurer-markise-grau-140-x-200-cm","status":"publish","type":"page","link":"https:\/\/www.koalacreek.info\/de\/koala-creek-adventurer-markise-grau-140-x-200-cm\/","title":{"rendered":"KOALA CREEK ADVENTURER MARKISE GRAU 140 X 200 CM."},"content":{"rendered":"<div class=\"wpb-content-wrapper\"><p>[vc_row gap=&#8221;10&#8243; content_placement=&#8221;top&#8221; css=&#8221;.vc_custom_1634799280772{padding-top: 50px !important;padding-bottom: 50px !important;}&#8221;][vc_column width=&#8221;1\/2&#8243;][vc_images_carousel images=&#8221;5969,5080,6434,5095,5083,5082,5096,5109,5088,5087,5086&#8243; img_size=&#8221;500&#215;500&#8243; wrap=&#8221;yes&#8221;][\/vc_column][vc_column width=&#8221;1\/2&#8243;][vc_column_text]<\/p>\n<h2>KOALA CREEK ADVENTURER MARKISE GRAU 140 X 200 CM.<\/h2>\n<p><span style=\"font-size: 12pt;\"><i class=\"fas fa-check\" style=\"color: #ffa500;\"><\/i> Ideal f\u00fcr die Montage \u00fcber der Hintert\u00fcr.<br \/>\n<span style=\"font-size: 12pt;\"><i class=\"fas fa-check\" style=\"color: #ffa500;\"><\/i> Oder ander der Seite von einem kompakten Auto.<br \/>\n<span style=\"font-size: 12pt;\"><i class=\"fas fa-check\" style=\"color: #ffa500;\"><\/i> Ma\u00dfe ca. 140 x 200 cm.<br \/>\n<span style=\"font-size: 12pt;\"><i class=\"fas fa-check\" style=\"color: #ffa500;\"><\/i> 2 Jahre Garantie.<br \/>\n<span style=\"font-size: 12pt;\"><i class=\"fas fa-check\" style=\"color: #ffa500;\"><\/i> Einfache Montage.<\/span><\/span><\/span><\/span><\/span>[\/vc_column_text][vc_row_inner equal_height=&#8221;yes&#8221; gap=&#8221;5&#8243;][vc_column_inner width=&#8221;1\/2&#8243;][vc_column_text]<span style=\"font-size: 14pt;\"><strong>Empfohlener Verkaufspreis (inkl. MwSt., exkl. Versandkosten)<\/strong><\/span><\/p>\n<p><span style=\"font-size: 18pt;\"><strong>\u20ac 319,-<\/strong><\/span>[\/vc_column_text][\/vc_column_inner][vc_column_inner width=&#8221;1\/2&#8243;][vc_btn title=&#8221;Suche deinen H\u00e4ndler&#8221; style=&#8221;classic&#8221; color=&#8221;juicy-pink&#8221; link=&#8221;url:https%3A%2F%2Fwww.koalacreek.info%2Fde%2Fhaendler%2F|target:_blank|&#8221;][\/vc_column_inner][\/vc_row_inner][\/vc_column][\/vc_row][vc_column][\/vc_column][vc_row][vc_column][vc_tta_tabs][vc_tta_section title=&#8221;Beschreibung&#8221; tab_id=&#8221;1634798071053-8128d633-6e31&#8243;][vc_column_text]<span style=\"color: #ff6600; font-size: 18pt;\"><em><strong><span style=\"font-size: 18pt;\"><span style=\"color: #ff6600;\">Koala Creek\u00ae <\/span><\/span>YOUR ADVENTURE STARTS HERE!<br \/>\n<\/strong><\/em><\/span><span style=\"font-size: 18pt;\"><strong>KOALA CREEK ADVENTURER MARKISE GRAU 140 X 200 CM.<\/strong><\/span><\/p>\n<p>Artikelnummer: R50:KCLU140x200<\/p>\n<h3><span style=\"font-size: 12pt;\"><strong><u>Das Markise<\/u><\/strong><\/span><\/h3>\n<p>Sehr durchdachtes Koala Creek\u00ae Adventurer Markise mit velen einzigartigen und durchdachte details. Passt Perfekt \u00fcber die Hintert\u00fcr von einem Auto (um darunter zu Kochen), an die Seite eines Anh\u00e4ngerwagens oder eines Kompakten Autos. In einer stabilen H\u00fclle und ist im handumdrehen aufgebaut.<\/p>\n<h3><span style=\"font-size: 12pt;\"><strong><u>Unterwegs<\/u><\/strong><\/span><\/h3>\n<p>Ein Koala Creek\u00ae Adventurer Markise ist in einer schwarzen PVC H\u00fclle mit einem vern\u00fcnftigen wasserdichten Rei\u00dfverschluss. An der Au\u00dfenseite sind einzelne Spannb\u00e4nder und innen ein paar Klettverschl\u00fcsse um alles zu fixieren w\u00e4hrend der Reise.<\/p>\n<h3><span style=\"font-size: 12pt;\"><strong><u>Gro\u00dfe Ma\u00dfe<\/u><\/strong><\/span><\/h3>\n<p>Mit diesem Koala Creek\u00ae Adventurer Markise hast du ein gro\u00dfen schattigen Ort oder ein Platz gegen den Regen.<br \/>\nAls Alternative kannst du auch Seitenw\u00e4nde oder eine Vorwant montieren.<\/p>\n<h3><span style=\"font-size: 12pt;\"><strong><u>Weitere Informationen<\/u><\/strong><\/span><\/h3>\n<p><span style=\"font-size: 14pt;\"><span style=\"font-size: 12pt;\">Hier siehst du mehr M\u00f6glichkeiten von Koala Creek Markise.<\/span>\u00a0<\/span><\/p>\n<p>Nach dem Ankauf eines KOALA CREEK\u00ae Dachzelts, kannst du Mitglied werden vom <span style=\"font-size: 14pt;\"><strong><a href=\"https:\/\/www.facebook.com\/groups\/344757855871620\" target=\"_blank\" rel=\"noopener\">Koala Creek Owners Club<\/a><\/strong><\/span> auf Facebook,<br \/>\ndamit du informiert bleibst von allen neuen Entwicklungen, Campingswochenenden und mehr.[\/vc_column_text][\/vc_tta_section][vc_tta_section title=&#8221;Verwendung Markise&#8221; tab_id=&#8221;1634798071074-6db0bdb4-3417&#8243;][vc_column_text]<span style=\"color: #ff6600; font-size: 18pt;\"><em><strong><span style=\"font-size: 18pt;\"><span style=\"color: #ff6600;\">Koala Creek\u00ae <\/span><\/span>YOUR ADVENTURE STARTS HERE!<br \/>\n<\/strong><\/em><\/span><span style=\"font-size: 18pt;\"><strong>KOALA CREEK ADVENTURER MARKISE GRAU 140 X 200 CM.<\/strong><\/span><\/p>\n<h3><span style=\"font-size: 12pt;\"><strong><u>Montage am Fahrzeug<\/u><\/strong><\/span><\/h3>\n<p><span style=\"font-size: 12pt;\">Es werden 2 gute, rostfreie Eckenst\u00fctzen mitgeliefert inklusive Bolzen und Muttern, um die St\u00fctzen an willk\u00fcrlichen stellen an das Markise zu montieren. (M8 Bolzen mit sechskantigem Kopf) Die St\u00fctzen m\u00fcssen auf Dachtr\u00e4gern befestigt werden. Oder du montierst das Markise mit 4 M8 Bolzen direkt durch die Karosserie.<\/span><\/p>\n<h3><span style=\"font-size: 12pt;\"><strong><u>Die St\u00fctzbeine:<\/u><\/strong><\/span><\/h3>\n<p><span style=\"font-size: 12pt;\">Das Markise hat 2 Teleskopisch verstellbare St\u00fctzbeine, verstellbar bis zu ca. 215 cm. Da man das Markise nach dem montieren auch wieder einpack muss, empfehlen wir es in einer h\u00f6he zu montieren an der man gut rankommt. In der praxis ist das maximal ca. 220cm. Bei Regen stellt man die St\u00fctzbeine am besten auf verschiedene h\u00f6hen ab. Mindestens 10 cm. Der H\u00f6henunterschied sorgt f\u00fcr eine gute Wasserabfuhr. <\/span><\/p>\n<h3><span style=\"font-size: 12pt;\"><strong><u>Das Markise montieren<\/u><\/strong><\/span><\/h3>\n<p><span style=\"font-size: 12pt;\">Das kannst du alleine machen, aber mit 2 Personen ist das etwas einfacher. Parke das Fahrzeug sodass es nicht im Wind steht. \u00d6ffne die spannb\u00e4nder um die H\u00fclle und dem rei\u00dfverschluss. Entfalte die 2 Tr\u00e4ger und stelle sie Global in der L\u00e4nge ein (drehen). \u00d6ffne die klettverschl\u00fcsse in der H\u00fclle. Falls es 3 sind, \u00f6ffne den mittelsten zum Schlu\u00df. Rolle das Markise \u00fcber die 2 Stangen. Am Ende sind 2 Beine in 2 Tunneln. Klappe diese auf und stell sie Global in der H\u00f6he ein. Stecke die 2 Tr\u00e4ger in der richigen L\u00e4nge in das Aluminiumprofil. <strong><a href=\"https:\/\/youtu.be\/_Qzib8ck0Lc\" target=\"_blank\" rel=\"noopener\">Video.<\/a> <\/strong><\/span><\/p>\n<h3><span style=\"font-size: 12pt;\"><strong><u>Abspannen.<\/u><\/strong><\/span><\/h3>\n<p><span style=\"font-size: 12pt;\">Montiere die 2 orangenen Abspannleinen locker in einem Winkel von ca. 30 Grad im Verh\u00e4ltnis zum Markise, auch zur Seite. Stelle die St\u00fctzbeine hoch und Spanne die Abspannleinen. Bei Regen ein St\u00fctzbein mindestens 15 cm h\u00f6her einstellen als das andere Bein sodass das Wasser gut abflie\u00dft. Am Markise sind Klettverschl\u00fcsse, welche man am Tr\u00e4ger festmachen kann um klappern zu vermeiden.<\/span><\/p>\n<h3><span style=\"font-size: 12pt;\"><strong><u>Das Markise einklappen<\/u><\/strong><\/span><\/h3>\n<p><span style=\"font-size: 12pt;\">Das beste ist um das Markise erst trocknen zu lassen. Man kann das Markise feucht oder nass einklappen. Aber dann innerhalb 24 Stunden ausklappen und aufbauen. Aufstauen in der umgekehrten Reihenfolge als das Aufbauen.<\/span><\/p>\n<h3><span style=\"font-size: 12pt;\"><strong><u>Gebrauch und Material<\/u><\/strong><\/span><\/h3>\n<p><span style=\"font-size: 12pt;\">Das Markise ist absolut Wasserdicht und trocknet schnell. Das 300 gr\/m2 RipStop polycotton (technische Baumwolle) Zelttuch ist super resistent gegen Sonne und Wasser. Zudem sind optionale Seitenw\u00e4nde, eine Vorwand und ein Beinset lieferbar (mit dem Beinset kann man aus einer wand auch ein Markise machen).<\/span><\/p>\n<p>Auf unserer <strong><a href=\"https:\/\/www.koalacreek.info\/de\/faq\/\" target=\"_blank\" rel=\"noopener\">FAQ<\/a><\/strong> Seite kannst du viele Antworten auf Fragen finden.[\/vc_column_text][\/vc_tta_section][vc_tta_section title=&#8221;Technische Beschreibung&#8221; tab_id=&#8221;1634798120481-ab7abdda-53ab&#8221;][vc_column_text]<span style=\"color: #ff6600; font-size: 18pt;\"><em><strong><span style=\"font-size: 18pt;\"><span style=\"color: #ff6600;\">Koala Creek\u00ae <\/span><\/span>YOUR ADVENTURE STARTS HERE!<br \/>\n<\/strong><\/em><\/span><span style=\"font-size: 18pt;\"><strong>KOALA CREEK ADVENTURER MARKISE GRAU 140 X 200 CM.<\/strong><\/span><\/p>\n<h3><strong><u>HAUPTMASS<\/u><\/strong><\/h3>\n<p>Ideal \u00fcber der Hintert\u00fcr!<br \/>\neingeklappt ca. 145 x 10 x 10 cm.<br \/>\nAusgeklappt ca. 140 x 200 cm.<br \/>\nGesamtgewicht \u2013 Masse ca. 7 Kg.<br \/>\nEinfache Montage mit zugelieferten Klemmverbindungen.<br \/>\nKann auch direkt an der Karosserie angebracht werden.<\/p>\n<h3><strong><u>DETAILS MAKE THE DIFFERENCE<\/u><\/strong><\/h3>\n<p><strong>Zelttuch:<\/strong>\u00a0Grau 300 gr\/m2 RipStop polycotton. (technische Baumwolle).<br \/>\n<strong>Schnallen:<\/strong>\u00a0Dort wo m\u00f6glich click in Schnallen anstatt Stabringe.<br \/>\n<strong>N\u00e4hte:<\/strong>\u00a0doppelt gen\u00e4ht und im inneren hot seal tape. (Wasserdicht)<br \/>\n<strong>Rohre:<\/strong>\u00a0Kombination 22-25 mm, abstellbar durch drehen.<br \/>\n<strong>St\u00fctzbeine:<\/strong>\u00a0Teleskopisch verstellbar bis zu einer h\u00f6he von ca. 215 cm.<br \/>\n<strong>Doppelte Tunnel:<\/strong>\u00a0Die 4 Beine \u2013 Tr\u00e4ger sind in doppelten Tunneln.<br \/>\nDadurch gibt es weniger abstellhantier beim auf- und abbauen.<br \/>\n<b>Scharniere:<\/b>\u00a0Metall anstatt Kunststoff.<br \/>\n<b>Montage material:\u00a0<\/b>RVS Bolzen en Muttern.<br \/>\n<b>Abspannlinien:\u00a0<\/b>2 St\u00fcck, gut sichtbar und dickes orangenes Seil.<br \/>\n<b>Heringe:\u00a0<\/b>2 lange en stabile Heringe mit einem Haken.[\/vc_column_text][\/vc_tta_section][\/vc_tta_tabs][\/vc_column][\/vc_row]<\/p>\n<\/div>","protected":false},"excerpt":{"rendered":"<p>[vc_row gap=&#8221;10&#8243; content_placement=&#8221;top&#8221; css=&#8221;.vc_custom_1634799280772{padding-top: 50px !important;padding-bottom: 50px !important;}&#8221;][vc_column width=&#8221;1\/2&#8243;][vc_images_carousel images=&#8221;5969,5080,6434,5095,5083,5082,5096,5109,5088,5087,5086&#8243; img_size=&#8221;500&#215;500&#8243; wrap=&#8221;yes&#8221;][\/vc_column][vc_column width=&#8221;1\/2&#8243;][vc_column_text] KOALA CREEK ADVENTURER MARKISE GRAU 140 X 200 CM. Ideal f\u00fcr die Montage \u00fcber der Hintert\u00fcr. Oder ander der Seite von einem kompakten Auto. Ma\u00dfe ca. 140 x 200 cm. 2 Jahre Garantie. Einfache Montage.[\/vc_column_text][vc_row_inner equal_height=&#8221;yes&#8221; gap=&#8221;5&#8243;][vc_column_inner width=&#8221;1\/2&#8243;][vc_column_text]Empfohlener Verkaufspreis (inkl. MwSt., exkl.<\/p>\n","protected":false},"author":2,"featured_media":5969,"parent":0,"menu_order":2,"comment_status":"closed","ping_status":"closed","template":"","meta":{"footnotes":""},"_links":{"self":[{"href":"https:\/\/www.koalacreek.info\/de\/wp-json\/wp\/v2\/pages\/5966"}],"collection":[{"href":"https:\/\/www.koalacreek.info\/de\/wp-json\/wp\/v2\/pages"}],"about":[{"href":"https:\/\/www.koalacreek.info\/de\/wp-json\/wp\/v2\/types\/page"}],"author":[{"embeddable":true,"href":"https:\/\/www.koalacreek.info\/de\/wp-json\/wp\/v2\/users\/2"}],"replies":[{"embeddable":true,"href":"https:\/\/www.koalacreek.info\/de\/wp-json\/wp\/v2\/comments?post=5966"}],"version-history":[{"count":38,"href":"https:\/\/www.koalacreek.info\/de\/wp-json\/wp\/v2\/pages\/5966\/revisions"}],"predecessor-version":[{"id":9001,"href":"https:\/\/www.koalacreek.info\/de\/wp-json\/wp\/v2\/pages\/5966\/revisions\/9001"}],"wp:featuredmedia":[{"embeddable":true,"href":"https:\/\/www.koalacreek.info\/de\/wp-json\/wp\/v2\/media\/5969"}],"wp:attachment":[{"href":"https:\/\/www.koalacreek.info\/de\/wp-json\/wp\/v2\/media?parent=5966"}],"curies":[{"name":"wp","href":"https:\/\/api.w.org\/{rel}","templated":true}]}}