{"id":5921,"date":"2021-06-23T08:10:39","date_gmt":"2021-06-23T08:10:39","guid":{"rendered":"https:\/\/www.koalacreek.info\/schau-unsere-dachzelte-auf-fahrzeugen-an\/dachzelte-auf-auflieger-und-anhaenger\/"},"modified":"2024-01-31T11:58:25","modified_gmt":"2024-01-31T10:58:25","slug":"dachzelte-auf-auflieger-und-anhaenger","status":"publish","type":"page","link":"https:\/\/www.koalacreek.info\/de\/schau-unsere-dachzelte-auf-fahrzeugen-an\/dachzelte-auf-auflieger-und-anhaenger\/","title":{"rendered":"Dachzelte auf Auflieger und Anh\u00e4nger"},"content":{"rendered":"<div class=\"wpb-content-wrapper\"><p>[vc_row][vc_column][vc_empty_space][vc_masonry_grid post_type=&#8221;custom&#8221; gap=&#8221;10&#8243; item=&#8221;masonryMedia_Default&#8221; initial_loading_animation=&#8221;none&#8221; grid_id=&#8221;vc_gid:1706605574073-988fe463-1e9d-1&#8243; custom_query=&#8221;post_type=stm_portfolio&amp;posts_per_page=-1&amp;stm_portfolio_category=daktent-op-trailer-en-aanhangwagen&#8221;][vc_btn title=&#8221;Unsere Produkte&#8221; color=&#8221;danger&#8221; link=&#8221;url:%2Fde%2Fprodukte%2F|title:Produkte&#8221;][vc_empty_space][\/vc_column][\/vc_row][vc_row][vc_column][vc_column_text]<\/p>\n<h1><strong>Dachzelt auf Anh\u00e4nger<\/strong><\/h1>\n<p>Fahren Sie demn\u00e4chst mit Ihrem Auto in den Urlaub und nehmen Sie einen Anh\u00e4nger mit, auf dem Sie ein Dachzelt anbringen m\u00f6chten? Dann sind Sie bei Koala Creek an der richtigen Adresse! Wir bieten Dachzelte in verschiedenen Gr\u00f6\u00dfen an, damit Sie einen unvergesslichen Urlaub erleben k\u00f6nnen. Mit einem Dachzelt auf Ihrem Wohnwagen k\u00f6nnen Sie fahren, wohin Sie wollen. Nach dieser einzigartigen Erfahrung werden Sie nichts anderes mehr wollen. Deshalb sind die Dachzelte von Koala Creek f\u00fcr einen unbeschwerten Urlaub unerl\u00e4sslich.<\/p>\n<h2><strong>Was ist ein softcover Dachzelt?<\/strong><\/h2>\n<p>Ein Dachzelt ist eine Art Faltzelt, das Sie einfach an Ihrem Anh\u00e4nger oder Auto befestigen k\u00f6nnen. Da Sie unsere Dachzelte auf einen Anh\u00e4nger montieren k\u00f6nnen, spielt es keine Rolle mehr, welches Auto Sie fahren. Sie k\u00f6nnen sich das Dachzelt wie eine in sich geschlossene Einheit vorstellen, die Sie \u00fcberall zum Campen aufstellen k\u00f6nnen. Wenn das Zelt aufgeklappt ist, werden Sie erstaunt sein. Eine solide, ebene Fl\u00e4che mit eine sehr gute Matrazze, auf der Sie eine wohlverdiente Nachtruhe genie\u00dfen k\u00f6nnen.<\/p>\n<h2><strong>Warum ein Dachzelt w\u00e4hlen?<\/strong><\/h2>\n<p>Wo fr\u00fcher im Urlaub ein normales Zelt ein Muss war, haben sich die Zeiten ge\u00e4ndert. Mit einem Dachzelt auf Ihrem Anh\u00e4nger gehen Sie noch einen Schritt weiter. Um hier einen deutlichen Unterschied zu machen, m\u00f6chten wir Ihnen die Vorteile eines Dachzeltes erl\u00e4utern:<\/p>\n<ul>\n<li>Es ist schnell und einfach aufzustellen. Kein st\u00e4ndiges Hantieren mit Heringen, Seilen oder anderen Frustrationen, die beim Aufstellen eines Zeltes auftreten. \u00d6ffnen Sie das Dachzelt auf Ihrem Anh\u00e4nger, klappen Sie es vollst\u00e4ndig auf und Sie k\u00f6nnen es im Handumdrehen benutzen.<\/li>\n<li>Auf der anderen Seite l\u00e4sst es sich auch sehr leicht zusammenlegen. Alles kann im Inneren zusammengefaltet werden, so dass Sie es bei Bedarf am n\u00e4chsten Tag wieder benutzen k\u00f6nnen.<\/li>\n<li>Sicher und bequem: Sie stehen nicht mehr in einer Wasserpf\u00fctze, wenn es nachts geregnet hat. Auch die Luftzirkulation wird verbessert. Die Luft kann n\u00e4mlich von allen Seiten um das Zelt str\u00f6men.<\/li>\n<li>Schlafunterlage: Wenn Sie in einem Dachzelt schlafen, liegen Sie auf einer feinen Unterlage. Die sehr gute Matrazze ist im Dachzelt montiert. Sie leiden nicht mehr unter Schlagl\u00f6chern, \u00c4sten oder anderen Unannehmlichkeiten.<\/li>\n<\/ul>\n<h2><strong>Welches Dachzelt brauchen Sie?<\/strong><\/h2>\n<p>Fahren Sie mit Ihrem Dachzelt auf Ihrem Anh\u00e4nger in den Urlaub? Dann haben wir mehrere M\u00f6glichkeiten. Wir haben verschiedene Gr\u00f6\u00dfen, die Ihren Urlaub nur noch besser machen k\u00f6nnen.<\/p>\n<ul>\n<li>Unser erster Dachzelttyp ist 140 cm breit. Diese Gr\u00f6\u00dfe ist in der Regel f\u00fcr bis zu 2 Personen geeignet, da Sie trotzdem bequem schlafen m\u00f6chten.<\/li>\n<li>Unsere zweite Gr\u00f6\u00dfe ist 160 cm breit. Sie ist ein wenig gr\u00f6\u00dfer als das vorherige Modell und bietet auch etwas mehr Platz. In ihm k\u00f6nnen 2-3 Personen schlafen. Ideal f\u00fcr eine kleine Familie, mit anderen Worten!<\/li>\n<li>Weil es bei Koala Creek um alles geht, haben wir ein noch gr\u00f6\u00dferes Modell als die beiden vorherigen. Dieses Dachzelt ist nicht weniger als 190 cm breit. Es ist m\u00f6glich, mehrere Erwachsene darin schlafen zu lassen. Denken Sie z. B. an Eltern mit ihren kleinen Kindern.<\/li>\n<\/ul>\n<h2><strong>Ein Dachzelt f\u00fcr Ihren Anh\u00e4nger kaufen<\/strong><\/h2>\n<p>Sind Sie nun vollends \u00fcberzeugt und k\u00f6nnen es kaum erwarten, das Abenteuer Ihres Lebens zu beginnen? Dann besuchen Sie einen unserer H\u00e4ndler. Er kann Ihnen helfen, Ihre Tr\u00e4ume zu verwirklichen. Unsere Vertragsh\u00e4ndler finden Sie unter anderem in den Niederlanden, Belgien und Deutschland. Sie helfen Ihnen bei all Ihren Fragen und tun ihr Bestes, um Ihr Zelt so zu gestalten, wie Sie es sich w\u00fcnschen.<\/p>\n<p>Au\u00dferdem k\u00f6nnen sie Sie durch die Produktpalette f\u00fchren; sie haben genug Erfahrung, um Ihnen sagen zu k\u00f6nnen, was Sie mitnehmen k\u00f6nnen und was nicht. Auf diese Weise sind Sie auf alle Situationen vorbereitet.<\/p>\n<p>Kaufen Sie das Dachzelt f\u00fcr Ihren Anh\u00e4nger bei einem <a href=\"\/de\/haendler\/\">Koala Creek-H\u00e4ndler<\/a>.<\/p>\n<p>Koala Creek ist ein Markenname von TWISTIM. Die Produkte, die wir verkaufen, sind von h\u00f6chster Qualit\u00e4t und nur bei offiziellen TWISTIM-Partnern in Europa erh\u00e4ltlich. Jahr f\u00fcr Jahr wurden die Dachzelte zu den heutigen Zelten weiterentwickelt. Au\u00dferdem werden sie mit viel Liebe zum Detail und st\u00e4ndiger Verbesserung den Anforderungen der europ\u00e4ischen Reisenden gerecht. So k\u00f6nnen Sie voll ausgestattet in den Urlaub fahren und das Abenteuer Ihrer Tr\u00e4ume erleben.<\/p>\n<p>Wenn Sie <a href=\"\/de\/kontakt\/\">Fragen<\/a> haben, k\u00f6nnen Sie sich gerne an uns wenden! Wir werden versuchen, Ihnen nach bestem Wissen und Gewissen zu helfen.[\/vc_column_text][\/vc_column][\/vc_row]<\/p>\n<\/div>","protected":false},"excerpt":{"rendered":"<p>[vc_row][vc_column][vc_empty_space][vc_masonry_grid post_type=&#8221;custom&#8221; gap=&#8221;10&#8243; item=&#8221;masonryMedia_Default&#8221; initial_loading_animation=&#8221;none&#8221; grid_id=&#8221;vc_gid:1706605574073-988fe463-1e9d-1&#8243; custom_query=&#8221;post_type=stm_portfolio&amp;posts_per_page=-1&amp;stm_portfolio_category=daktent-op-trailer-en-aanhangwagen&#8221;][vc_btn title=&#8221;Unsere Produkte&#8221; color=&#8221;danger&#8221; link=&#8221;url:%2Fde%2Fprodukte%2F|title:Produkte&#8221;][vc_empty_space][\/vc_column][\/vc_row][vc_row][vc_column][vc_column_text] Dachzelt auf Anh\u00e4nger Fahren Sie demn\u00e4chst mit Ihrem Auto in den Urlaub und nehmen Sie einen Anh\u00e4nger mit, auf dem Sie ein Dachzelt anbringen m\u00f6chten? Dann sind Sie bei Koala Creek an der richtigen Adresse! Wir bieten Dachzelte in verschiedenen Gr\u00f6\u00dfen an, damit Sie<\/p>\n","protected":false},"author":4,"featured_media":0,"parent":5904,"menu_order":2,"comment_status":"closed","ping_status":"closed","template":"","meta":{"footnotes":""},"_links":{"self":[{"href":"https:\/\/www.koalacreek.info\/de\/wp-json\/wp\/v2\/pages\/5921"}],"collection":[{"href":"https:\/\/www.koalacreek.info\/de\/wp-json\/wp\/v2\/pages"}],"about":[{"href":"https:\/\/www.koalacreek.info\/de\/wp-json\/wp\/v2\/types\/page"}],"author":[{"embeddable":true,"href":"https:\/\/www.koalacreek.info\/de\/wp-json\/wp\/v2\/users\/4"}],"replies":[{"embeddable":true,"href":"https:\/\/www.koalacreek.info\/de\/wp-json\/wp\/v2\/comments?post=5921"}],"version-history":[{"count":6,"href":"https:\/\/www.koalacreek.info\/de\/wp-json\/wp\/v2\/pages\/5921\/revisions"}],"predecessor-version":[{"id":8659,"href":"https:\/\/www.koalacreek.info\/de\/wp-json\/wp\/v2\/pages\/5921\/revisions\/8659"}],"up":[{"embeddable":true,"href":"https:\/\/www.koalacreek.info\/de\/wp-json\/wp\/v2\/pages\/5904"}],"wp:attachment":[{"href":"https:\/\/www.koalacreek.info\/de\/wp-json\/wp\/v2\/media?parent=5921"}],"curies":[{"name":"wp","href":"https:\/\/api.w.org\/{rel}","templated":true}]}}