{"id":5916,"date":"2021-06-23T08:10:06","date_gmt":"2021-06-23T08:10:06","guid":{"rendered":"https:\/\/www.koalacreek.info\/schau-unsere-dachzelte-auf-fahrzeugen-an\/dachzelte-auf-pkws\/"},"modified":"2024-01-31T11:55:41","modified_gmt":"2024-01-31T10:55:41","slug":"dachzelte-auf-pkws","status":"publish","type":"page","link":"https:\/\/www.koalacreek.info\/de\/schau-unsere-dachzelte-auf-fahrzeugen-an\/dachzelte-auf-pkws\/","title":{"rendered":"Dachzelt PKW"},"content":{"rendered":"<div class=\"wpb-content-wrapper\"><p>[vc_row][vc_column][vc_empty_space][vc_masonry_grid post_type=&#8221;custom&#8221; gap=&#8221;10&#8243; item=&#8221;masonryMedia_Default&#8221; initial_loading_animation=&#8221;none&#8221; grid_id=&#8221;vc_gid:1706609116094-2a456656-adac-6&#8243; custom_query=&#8221;post_type=stm_portfolio&amp;posts_per_page=-1&amp;stm_portfolio_category=daktent-op-personenauto&#8221;][vc_btn title=&#8221;Unsere Produkte&#8221; color=&#8221;danger&#8221; link=&#8221;url:%2Fde%2Fprodukte%2F|title:Produkte&#8221;][vc_empty_space][\/vc_column][\/vc_row][vc_row][vc_column][vc_column_text]<\/p>\n<h1><strong>Dachzelt PKW<\/strong><\/h1>\n<p>Wir leben in einer Welt, in der wir immer mehr unterwegs sein m\u00fcssen. Deshalb ist es eine logische Entwicklung, dass das Dachzelt f\u00fcr Autos immer beliebter wird. Wer m\u00f6chte nicht die freie Natur genie\u00dfen und sich v\u00f6llig entspannen. Wir von Koala Creek verstehen Sie voll und ganz, und deshalb haben wir verschiedene Arten von Autodachzelten im Programm.<\/p>\n<h2><strong>Was ist ein Dachzelt f\u00fcr einen Pkw?<\/strong><\/h2>\n<p>Um es so kompakt wie m\u00f6glich zu halten, haben wir ein zusammenklappbares Zelt entwickelt, das auf dem Dach eines Pkws angebracht werden kann. Dies kann eine ideale L\u00f6sung f\u00fcr Menschen sein, die gerne mit dem Auto in den Urlaub fahren und ihre Freiheit genie\u00dfen. Diese Dachzelte bestehen aus einer stabilen Basis und einem Gestell, die einfach auf das Dach gestellt werden k\u00f6nnen, so dass der Aufbau des Zeltes selbst in wenigen Minuten erledigt ist. \u00dcber eine ausziehbare Leiter ist es m\u00f6glich, dieses Dachzelt f\u00fcr PKW zu betreten.<\/p>\n<h2><strong>Was sind die Vorteile eines Dachzelts auf einem Pkw?<\/strong><\/h2>\n<p>Auch wenn es neu und aufregend ist, es zum ersten Mal zu transportieren, hat ein Dachzelt mehrere Vorteile gegen\u00fcber einem normalen Zelt. Einige der Vorteile sind:<\/p>\n<ul>\n<li>Hoch und trocken: In einem Dachzelt schl\u00e4ft man auf dem Dach des Autos. Dadurch m\u00fcssen Sie sich nicht mehr auf kalten, schlammigen oder nassen Boden legen. Au\u00dferdem leiden Sie nicht mehr unter einem unebenen Untergrund, der zu R\u00fcckenproblemen f\u00fchren kann. Zumal das Dachzelt serienm\u00e4\u00dfig mit einer guten Matratze ausgestattet ist.<\/li>\n<li>Freiheit: Sie k\u00f6nnen sicher sein, dass ein Dachzelt Ihnen schon vor dem Kauf ein Gef\u00fchl von Freiheit vermittelt. Mit einem Dachzelt auf Ihrem Pkw sind Sie viel wendiger und kommen an Orte, die Sie beispielsweise mit einem Wohnwagen nicht erreichen k\u00f6nnen.<\/li>\n<li>Abenteuer: Gestalten Sie Ihre eigene Geschichte! Sie k\u00f6nnen Ihre Route selbst bestimmen, entscheiden, wo Sie anhalten und den Abenteurer in Ihnen entfesseln. Ob Sie in den Bergen, am Strand oder in der Stadt anhalten, ein Dachzelt-Pkw bietet Ihnen alles!<\/li>\n<\/ul>\n<h2><strong>Gr\u00f6\u00dfen und Typen von Dachzelten<\/strong><\/h2>\n<p>Wir von Koala Creek sind davon \u00fcberzeugt, dass Freiheit Ihnen ein Gef\u00fchl der Freude vermitteln kann, das Sie im Urlaub ganz anders erleben l\u00e4sst. Um dies so deutlich wie m\u00f6glich zu machen, haben wir die Gr\u00f6\u00dfen und Typen der von uns angebotenen Softcover-Dachzelte (mit Abdeckung &#8211; Abdeckung \u00fcber dem Dachzelt) aufgelistet. Unser Angebot umfasst die folgenden Gr\u00f6\u00dfen:<\/p>\n<ul>\n<li><a href=\"\/de\/produkte\/klappdachzelte\/140-cm-breite-dachzelte\/\">Koala Creek 140<\/a>: diese Dachzelte mit einer Matratzengr\u00f6\u00dfe von 140 cm Breite und ca. 240 cm L\u00e4nge. Es ist generell f\u00fcr 2 Personen geeignet. Au\u00dferdem ist dieses Pkw-Dachzelt 4-Jahreszeiten-best\u00e4ndig. Sie k\u00f6nnen es also zu jeder Jahreszeit verwenden.<\/li>\n<li><a href=\"\/de\/produkte\/klappdachzelte\/160-cm-breite-dachzelte\/\">Koala Creek 160<\/a>: das sind Dachzelte mit einer Matratzengr\u00f6\u00dfe von ca. 160 cm Breite und einer L\u00e4nge von 240 cm. Diese Dachzelte sind am besten f\u00fcr 2-3 Personen geeignet, mehr empfehlen wir jedoch nicht, da Sie trotzdem bequem schlafen wollen.<\/li>\n<li><a href=\"\/de\/produkte\/klappdachzelte\/190-cm-breite-dachzelte\/\">Koala Creek 190<\/a>: Als letztes Modell schlie\u00dfen wir mit der gr\u00f6\u00dften Gr\u00f6\u00dfe ab! Die Matratzengr\u00f6\u00dfe betr\u00e4gt nicht weniger als 190 cm in der Breite und 240 cm in der L\u00e4nge. Es ist m\u00f6glich, mehrere Erwachsene in diesem Zelt zu schlafen. Wie die beiden vorherigen Varianten ist auch dieses Zelt f\u00fcr alle Jahreszeiten geeignet.<\/li>\n<li>Im Laufe des Jahres 2024 wird Koala Creek auch Hardcover-Dachzelte auf den Markt bringen.<\/li>\n<\/ul>\n<h2><strong>H\u00e4ndler in ganz Europa<\/strong><\/h2>\n<p>Wenn Sie auf der Suche nach einem idealen \u00dcberdachungszelt f\u00fcr Ihren Urlaub oder Kurztrip sind, k\u00f6nnen Sie jederzeit einen unserer H\u00e4ndler besuchen. Unsere Produkte sind exklusiv bei unseren H\u00e4ndlern unter anderem in Deutschland, \u00d6sterreich, den Niederlanden und Belgien erh\u00e4ltlich. Oft ist es auch m\u00f6glich, ein Dachzelt f\u00fcr Ihr Auto zu mieten, anstatt es zu kaufen. Wenn Sie Hilfe beim Kauf eines Dachzelts ben\u00f6tigen, stehen Ihnen die Mitarbeiter unserer H\u00e4ndler gerne zur Verf\u00fcgung. Lassen Sie sich von uns durch unser zus\u00e4tzliches Angebot f\u00fchren, um Ihre Reise so komplett wie m\u00f6glich zu gestalten und nichts zu vergessen.<\/p>\n<h2><strong>Entscheiden Sie sich beim Kauf eines Pkw-Dachzelts f\u00fcr Koala Creek <\/strong><\/h2>\n<p>Mit unserer jahrelangen Erfahrung wissen wir genau, was wir Ihnen anbieten. Wir wollen nur, dass unsere Kunden mit der besten Qualit\u00e4t aus der T\u00fcr gehen (kompromisslos) und garantieren Unterst\u00fctzung im Falle von Problemen. Die von uns angebotenen Produkte sind so konzipiert, dass sie Autoreisenden einen bequemen und sicheren Schlafplatz bieten. Es gibt nichts Sch\u00f6neres als eine wunderbare Reise, bei der man all die Sch\u00f6nheit genie\u00dfen kann, die die Welt uns zu bieten hat.<\/p>\n<p>Koala Creek ist eine Marke von TWISTIM. Die Produkte, die wir verkaufen, sind nur bei offiziellen Partnern erh\u00e4ltlich. Diese Dachzelte wurden Jahr f\u00fcr Jahr weiterentwickelt und wir werden dies auch in den kommenden Jahren tun, um unsere Kunden immer wieder \u00fcberraschen zu k\u00f6nnen. Sie k\u00f6nnen uns jederzeit <a href=\"\/de\/kontakt\/\">kontaktieren<\/a>, wenn Sie Fragen haben.<\/p>\n<p>[\/vc_column_text][\/vc_column][\/vc_row]<\/p>\n<\/div>","protected":false},"excerpt":{"rendered":"<p>[vc_row][vc_column][vc_empty_space][vc_masonry_grid post_type=&#8221;custom&#8221; gap=&#8221;10&#8243; item=&#8221;masonryMedia_Default&#8221; initial_loading_animation=&#8221;none&#8221; grid_id=&#8221;vc_gid:1706609116094-2a456656-adac-6&#8243; custom_query=&#8221;post_type=stm_portfolio&amp;posts_per_page=-1&amp;stm_portfolio_category=daktent-op-personenauto&#8221;][vc_btn title=&#8221;Unsere Produkte&#8221; color=&#8221;danger&#8221; link=&#8221;url:%2Fde%2Fprodukte%2F|title:Produkte&#8221;][vc_empty_space][\/vc_column][\/vc_row][vc_row][vc_column][vc_column_text] Dachzelt PKW Wir leben in einer Welt, in der wir immer mehr unterwegs sein m\u00fcssen. Deshalb ist es eine logische Entwicklung, dass das Dachzelt f\u00fcr Autos immer beliebter wird. Wer m\u00f6chte nicht die freie Natur genie\u00dfen und sich v\u00f6llig entspannen. Wir von Koala Creek<\/p>\n","protected":false},"author":5,"featured_media":0,"parent":5904,"menu_order":2,"comment_status":"closed","ping_status":"closed","template":"","meta":{"footnotes":""},"_links":{"self":[{"href":"https:\/\/www.koalacreek.info\/de\/wp-json\/wp\/v2\/pages\/5916"}],"collection":[{"href":"https:\/\/www.koalacreek.info\/de\/wp-json\/wp\/v2\/pages"}],"about":[{"href":"https:\/\/www.koalacreek.info\/de\/wp-json\/wp\/v2\/types\/page"}],"author":[{"embeddable":true,"href":"https:\/\/www.koalacreek.info\/de\/wp-json\/wp\/v2\/users\/5"}],"replies":[{"embeddable":true,"href":"https:\/\/www.koalacreek.info\/de\/wp-json\/wp\/v2\/comments?post=5916"}],"version-history":[{"count":8,"href":"https:\/\/www.koalacreek.info\/de\/wp-json\/wp\/v2\/pages\/5916\/revisions"}],"predecessor-version":[{"id":8676,"href":"https:\/\/www.koalacreek.info\/de\/wp-json\/wp\/v2\/pages\/5916\/revisions\/8676"}],"up":[{"embeddable":true,"href":"https:\/\/www.koalacreek.info\/de\/wp-json\/wp\/v2\/pages\/5904"}],"wp:attachment":[{"href":"https:\/\/www.koalacreek.info\/de\/wp-json\/wp\/v2\/media?parent=5916"}],"curies":[{"name":"wp","href":"https:\/\/api.w.org\/{rel}","templated":true}]}}