{"id":5906,"date":"2021-06-23T08:09:27","date_gmt":"2021-06-23T08:09:27","guid":{"rendered":"https:\/\/www.koalacreek.info\/schau-unsere-dachzelte-auf-fahrzeugen-an\/dachzelte-auf-4x4-und-suv\/"},"modified":"2024-01-31T11:57:04","modified_gmt":"2024-01-31T10:57:04","slug":"dachzelte-auf-4x4-und-suv","status":"publish","type":"page","link":"https:\/\/www.koalacreek.info\/de\/schau-unsere-dachzelte-auf-fahrzeugen-an\/dachzelte-auf-4x4-und-suv\/","title":{"rendered":"Dachzelte auf 4&#215;4 und SUV"},"content":{"rendered":"<div class=\"wpb-content-wrapper\"><p>[vc_row][vc_column][vc_empty_space][vc_masonry_grid post_type=&#8221;custom&#8221; gap=&#8221;10&#8243; item=&#8221;masonryMedia_Default&#8221; initial_loading_animation=&#8221;none&#8221; grid_id=&#8221;vc_gid:1706607256860-a9ddf762-da64-1&#8243; custom_query=&#8221;post_type=stm_portfolio&amp;posts_per_page=-1&amp;stm_portfolio_category=daktent-op-4&#215;4-en-suv&#8221;][vc_btn title=&#8221;Unsere Produkte&#8221; color=&#8221;danger&#8221; link=&#8221;url:%2Fde%2Fprodukte%2F|title:Produkte&#8221;][vc_empty_space][\/vc_column][\/vc_row][vc_row][vc_column][vc_column_text]<\/p>\n<h1><strong>DACHZELT SUV<\/strong><\/h1>\n<p>Sie m\u00f6chten einen Urlaub voller Abenteuer? Dann ist ein Dachzelt f\u00fcr SUV Auto genau dass was die brauchen. Sie sind nicht an einen Ort gebunden, da Sie es w\u00e4hrend Ihres Autourlaubs jederzeit schnell aufklappen und losfahren k\u00f6nnen. M\u00f6chten Sie sich das Angebot von Koala Creek weiter anschauen? Dann lesen Sie schnell weiter oder besuchen Sie die Koala Creek\u00ae Webseite.<\/p>\n<h2><strong>Arten von Dachzelten bei Koala Creek\u00ae<\/strong><\/h2>\n<p>Nicht jeder hat das gleiche Auto und nicht jeder hat die gleichen Schlafbed\u00fcrfnisse. Deshalb haben wir Dachzelte f\u00fcr 4&#215;4-SUV in verschiedenen Formen und Gr\u00f6\u00dfen. W\u00e4hlen Sie zum Beispiel ein Koala Creek\u00ae Dachzelt, das 140 Zentimeter breit, 160 Zentimeter breit oder sogar 190 Zentimeter breit ist. Die kleinste Variante ist f\u00fcr 2 Personen geeignet, das 160-Zentimeter-Zelt f\u00fcr 2 bis 3 Personen und das gr\u00f6\u00dfte\u00a0 Dachzelt von 190 Zentimetern f\u00fcr 2 bis 4 Personen. So k\u00f6nnen Sie problemlos mit der ganzen Familie in einem der Zelte \u00fcbernachten. Alle Modelle haben eine (sehr gute Matratzen) L\u00e4nge von 240 Zentimetern und bieten damit kleinen und gro\u00dfen Campern einen bequemen Platz. Sie k\u00f6nnen auch zwischen verschiedenen Zelttypen w\u00e4hlen, wie dem <a href=\"\/de\/schau-dir-unsere-dachzeltmodelle-an\/dachzelt-eiger\/\">Eiger<\/a>, dem <a href=\"\/de\/schau-dir-unsere-dachzeltmodelle-an\/dachzelt-teide\/\">Teide<\/a> , dem <a href=\"\/de\/schau-dir-unsere-dachzeltmodelle-an\/dachzelt-overlander\/\">Overlander<\/a> und dass letzte neue Gr\u00fcne <a href=\"\/de\/gruenes-koala-creek-teide-160l-v2-wanderlust-dachzelt-mit-bodenzelt\/\">Wanderlust<\/a> mit Bodenzelt!<\/p>\n<h2><strong>Darum brauchen Sie einen Dachzelt f\u00fcr SUV<\/strong><\/h2>\n<p>Es wird viele Momente geben bei denen ein Dachzelt w\u00e4hrend Ihres Urlaubs n\u00fctzlich sein kann. Da wir von Koala Creek\u00ae \u00fcber viele Campingerfahrung verf\u00fcgen, sind wir davon \u00fcberzeugt, dass auch Sie von einem der Zelte aus unserem Sortiment profitieren k\u00f6nnen.<\/p>\n<p>Zum Beispiel: ein Dachzelt f\u00fcr SUV ben\u00f6tigt nicht viel Platz. Schlie\u00dflich befindet sich das Zelt auf dem Dach Ihres SUV. Wenn Sie also nicht in der N\u00e4he eines gro\u00dfen Campingplatzes sind, bietet Ihnen ein Dachzelt immer einen sicheren Schlafplatz. Ein SUV Dachzelt bietet aber noch mehr M\u00f6glichkeiten. Sie k\u00f6nnen den Raum unter dem Zelt zum Beispiel als Stauraum oder Sitzplatz nutzen. Die M\u00f6glichkeiten finden Sie auf unseren Website.<\/p>\n<p>Wie bereits erw\u00e4hnt, k\u00f6nnen Sie das Dachzelt f\u00fcr SUV \u00fcberall einsetzen, wo Sie wollen. Die Dachzelte von Koala Creek sind auch sehr praktisch zum Mitnehmen. Sie brauchen zum Beispiel keinen Platz in Ihrem Auto reservieren oder komplizierten Konstruktionen auf Ihrem Dach verwenden. Das Einzige wass Sie brauchen ist einen Dachtr\u00e4ger. Unsere Systeme lassen sich einfach auf dem Dach Ihres Autos montieren. Klappen Sie das Dachzelt aus, und Ihr Schlafplatz ist schon aufgebaut! Ein Dachzelt kann also sehr praktisch sein, wenn Sie auf Ihr Auto angewiesen sind, zum Beispiel bei einem Roadtrip. Wichtig: Achten Sie darauf, dass die Masse des Dachtr\u00e4gersets und das gew\u00e4hlte Dachzelt kleiner sind als die maximale Dachlast Ihres Autos. Beim Schlafen auf dem Dach darf die zul\u00e4ssige Masse auf dem Dach in der Regel 5-6 mal h\u00f6her sein als beim Fahren (dynamische Last).<\/p>\n<h2><strong>Heute noch im Urlaub fahren? <\/strong><\/h2>\n<p>Koala Creek bietet f\u00fcr jeden Fahrzeugtyp das passende Dachzelt. Egal, ob Sie mit Ihrem PKW, 4&#215;4, SUV oder Ihrem Van in den Urlaub fahren, es gibt immer ein geeignetes Dachzelt f\u00fcr Sie. Sie k\u00f6nnen das Dachzelt sogar auf einem Anh\u00e4nger montieren! Koala Creek bietet noch <a href=\"\/de\/produkte\/\">weitere Artikel<\/a>, die Ihre Reise complett machen und Ihnen den n\u00f6tigen Komfort bieten. Vielleicht brauchen Sie einem praktischen Aufbewahrungsnetz f\u00fcr all Ihre Sachen? So haben alles griffbereit in Ihrem Dachzelt und haben Sie nog immer reichlich Platz. Dabei empfehlen wir auch unsere Sonnend\u00e4cher. Sie sind \u00e4u\u00dferst praktisch, wenn Sie Schutz vor Regen ben\u00f6tigen oder im Schatten sitzen m\u00f6chten, wenn die Sonne hell am Himmel scheint. Sind Sie interessiert und haben sie lust auf einem Abenteuer? Dann besuchen Sie einen <a href=\"\/de\/haendler\/\">unserer H\u00e4ndler<\/a>. Sie finden uns in ganz Europa, sodass Sie Ihre Campingausr\u00fcstung auch im Urlaub erwerben k\u00f6nnen.[\/vc_column_text][\/vc_column][\/vc_row]<\/p>\n<\/div>","protected":false},"excerpt":{"rendered":"<p>[vc_row][vc_column][vc_empty_space][vc_masonry_grid post_type=&#8221;custom&#8221; gap=&#8221;10&#8243; item=&#8221;masonryMedia_Default&#8221; initial_loading_animation=&#8221;none&#8221; grid_id=&#8221;vc_gid:1706607256860-a9ddf762-da64-1&#8243; custom_query=&#8221;post_type=stm_portfolio&amp;posts_per_page=-1&amp;stm_portfolio_category=daktent-op-4&#215;4-en-suv&#8221;][vc_btn title=&#8221;Unsere Produkte&#8221; color=&#8221;danger&#8221; link=&#8221;url:%2Fde%2Fprodukte%2F|title:Produkte&#8221;][vc_empty_space][\/vc_column][\/vc_row][vc_row][vc_column][vc_column_text] DACHZELT SUV Sie m\u00f6chten einen Urlaub voller Abenteuer? Dann ist ein Dachzelt f\u00fcr SUV Auto genau dass was die brauchen. Sie sind nicht an einen Ort gebunden, da Sie es w\u00e4hrend Ihres Autourlaubs jederzeit schnell aufklappen und losfahren k\u00f6nnen. M\u00f6chten Sie sich das Angebot<\/p>\n","protected":false},"author":5,"featured_media":0,"parent":5904,"menu_order":2,"comment_status":"closed","ping_status":"closed","template":"","meta":{"footnotes":""},"_links":{"self":[{"href":"https:\/\/www.koalacreek.info\/de\/wp-json\/wp\/v2\/pages\/5906"}],"collection":[{"href":"https:\/\/www.koalacreek.info\/de\/wp-json\/wp\/v2\/pages"}],"about":[{"href":"https:\/\/www.koalacreek.info\/de\/wp-json\/wp\/v2\/types\/page"}],"author":[{"embeddable":true,"href":"https:\/\/www.koalacreek.info\/de\/wp-json\/wp\/v2\/users\/5"}],"replies":[{"embeddable":true,"href":"https:\/\/www.koalacreek.info\/de\/wp-json\/wp\/v2\/comments?post=5906"}],"version-history":[{"count":5,"href":"https:\/\/www.koalacreek.info\/de\/wp-json\/wp\/v2\/pages\/5906\/revisions"}],"predecessor-version":[{"id":8667,"href":"https:\/\/www.koalacreek.info\/de\/wp-json\/wp\/v2\/pages\/5906\/revisions\/8667"}],"up":[{"embeddable":true,"href":"https:\/\/www.koalacreek.info\/de\/wp-json\/wp\/v2\/pages\/5904"}],"wp:attachment":[{"href":"https:\/\/www.koalacreek.info\/de\/wp-json\/wp\/v2\/media?parent=5906"}],"curies":[{"name":"wp","href":"https:\/\/api.w.org\/{rel}","templated":true}]}}