{"id":5893,"date":"2021-06-23T07:54:58","date_gmt":"2021-06-23T07:54:58","guid":{"rendered":"https:\/\/www.koalacreek.info\/home\/"},"modified":"2025-06-22T13:30:05","modified_gmt":"2025-06-22T11:30:05","slug":"home","status":"publish","type":"page","link":"https:\/\/www.koalacreek.info\/de\/","title":{"rendered":"Home"},"content":{"rendered":"<div class=\"wpb-content-wrapper\"><p>[vc_row full_width=&#8221;stretch_row&#8221; equal_height=&#8221;yes&#8221; content_placement=&#8221;middle&#8221; parallax=&#8221;content-moving-fade&#8221; parallax_image=&#8221;4195&#8243;][vc_column width=&#8221;3\/5&#8243;][stm_spacing lg_spacing=&#8221;500&#8243; md_spacing=&#8221;500&#8243; sm_spacing=&#8221;0&#8243; xs_spacing=&#8221;0&#8243;][\/vc_column][vc_column width=&#8221;2\/5&#8243; css=&#8221;.vc_custom_1618826085712{padding-top: 40px !important;padding-right: 40px !important;padding-bottom: 40px !important;padding-left: 40px !important;background-color: rgba(10,10,10,0.41) !important;*background-color: rgb(10,10,10) !important;}&#8221;][vc_column_text el_class=&#8221;usp&#8221;]<span style=\"color: #ffffff;\"><br \/>\n<i class=\"fas fa-check\" style=\"color: #ff9900;\"><\/i> Erleben Sie das ultimative Camping-Abenteuer mit unseren Koala Creek\u00ae-Dachzelten<\/span><br \/>\n<span style=\"color: #ffffff;\"><br \/>\n<i class=\"fas fa-check\" style=\"color: #ff9900;\"><\/i> Schlafkomfort, Luxus &amp; Mobilit\u00e4t<\/span><br \/>\n<span style=\"color: #ffffff;\"><br \/>\n<i class=\"fas fa-check\" style=\"color: #ff9900;\"><\/i> Nur Erh\u00e4ltlich bei unseren Vertragsh\u00e4ndlern<\/span><br \/>\n<span style=\"color: #fff;\"><br \/>\n<i class=\"fas fa-check\" style=\"color: #ff9900;\"><\/i> Wir pflanzen 1 Baum pro verkauftem Dachzelt<\/span>[\/vc_column_text][\/vc_column][\/vc_row][vc_row full_width=&#8221;stretch_row&#8221; css=&#8221;.vc_custom_1541526651672{padding-top: 40px !important;padding-bottom: 40px !important;background-color: #2696da !important;}&#8221;][vc_column width=&#8221;1\/3&#8243;][vc_column_text]<\/p>\n<h4><span style=\"color: #ff9900;\"> Dein Schlafplatz ist immer in Reichweite.<br \/>\n<\/span><span style=\"color: #ffffff;\">Mit dem eigenen Auto in ein Abenteuer.<br \/>\nEgal, ob Du einen Pkw, einen Van, einen Gel\u00e4ndewagen, einen Lkw, einen Anh\u00e4nger oder ein anderes Transportmittel hast.<\/span><\/h4>\n<p>[\/vc_column_text][\/vc_column][vc_column width=&#8221;1\/3&#8243;][vc_column_text]<\/p>\n<h4><span style=\"color: #ff9900;\">Warum ein Koala Creek\u00ae Dachzelt?<\/span><br \/>\n<span style=\"color: #ffffff;\">KOMPROMISSLOS: Koala Creek\u00ae steht f\u00fcr Qualit\u00e4t, einfache Handhabung, viele durchdachte Details und ein absolut gutes Preis-Leistungs-Verh\u00e4ltnis.<br \/>\n<em>Come on and enjoy the club!<\/em><\/span><\/h4>\n<p>[\/vc_column_text][\/vc_column][vc_column width=&#8221;1\/3&#8243;][vc_column_text]<\/p>\n<h4><span style=\"color: #ff9900;\">Innerhalb von 5 Minuten zum Schlafen bereit<strong>!<\/strong><\/span><br \/>\n<span style=\"color: #ffffff;\">Auto ausrichten, ausklappen, fertig. Ein sch\u00f6ner langer Schlaf in der Dunkelheit KOALA CREEK \u00ae Dachzelt!<br \/>\nWas k\u00f6nnte der Camper mehr wollen?<\/span><\/h4>\n<p>[\/vc_column_text][\/vc_column][\/vc_row][vc_row][vc_column][vc_empty_space height=&#8221;50px&#8221;][\/vc_column][\/vc_row][vc_row][vc_column width=&#8221;1\/4&#8243;][vc_custom_heading text=&#8221;Dachzelte und Dachzelt Bodenzelte&#8221; font_container=&#8221;tag:h2|text_align:center&#8221; use_theme_fonts=&#8221;yes&#8221; link=&#8221;url:https%3A%2F%2Fwww.koalacreek.info%2Fde%2Fprodukte%2Fklappdachzelte%2F|&#8221;][vc_single_image image=&#8221;8604&#8243; img_size=&#8221;300&#215;300&#8243; style=&#8221;vc_box_shadow_3d&#8221; onclick=&#8221;custom_link&#8221; css_animation=&#8221;appear&#8221; link=&#8221;https:\/\/www.koalacreek.info\/de\/produkte\/klappdachzelte\/&#8221;][\/vc_column][vc_column width=&#8221;1\/4&#8243;][vc_custom_heading text=&#8221;Markisen und Markisen Zubeh\u00f6r&#8221; font_container=&#8221;tag:h2|text_align:center&#8221; use_theme_fonts=&#8221;yes&#8221; link=&#8221;url:https%3A%2F%2Fwww.koalacreek.info%2Fde%2Fprodukte%2Fmarkise%2F|&#8221;][vc_single_image image=&#8221;5981&#8243; img_size=&#8221;300&#215;300&#8243; style=&#8221;vc_box_shadow_3d&#8221; onclick=&#8221;custom_link&#8221; css_animation=&#8221;appear&#8221; link=&#8221;https:\/\/www.koalacreek.info\/de\/produkte\/markise\/&#8221;][\/vc_column][vc_column width=&#8221;1\/4&#8243;][vc_custom_heading text=&#8221;Dachzelt und Camping Zubeh\u00f6r&#8221; font_container=&#8221;tag:h2|text_align:center&#8221; use_theme_fonts=&#8221;yes&#8221; link=&#8221;url:https%3A%2F%2Fwww.koalacreek.info%2Fde%2Fprodukte%2Fdachzelt-zubehoer%2F|&#8221;][vc_single_image image=&#8221;6156&#8243; img_size=&#8221;300&#215;300&#8243; style=&#8221;vc_box_shadow_3d&#8221; onclick=&#8221;custom_link&#8221; css_animation=&#8221;appear&#8221; link=&#8221;https:\/\/www.koalacreek.info\/de\/produkte\/dachzelt-zubehoer\/&#8221;][\/vc_column][vc_column width=&#8221;1\/4&#8243;][vc_custom_heading text=&#8221;Ersatzteile f\u00fcr Dachzelte und Bodenzelte&#8221; font_container=&#8221;tag:h2|text_align:center&#8221; use_theme_fonts=&#8221;yes&#8221; link=&#8221;url:https%3A%2F%2Fwww.koalacreek.info%2Fde%2Fprodukte%2Fersatzteile%2F|&#8221;][vc_single_image image=&#8221;10077&#8243; img_size=&#8221;300&#215;300&#8243; style=&#8221;vc_box_shadow_3d&#8221; onclick=&#8221;custom_link&#8221; css_animation=&#8221;appear&#8221; link=&#8221;https:\/\/www.koalacreek.info\/de\/produkte\/ersatzteile\/&#8221;][\/vc_column][\/vc_row][vc_row][vc_column][vc_empty_space height=&#8221;50px&#8221;][\/vc_column][\/vc_row][vc_row el_class=&#8221;landingpag&#8221;][vc_column][vc_custom_heading text=&#8221;PASSION FOR ADVENTURE:  Koala Creek wird ohne Zugest\u00e4ndnisse, aus Leidenschaft, mit viel Liebe zum Detail und einer sehr hochwertigen Verarbeitung hergestellt!&#8221; font_container=&#8221;tag:h2|text_align:center|color:%23dd9933&#8243; use_theme_fonts=&#8221;yes&#8221;][vc_column_text]Ein Dachzelt f\u00fcr Ihr Auto ist die ultimative L\u00f6sung f\u00fcr Abenteuerreisende, die Freiheit und Komfort suchen. Koala Creek bietet eine gro\u00dfe Auswahl an Dachzelten, die perfekt zu den verschiedenen Fahrzeugmodellen und Campingbed\u00fcrfnissen passen.<\/p>\n<p>Die Vorteile eines Autos mit einem Dachzelt sind enorm. Sie k\u00f6nnen \u00fcberall auf der Welt \u00fcbernachten, ohne auf traditionelle Unterk\u00fcnfte angewiesen zu sein. Wenn Sie ein Dachzelt von Koala Creek kaufen, entscheiden Sie sich f\u00fcr Qualit\u00e4t, Komfort und Abenteuer. Dachzelte eignen sich f\u00fcr fast alle Automodelle, auch <span style=\"color: #3366ff;\"><a style=\"color: #3366ff;\" href=\"https:\/\/www.koalacreek.info\/de\/schau-unsere-dachzelte-auf-fahrzeugen-an\/dachzelte-auf-auflieger-und-anhaenger\/\" target=\"_blank\" rel=\"noopener\">f\u00fcr Anh\u00e4nger<\/a><\/span>, und lassen sich schnell montieren.<\/p>\n<p>Wenn Sie ein Dachzelt auf ein Auto montieren, erweitern Sie Ihre Reisem\u00f6glichkeiten. Egal, ob Sie ein kompaktes Stadtauto oder einen<span style=\"color: #3366ff;\"> <a style=\"color: #3366ff;\" href=\"https:\/\/www.koalacreek.info\/de\/schau-unsere-dachzelte-auf-fahrzeugen-an\/dachzelte-auf-4x4-und-suv\/\" target=\"_blank\" rel=\"noopener\">robusten SUV<\/a><\/span> haben, es gibt immer ein passendes Koala Creek Dachzelt. Der Kauf eines Autodachzelts ist einfach und die H\u00e4ndler stehen Ihnen mit fachkundiger Beratung zur Seite.<\/p>\n<p>Die Dachzelte sind auf maximalen Komfort und einfache Handhabung ausgelegt. Innerhalb weniger Minuten k\u00f6nnen Sie Ihren Schlafplatz einrichten, was ideal f\u00fcr Reisende ist, die sich schnell an den sch\u00f6nsten Orten niederlassen wollen. Ob Sie allein oder mit der Familie reisen, ein Dachzeltauto ist die perfekte L\u00f6sung f\u00fcr unvergessliche Campingabenteuer.<\/p>\n<p>M\u00f6chten Sie einen Dachzelt-Wagen kaufen? Koala Creek hat ein breites Angebot f\u00fcr alle Bed\u00fcrfnisse. Lassen <span style=\"color: #3366ff;\"><a style=\"color: #3366ff;\" href=\"https:\/\/www.koalacreek.info\/de\/haendler\/\" target=\"_blank\" rel=\"noopener\">Sie sich von einem der H\u00e4ndler<\/a><\/span> pers\u00f6nlich beraten und entdecken Sie die ultimative Freiheit des Campings mit einem Dachzelt.<\/p>\n<p>&nbsp;[\/vc_column_text][\/vc_column][\/vc_row]<\/p>\n<\/div>","protected":false},"excerpt":{"rendered":"<p>[vc_row full_width=&#8221;stretch_row&#8221; equal_height=&#8221;yes&#8221; content_placement=&#8221;middle&#8221; parallax=&#8221;content-moving-fade&#8221; parallax_image=&#8221;4195&#8243;][vc_column width=&#8221;3\/5&#8243;][stm_spacing lg_spacing=&#8221;500&#8243; md_spacing=&#8221;500&#8243; sm_spacing=&#8221;0&#8243; xs_spacing=&#8221;0&#8243;][\/vc_column][vc_column width=&#8221;2\/5&#8243; css=&#8221;.vc_custom_1618826085712{padding-top: 40px !important;padding-right: 40px !important;padding-bottom: 40px !important;padding-left: 40px !important;background-color: rgba(10,10,10,0.41) !important;*background-color: rgb(10,10,10) !important;}&#8221;][vc_column_text el_class=&#8221;usp&#8221;] Erleben Sie das ultimative Camping-Abenteuer mit unseren Koala Creek\u00ae-Dachzelten Schlafkomfort, Luxus &amp; Mobilit\u00e4t Nur Erh\u00e4ltlich bei unseren Vertragsh\u00e4ndlern Wir pflanzen 1 Baum pro verkauftem Dachzelt[\/vc_column_text][\/vc_column][\/vc_row][vc_row full_width=&#8221;stretch_row&#8221; css=&#8221;.vc_custom_1541526651672{padding-top: 40px !important;padding-bottom:<\/p>\n","protected":false},"author":2,"featured_media":0,"parent":0,"menu_order":1,"comment_status":"closed","ping_status":"closed","template":"","meta":{"footnotes":""},"_links":{"self":[{"href":"https:\/\/www.koalacreek.info\/de\/wp-json\/wp\/v2\/pages\/5893"}],"collection":[{"href":"https:\/\/www.koalacreek.info\/de\/wp-json\/wp\/v2\/pages"}],"about":[{"href":"https:\/\/www.koalacreek.info\/de\/wp-json\/wp\/v2\/types\/page"}],"author":[{"embeddable":true,"href":"https:\/\/www.koalacreek.info\/de\/wp-json\/wp\/v2\/users\/2"}],"replies":[{"embeddable":true,"href":"https:\/\/www.koalacreek.info\/de\/wp-json\/wp\/v2\/comments?post=5893"}],"version-history":[{"count":116,"href":"https:\/\/www.koalacreek.info\/de\/wp-json\/wp\/v2\/pages\/5893\/revisions"}],"predecessor-version":[{"id":10758,"href":"https:\/\/www.koalacreek.info\/de\/wp-json\/wp\/v2\/pages\/5893\/revisions\/10758"}],"wp:attachment":[{"href":"https:\/\/www.koalacreek.info\/de\/wp-json\/wp\/v2\/media?parent=5893"}],"curies":[{"name":"wp","href":"https:\/\/api.w.org\/{rel}","templated":true}]}}