{"id":10648,"date":"2025-05-11T10:29:32","date_gmt":"2025-05-11T08:29:32","guid":{"rendered":"https:\/\/www.koalacreek.info\/?page_id=10648"},"modified":"2025-05-11T10:36:33","modified_gmt":"2025-05-11T08:36:33","slug":"koala-creek-level-it-komplettes-nivellierset","status":"publish","type":"page","link":"https:\/\/www.koalacreek.info\/de\/koala-creek-level-it-komplettes-nivellierset\/","title":{"rendered":"KOALA CREEK\u00ae LEVEL-IT komplettes Nivellierset"},"content":{"rendered":"<div class=\"wpb-content-wrapper\"><p>[vc_row gap=&#8221;10&#8243; content_placement=&#8221;top&#8221;][vc_column width=&#8221;1\/2&#8243;][vc_images_carousel images=&#8221;10605,10607,10599,10597,10601,10603,10595&#8243; img_size=&#8221;500&#215;500&#8243; wrap=&#8221;yes&#8221;][\/vc_column][vc_column width=&#8221;1\/2&#8243;][vc_column_text]KOALA CREEK\u00ae LEVEL-IT Komplettset mit 2 Nivellierger\u00e4ten, 2 Unterlegkeilen und Wasserwaage in Tasche<\/p>\n<p><span style=\"font-size: 12pt;\"><i class=\"fas fa-check\" style=\"color: #ffa500;\"><\/i> 2 Nivellierer<br \/>\n<span style=\"font-size: 12pt;\"><i class=\"fas fa-check\" style=\"color: #ffa500;\"><\/i> 2 Unterlegkeile<br \/>\n<span style=\"font-size: 12pt;\"><i class=\"fas fa-check\" style=\"color: #ffa500;\"><\/i> 1 Zwei-Wege-Wasserwaage<br \/>\n<span style=\"font-size: 12pt;\"><i class=\"fas fa-check\" style=\"color: #ffa500;\"><\/i> 1 robuste Tasche, in die alles passt<br \/>\n<\/span><\/span><\/span><\/span>[\/vc_column_text][vc_row_inner equal_height=&#8221;yes&#8221; gap=&#8221;5&#8243;][vc_column_inner width=&#8221;1\/2&#8243;][vc_column_text]<span style=\"font-size: 14pt;\"><strong>Empfohlener Verkaufspreis (inkl. MwSt., exkl. Versandkosten)<\/strong><\/span><\/p>\n<p><span style=\"font-size: 18pt;\"><strong>\u20ac 49,-<\/strong><\/span>[\/vc_column_text][\/vc_column_inner][vc_column_inner width=&#8221;1\/2&#8243;][vc_btn title=&#8221;Suche deinen H\u00e4ndler&#8221; style=&#8221;classic&#8221; color=&#8221;juicy-pink&#8221; link=&#8221;url:https%3A%2F%2Fwww.koalacreek.info%2Fde%2Fhaendler%2F|target:_blank|&#8221;][\/vc_column_inner][\/vc_row_inner][\/vc_column][\/vc_row][vc_row][vc_column][vc_column_text][\/vc_column_text][\/vc_column][\/vc_row][vc_row][vc_column][vc_tta_tabs active_section=&#8221;1&#8243;][vc_tta_section title=&#8221;Beschreibung&#8221; tab_id=&#8221;1543671476182-8cf7c1ef-6ab5&#8243;][vc_column_text]<\/p>\n<h2><span style=\"color: #ff6600; font-size: 18pt;\"><em><strong><span style=\"font-size: 18pt;\"><span style=\"color: #ff6600;\">Koala Creek\u00ae <\/span><\/span>YOUR ADVENTURE STARTS HERE!<br \/>\n<\/strong><\/em><\/span><\/h2>\n<h2><strong>KOALA CREEK\u00ae LEVEL-IT Komplettset mit 2 Nivellierger\u00e4ten, 2 Abstandshaltern und Wasserwaage in Tasche<\/strong><\/h2>\n<p>Artikel-Nummer: R200:KCLS<\/p>\n<p>&nbsp;<\/p>\n<p>Sie kommen auf Ihrem Campingplatz an, aber nat\u00fcrlich ist er nie eben. Schon gar nicht, wenn Sie netzunabh\u00e4ngig (wild) campen.<\/p>\n<p><span style=\"font-size: 14pt;\"><strong>Dann ist dies das Allererste, was Sie brauchen!<\/strong><\/span><br \/>\nStellen Sie Ihren Schlafplatz auf (Dachzelt &#8211; Wohnwagen &#8211; Wohnmobil &#8211; Anh\u00e4nger). Fahren Sie dann 30 cm nach vorne und stellen Sie die Koala Creek\u00ae Nivellier-IT hinter das Vorderrad. Lassen Sie jemanden auf die montierte Wasserwaage schauen. Bewegen Sie Ihren Schlafplatz und fahren Sie auf der Nivell-IT, bis Ihr Schlafplatz in 2 Richtungen eben ist. Legen Sie den Unterlegkeil auf die Nivell-IT oder vor einen anderen Reifen.<br \/>\nUnd schon haben Sie einen sch\u00f6nen horizontalen Schlafplatz. Genie\u00dfen Sie Ihren Schlaf!<\/p>\n<p><span style=\"font-size: 14pt;\"><strong>Einzigartiges, 6-teiliges Set mit allem Drum und Dran: stabiler Transportkoffer mit 2 Nivellierger\u00e4ten &#8211; 2 Unterlegkeilen und einer 2-Wege-Wasserwaage.<br \/>\n<\/strong><\/span>So genie\u00dfen Sie einen waagerechten Schlafplatz in Ihrem Dachzelt, Wohnmobil, Wohnwagen, Faltanh\u00e4nger.<br \/>\nAlles ist in einer stabilen Tragetasche untergebracht und kann nach dem Gebrauch (auch schmutzig) verstaut werden und h\u00e4lt Ihr Auto trotzdem sauber.<br \/>\nAlles, was Sie zum Nivellieren Ihres Autos, 4\u00d74, Wohnwagens, Anh\u00e4ngerzelts, Vans oder Wohnmobils brauchen, in einem Rutsch.<br \/>\nSie k\u00f6nnen die mitgelieferte 2-Wege-Wasserwaage auf einer horizontalen Ebene montieren!<br \/>\nKompakte und robuste Tragetasche, damit Ihr Auto sauber bleibt.<br \/>\nMaximale Belastung 2500 Kg pro Nivellierer!<\/p>\n<p><span style=\"font-size: 14pt;\"><strong>Diese Nivellierer sind breiter als die meisten anderen Modelle und k\u00f6nnen auch \u00fcbereinander verwendet werden.<br \/>\n<\/strong><\/span>1 Paar robuste \u00dcberladebr\u00fccken mit den Ma\u00dfen 43 x 19,5 cm und einer H\u00f6he von bis zu 8,5 cm.<br \/>\n1 Paar Unterlegkeile, die auf den mitgelieferten Nivellierlatten blockieren.<br \/>\nZwei-Wege-Wasserwaage, damit Sie in einem Zug nivelliert sind.<br \/>\nStabile, abwaschbare Tragetasche, in die alles hineinpasst.<\/p>\n<p>Nach dem Ankauf eines KOALA CREEK\u00ae Dachzelts, kannst du Mitglied werden vom <span style=\"font-size: 14pt;\"><strong><a href=\"https:\/\/www.facebook.com\/groups\/344757855871620\" target=\"_blank\" rel=\"noopener\">Koala Creek Owners Club<\/a><\/strong><\/span> auf Facebook,<br \/>\ndamit du informiert bleibst von allen neuen Entwicklungen, Campingswochenenden und mehr.[\/vc_column_text][\/vc_tta_section][\/vc_tta_tabs][\/vc_column][\/vc_row]<\/p>\n<\/div>","protected":false},"excerpt":{"rendered":"<p>[vc_row gap=&#8221;10&#8243; content_placement=&#8221;top&#8221;][vc_column width=&#8221;1\/2&#8243;][vc_images_carousel images=&#8221;10605,10607,10599,10597,10601,10603,10595&#8243; img_size=&#8221;500&#215;500&#8243; wrap=&#8221;yes&#8221;][\/vc_column][vc_column width=&#8221;1\/2&#8243;][vc_column_text]KOALA CREEK\u00ae LEVEL-IT Komplettset mit 2 Nivellierger\u00e4ten, 2 Unterlegkeilen und Wasserwaage in Tasche 2 Nivellierer 2 Unterlegkeile 1 Zwei-Wege-Wasserwaage 1 robuste Tasche, in die alles passt [\/vc_column_text][vc_row_inner equal_height=&#8221;yes&#8221; gap=&#8221;5&#8243;][vc_column_inner width=&#8221;1\/2&#8243;][vc_column_text]Empfohlener Verkaufspreis (inkl. MwSt., exkl. Versandkosten) \u20ac 49,-[\/vc_column_text][\/vc_column_inner][vc_column_inner width=&#8221;1\/2&#8243;][vc_btn title=&#8221;Suche deinen H\u00e4ndler&#8221; style=&#8221;classic&#8221; color=&#8221;juicy-pink&#8221; link=&#8221;url:https%3A%2F%2Fwww.koalacreek.info%2Fde%2Fhaendler%2F|target:_blank|&#8221;][\/vc_column_inner][\/vc_row_inner][\/vc_column][\/vc_row][vc_row][vc_column][vc_column_text][\/vc_column_text][\/vc_column][\/vc_row][vc_row][vc_column][vc_tta_tabs active_section=&#8221;1&#8243;][vc_tta_section title=&#8221;Beschreibung&#8221; tab_id=&#8221;1543671476182-8cf7c1ef-6ab5&#8243;][vc_column_text] Koala<\/p>\n","protected":false},"author":2,"featured_media":10605,"parent":0,"menu_order":2,"comment_status":"closed","ping_status":"closed","template":"","meta":{"footnotes":""},"_links":{"self":[{"href":"https:\/\/www.koalacreek.info\/de\/wp-json\/wp\/v2\/pages\/10648"}],"collection":[{"href":"https:\/\/www.koalacreek.info\/de\/wp-json\/wp\/v2\/pages"}],"about":[{"href":"https:\/\/www.koalacreek.info\/de\/wp-json\/wp\/v2\/types\/page"}],"author":[{"embeddable":true,"href":"https:\/\/www.koalacreek.info\/de\/wp-json\/wp\/v2\/users\/2"}],"replies":[{"embeddable":true,"href":"https:\/\/www.koalacreek.info\/de\/wp-json\/wp\/v2\/comments?post=10648"}],"version-history":[{"count":2,"href":"https:\/\/www.koalacreek.info\/de\/wp-json\/wp\/v2\/pages\/10648\/revisions"}],"predecessor-version":[{"id":10651,"href":"https:\/\/www.koalacreek.info\/de\/wp-json\/wp\/v2\/pages\/10648\/revisions\/10651"}],"wp:featuredmedia":[{"embeddable":true,"href":"https:\/\/www.koalacreek.info\/de\/wp-json\/wp\/v2\/media\/10605"}],"wp:attachment":[{"href":"https:\/\/www.koalacreek.info\/de\/wp-json\/wp\/v2\/media?parent=10648"}],"curies":[{"name":"wp","href":"https:\/\/api.w.org\/{rel}","templated":true}]}}