{"id":10644,"date":"2025-05-11T10:14:35","date_gmt":"2025-05-11T08:14:35","guid":{"rendered":"https:\/\/www.koalacreek.info\/?page_id=10644"},"modified":"2025-05-11T10:17:41","modified_gmt":"2025-05-11T08:17:41","slug":"koala-creek-freedom-400-dachzelt-einziehbare-markise-seitenwand-dunkelgrau","status":"publish","type":"page","link":"https:\/\/www.koalacreek.info\/de\/koala-creek-freedom-400-dachzelt-einziehbare-markise-seitenwand-dunkelgrau\/","title":{"rendered":"KOALA CREEK FREEDOM 400 Dachzelt einziehbare Markise &#8211; Seitenwand dunkelgrau"},"content":{"rendered":"<div class=\"wpb-content-wrapper\"><p>[vc_row gap=&#8221;10&#8243; content_placement=&#8221;top&#8221;][vc_column width=&#8221;1\/2&#8243;][vc_images_carousel images=&#8221;10529,10527,10523,10521,10533,10535,10539,10541,10543&#8243; img_size=&#8221;500&#215;500&#8243; wrap=&#8221;yes&#8221;][\/vc_column][vc_column width=&#8221;1\/2&#8243;][vc_column_text]<\/p>\n<h2>KOALA CREEK FREEDOM 400 Dachzelt einziehbare Markise &#8211; Seitenwand dunkelgrau 400\u00d7220 cm.<\/h2>\n<p><span style=\"font-size: 12pt;\"><i class=\"fas fa-check\" style=\"color: #ffa500;\"><\/i> Einzigartiges Produkt.<br \/>\n<span style=\"font-size: 12pt;\"><i class=\"fas fa-check\" style=\"color: #ffa500;\"><\/i> Vordach mit Seitenwand.<br \/>\n<span style=\"font-size: 12pt;\"><i class=\"fas fa-check\" style=\"color: #ffa500;\"><\/i> Ausgestattet mit 7 mm Einsteckstange<br \/>\n<span style=\"font-size: 12pt;\"><i class=\"fas fa-check\" style=\"color: #ffa500;\"><\/i> Mit zus\u00e4tzlichem Stangenset, doppelte Markisenfl\u00e4che.<br \/>\n<span style=\"font-size: 12pt;\"><i class=\"fas fa-check\" style=\"color: #ffa500;\"><\/i> Passt auf alles, was eine Sehnennut hat, wie zum Beispiel unsere Hardcover-Dachzelte.<\/span><\/span><\/span><\/span>[\/vc_column_text][vc_row_inner equal_height=&#8221;yes&#8221; gap=&#8221;5&#8243;][vc_column_inner width=&#8221;1\/2&#8243;][vc_column_text]<span style=\"font-size: 14pt;\"><strong>Empfohlener Verkaufspreis (inkl. MwSt., exkl. Versandkosten)<\/strong><\/span><\/span><\/p>\n<p><span style=\"font-size: 18pt;\"><strong>\u20ac 249,-<\/strong><\/span>[\/vc_column_text][\/vc_column_inner][vc_column_inner width=&#8221;1\/2&#8243;][vc_btn title=&#8221;Suche deinen H\u00e4ndler&#8221; style=&#8221;classic&#8221; color=&#8221;juicy-pink&#8221; link=&#8221;url:https%3A%2F%2Fwww.koalacreek.info%2Fde%2Fhaendler%2F|target:_blank|&#8221;][\/vc_column_inner][\/vc_row_inner][\/vc_column][\/vc_row][vc_row][vc_column][vc_tta_tabs active_section=&#8221;1&#8243;][vc_tta_section title=&#8221;Beschreibung&#8221; tab_id=&#8221;1543671476182-8cf7c1ef-6ab5&#8243;][vc_column_text]<\/p>\n<h2><span style=\"color: #ff6600; font-size: 18pt;\"><em><strong><span style=\"font-size: 18pt;\"><span style=\"color: #ff6600;\">Koala Creek\u00ae <\/span><\/span>YOUR ADVENTURE STARTS HERE!<br \/>\n<\/strong><\/em><\/span><\/h2>\n<h2>KOALA CREEK FREEDOM 400 Dachzelt einziehbare Markise &#8211; Seitenwand dunkelgrau 400\u00d7220 cm.<\/h2>\n<p>Artikel Nummer: R61:KCLU400<\/p>\n<h3><span style=\"font-size: 12pt;\"><strong><u>Passt in jede Rille!<\/u><\/strong><\/span><\/h3>\n<p>Ein weiteres praktisches KOALA CREEK\u00ae-Produkt. Zur Verwendung als Vordach mit Seitenwand an einem Hardcover-Dachzelt. Aus robustem, dunkelgrauem RipStop-Polycotton-Canvas (technische Baumwolle), 300 g\/m2, Gr\u00f6\u00dfe ca. 400 x 220 cm.<\/p>\n<h3><span style=\"font-size: 12pt;\"><strong><u>Montage und Verwendung.<\/u><\/strong><\/span><\/h3>\n<p>Einfach mit dem oben montierten 400 cm langen Spannseil in eine Spannseilrille ziehen. Kann sofort als Seitenwand abgespannt werden. Mit einem zus\u00e4tzlichen Stangenset k\u00f6nnen Sie die Markisenfl\u00e4che verdoppeln. Sie verwenden dann 4 Stangen.<\/p>\n<h3><span style=\"font-size: 12pt;\"><strong><u>Universell<\/u><\/strong><\/span><\/h3>\n<p>Passt auch in jede andere 7-mm-Spanngliednut, z. B. an einem Wohnmobil oder Wohnwagen.<\/p>\n<h3><span style=\"font-size: 12pt;\"><strong><u>Weitere Informationen<\/u><\/strong><\/span><\/h3>\n<p>Geliefert als komplettes Set mit 2 Verl\u00e4ngerungsstangen, Sturmleinen, 24 cm langen Heringen und Gummib\u00e4ndern zur Bodenabspannung.<\/p>\n<p>Ein umfangreiches Sortiment an Koala Creek\u00ae <strong><span style=\"color: #ff9900;\"><a style=\"color: #ff9900;\" href=\"https:\/\/www.koalacreek.info\/de\/produkte\/markise\/\" target=\"_blank\" rel=\"noopener\">Markise<\/a><\/span><\/strong> ist lieferbar.<\/p>\n<p>Nach dem Ankauf eines KOALA CREEK\u00ae Dachzelts, kannst du Mitglied werden vom <span style=\"font-size: 14pt;\"><strong><a href=\"https:\/\/www.facebook.com\/groups\/344757855871620\" target=\"_blank\" rel=\"noopener\">Koala Creek Owners Club<\/a><\/strong><\/span> auf Facebook,<br \/>\ndamit du informiert bleibst von allen neuen Entwicklungen, Campingswochenenden und mehr.[\/vc_column_text][\/vc_tta_section][\/vc_tta_tabs][\/vc_column][\/vc_row]<\/p>\n<\/div>","protected":false},"excerpt":{"rendered":"<p>[vc_row gap=&#8221;10&#8243; content_placement=&#8221;top&#8221;][vc_column width=&#8221;1\/2&#8243;][vc_images_carousel images=&#8221;10529,10527,10523,10521,10533,10535,10539,10541,10543&#8243; img_size=&#8221;500&#215;500&#8243; wrap=&#8221;yes&#8221;][\/vc_column][vc_column width=&#8221;1\/2&#8243;][vc_column_text] KOALA CREEK FREEDOM 400 Dachzelt einziehbare Markise &#8211; Seitenwand dunkelgrau 400\u00d7220 cm. Einzigartiges Produkt. Vordach mit Seitenwand. Ausgestattet mit 7 mm Einsteckstange Mit zus\u00e4tzlichem Stangenset, doppelte Markisenfl\u00e4che. Passt auf alles, was eine Sehnennut hat, wie zum Beispiel unsere Hardcover-Dachzelte.[\/vc_column_text][vc_row_inner equal_height=&#8221;yes&#8221; gap=&#8221;5&#8243;][vc_column_inner width=&#8221;1\/2&#8243;][vc_column_text]Empfohlener Verkaufspreis (inkl. MwSt., exkl. Versandkosten)<\/p>\n","protected":false},"author":2,"featured_media":10529,"parent":0,"menu_order":2,"comment_status":"closed","ping_status":"closed","template":"","meta":{"footnotes":""},"_links":{"self":[{"href":"https:\/\/www.koalacreek.info\/de\/wp-json\/wp\/v2\/pages\/10644"}],"collection":[{"href":"https:\/\/www.koalacreek.info\/de\/wp-json\/wp\/v2\/pages"}],"about":[{"href":"https:\/\/www.koalacreek.info\/de\/wp-json\/wp\/v2\/types\/page"}],"author":[{"embeddable":true,"href":"https:\/\/www.koalacreek.info\/de\/wp-json\/wp\/v2\/users\/2"}],"replies":[{"embeddable":true,"href":"https:\/\/www.koalacreek.info\/de\/wp-json\/wp\/v2\/comments?post=10644"}],"version-history":[{"count":2,"href":"https:\/\/www.koalacreek.info\/de\/wp-json\/wp\/v2\/pages\/10644\/revisions"}],"predecessor-version":[{"id":10647,"href":"https:\/\/www.koalacreek.info\/de\/wp-json\/wp\/v2\/pages\/10644\/revisions\/10647"}],"wp:featuredmedia":[{"embeddable":true,"href":"https:\/\/www.koalacreek.info\/de\/wp-json\/wp\/v2\/media\/10529"}],"wp:attachment":[{"href":"https:\/\/www.koalacreek.info\/de\/wp-json\/wp\/v2\/media?parent=10644"}],"curies":[{"name":"wp","href":"https:\/\/api.w.org\/{rel}","templated":true}]}}